{"id":13317,"date":"2024-11-29T17:31:22","date_gmt":"2024-11-29T16:31:22","guid":{"rendered":"https:\/\/baxcompany.com\/?page_id=13317"},"modified":"2026-03-09T15:36:44","modified_gmt":"2026-03-09T14:36:44","slug":"cookie-richtlinie-2","status":"publish","type":"page","link":"https:\/\/baxcompany.com\/de\/cookie-richtlinie-2\/","title":{"rendered":"Nutzungsbedingungen"},"content":{"rendered":"\t\t<div data-elementor-type=\"wp-page\" data-elementor-id=\"13317\" class=\"elementor elementor-13317 elementor-13314\" data-elementor-post-type=\"page\">\n\t\t\t\t<div class=\"elementor-element elementor-element-198e331b e-flex e-con-boxed e-con e-parent\" data-id=\"198e331b\" data-element_type=\"container\" data-e-type=\"container\">\n\t\t\t\t\t<div class=\"e-con-inner\">\n\t\t\t\t<div data-dce-text-color=\"#062A32\" class=\"elementor-element elementor-element-289ffdc3 elementor-widget elementor-widget-text-editor\" data-id=\"289ffdc3\" data-element_type=\"widget\" data-e-type=\"widget\" data-widget_type=\"text-editor.default\">\n\t\t\t\t<div class=\"elementor-widget-container\">\n\t\t\t\t\t\t\t\t\t<p>Nutzungsbedingungen<\/p>\n\t\t\t\t\t\t\t\t<\/div>\n\t\t\t\t<\/div>\n\t\t\t\t<div data-dce-text-color=\"#062A32\" class=\"elementor-element elementor-element-192e3b0 elementor-widget elementor-widget-text-editor\" data-id=\"192e3b0\" data-element_type=\"widget\" data-e-type=\"widget\" data-widget_type=\"text-editor.default\">\n\t\t\t\t<div class=\"elementor-widget-container\">\n\t\t\t\t\t\t\t\t\t<p>Bax Innovation Consulting SL und seine Tochtergesellschaften (&#8222;Bax&#8220; oder &#8222;wir&#8220;) stellen Inhalte auf ihren Websites oder Anwendungen bereit, die einen Link zu diesen Nutzungsbedingungen (der &#8222;Website&#8220;) ver\u00f6ffentlichen, vorbehaltlich der folgenden Gesch\u00e4ftsbedingungen (die &#8222;Bedingungen&#8220;). Wir k\u00f6nnen diese Bedingungen regelm\u00e4\u00dfig ohne vorherige Vorank\u00fcndigung aktualisieren, also schauen Sie bitte von Zeit zu Zeit wieder vorbei. Diese Bedingungen wurden zuletzt am 29. November 2024 aktualisiert. Durch den Zugriff auf und die Nutzung dieser Seite stimmen Sie diesen Bedingungen zu. Eine Erkl\u00e4rung zu Bax&#8216; Praktiken und Richtlinien bez\u00fcglich der Sammlung, Nutzung und Speicherung der Informationen unserer Nutzer finden Sie bitte in unserer Datenschutzrichtlinie.    <\/p>\n\t\t\t\t\t\t\t\t<\/div>\n\t\t\t\t<\/div>\n\t\t\t\t<div data-dce-text-color=\"#00B398\" class=\"elementor-element elementor-element-3b7477a2 elementor-widget elementor-widget-text-editor\" data-id=\"3b7477a2\" data-element_type=\"widget\" data-e-type=\"widget\" data-widget_type=\"text-editor.default\">\n\t\t\t\t<div class=\"elementor-widget-container\">\n\t\t\t\t\t\t\t\t\t<p><b>1) Urheberrechte<\/b><\/p>\n\t\t\t\t\t\t\t\t<\/div>\n\t\t\t\t<\/div>\n\t\t\t\t<div data-dce-text-color=\"#062A32\" class=\"elementor-element elementor-element-4e58ff4b elementor-widget elementor-widget-text-editor\" data-id=\"4e58ff4b\" data-element_type=\"widget\" data-e-type=\"widget\" data-widget_type=\"text-editor.default\">\n\t\t\t\t<div class=\"elementor-widget-container\">\n\t\t\t\t\t\t\t\t\t<p>Alle Inhalte und Funktionen auf der Website, einschlie\u00dflich Text, Grafiken, Logos, Icons, Bilder und Videos sowie deren Auswahl und Anordnung, sowie alle Konzepte, Know-hows, Werkzeuge, Frameworks, Software, Anwendungen oder andere Technologien, Algorithmen, Modelle, Prozesse und branchenspezifische Perspektiven, die dem Vorstehenden zugrundeliegen oder eingebettet sind, sowie etwaigen Verbesserungen oder abgeleiteten Werken (der &#8222;Site-Inhalt&#8220;),  ausschlie\u00dflich Eigentum von Bax oder seinen Lizenzgebern ist und, soweit zutreffend, durch internationale Urheberrechtsgesetze gesch\u00fctzt. Weder der Website-Inhalt noch die Funktionalit\u00e4t der Seite d\u00fcrfen kopiert, reproduziert, modifiziert, r\u00fcckentwickelt, ver\u00e4ndert (einschlie\u00dflich der Entfernung oder Deaktivierung von Sicherheits- oder technischen Schutzma\u00dfnahmen, Haftungsausschl\u00fcssen oder Legenden), hochgeladen, ver\u00f6ffentlicht, \u00fcbertragen oder in irgendeiner Weise ohne unsere schriftliche Erlaubnis verteilt werden, au\u00dfer f\u00fcr die in Abschnitt 3 \u2013 Verwendung von Website-Inhalten festgelegten Nutzungen. Alle nicht ausdr\u00fccklich gew\u00e4hrten Rechte sind vorbehalten.  <\/p>\n\t\t\t\t\t\t\t\t<\/div>\n\t\t\t\t<\/div>\n\t\t\t\t<div data-dce-text-color=\"#00B398\" class=\"elementor-element elementor-element-1f65521a elementor-widget elementor-widget-text-editor\" data-id=\"1f65521a\" data-element_type=\"widget\" data-e-type=\"widget\" data-widget_type=\"text-editor.default\">\n\t\t\t\t<div class=\"elementor-widget-container\">\n\t\t\t\t\t\t\t\t\t<p><b>2) Marken<\/b><\/p>\n\t\t\t\t\t\t\t\t<\/div>\n\t\t\t\t<\/div>\n\t\t\t\t<div data-dce-text-color=\"#062A32\" class=\"elementor-element elementor-element-f69c204 elementor-widget elementor-widget-text-editor\" data-id=\"f69c204\" data-element_type=\"widget\" data-e-type=\"widget\" data-widget_type=\"text-editor.default\">\n\t\t\t\t<div class=\"elementor-widget-container\">\n\t\t\t\t\t\t\t\t\t<p>Die Marke und das Logo von Bax sind eine eingetragene Marke, gesch\u00fctzt unter <a href=\"https:\/\/euipo.europa.eu\/eSearch\/#details\/trademarks\/019011805\">der EUIPO-Nummer 19011805<\/a>. Jede unautorisierte Nutzung der Marke oder des Bax-Logos ist strengstens verboten und kann rechtliche Schritte nach sich ziehen. <\/p>\n\t\t\t\t\t\t\t\t<\/div>\n\t\t\t\t<\/div>\n\t\t\t\t<div data-dce-text-color=\"#00B398\" class=\"elementor-element elementor-element-37acadc8 elementor-widget elementor-widget-text-editor\" data-id=\"37acadc8\" data-element_type=\"widget\" data-e-type=\"widget\" data-widget_type=\"text-editor.default\">\n\t\t\t\t<div class=\"elementor-widget-container\">\n\t\t\t\t\t\t\t\t\t<p><b>3) Nutzung von Website-Inhalten<\/b><\/p>\n\t\t\t\t\t\t\t\t<\/div>\n\t\t\t\t<\/div>\n\t\t\t\t<div data-dce-text-color=\"#062A32\" class=\"elementor-element elementor-element-4f382a43 elementor-widget elementor-widget-text-editor\" data-id=\"4f382a43\" data-element_type=\"widget\" data-e-type=\"widget\" data-widget_type=\"text-editor.default\">\n\t\t\t\t<div class=\"elementor-widget-container\">\n\t\t\t\t\t\t\t\t\t<p>Bax gew\u00e4hrt Ihnen eine begrenzte, nicht-exklusive, nicht \u00fcbertragbare, widerrufliche Lizenz, um auf einem einzigen Ger\u00e4t eine Kopie des Website-Inhalts auf einem einzigen Ger\u00e4t ausschlie\u00dflich f\u00fcr Ihren internen gesch\u00e4ftlichen Gebrauch zuzugreifen, herunterzuladen, anzuzeigen und auszudrucken, vorausgesetzt, Sie ver\u00e4ndern den Website-Inhalt in keiner Weise (einschlie\u00dflich der Erstellung abgeleiteter Werke), behalten alle Urheberrechts- und Eigentumshinweise, die auf den Inhalten der Seite angezeigt werden.  und ansonsten diese Bedingungen einzuhalten. Sie d\u00fcrfen die Inhalte der Seite nicht reproduzieren, ver\u00e4ndern, r\u00fcckentwickeln, verbreiten, \u00fcbertragen, ver\u00f6ffentlichen oder offenlegen, ohne die vorherige schriftliche Zustimmung von Bax. Au\u00dferdem d\u00fcrfen Sie den Website-Inhalt oder einen Teil davon ohne Bax&#8216; ausdr\u00fcckliche schriftliche Zustimmung nicht &#8222;spiegeln&#8220;. Nichts auf dieser Seite gew\u00e4hrt direkt oder indirekt eine Lizenz oder ein Recht, irgendein geistiges Eigentum von Bax zu nutzen, au\u00dfer wie hier ausdr\u00fccklich festgelegt. Die in diesem Abschnitt erteilte Lizenz endet automatisch und sofort, wenn Sie diese Bedingungen nicht einhalten.    <\/p>\n\t\t\t\t\t\t\t\t<\/div>\n\t\t\t\t<\/div>\n\t\t\t\t<div data-dce-text-color=\"#00B398\" class=\"elementor-element elementor-element-6828a9a2 elementor-widget elementor-widget-text-editor\" data-id=\"6828a9a2\" data-element_type=\"widget\" data-e-type=\"widget\" data-widget_type=\"text-editor.default\">\n\t\t\t\t<div class=\"elementor-widget-container\">\n\t\t\t\t\t\t\t\t\t<p><b>4) Haftungsausschl\u00fcsse<\/b><\/p>\n\t\t\t\t\t\t\t\t<\/div>\n\t\t\t\t<\/div>\n\t\t\t\t<div data-dce-text-color=\"#062A32\" class=\"elementor-element elementor-element-6fa14f84 elementor-widget elementor-widget-text-editor\" data-id=\"6fa14f84\" data-element_type=\"widget\" data-e-type=\"widget\" data-widget_type=\"text-editor.default\">\n\t\t\t\t<div class=\"elementor-widget-container\">\n\t\t\t\t\t\t\t\t\t<p>Der Inhalt der Website wird &#8222;WIE IST&#8220; bereitgestellt, ohne jegliche Garantie, weder ausdr\u00fccklich noch stillschweigend, einschlie\u00dflich, aber nicht beschr\u00e4nkt auf stillschweigende Garantien f\u00fcr die Verkaufbarkeit oder Eignung f\u00fcr einen bestimmten Zweck. Bax und seine Drittanbieter \u00fcbernehmen keine Gew\u00e4hrleistungen hinsichtlich der Richtigkeit oder Angemessenheit des Inhalts der Website und haften nicht f\u00fcr Sch\u00e4den, die durch Ihre Nutzung der Seite oder der verlinkten Webseiten entstehen. <\/p>\n\t\t\t\t\t\t\t\t<\/div>\n\t\t\t\t<\/div>\n\t\t\t\t<div data-dce-text-color=\"#00B398\" class=\"elementor-element elementor-element-6f82dc99 elementor-widget elementor-widget-text-editor\" data-id=\"6f82dc99\" data-element_type=\"widget\" data-e-type=\"widget\" data-widget_type=\"text-editor.default\">\n\t\t\t\t<div class=\"elementor-widget-container\">\n\t\t\t\t\t\t\t\t\t<p><b>5) Entsch\u00e4digung<\/b><\/p>\n\t\t\t\t\t\t\t\t<\/div>\n\t\t\t\t<\/div>\n\t\t\t\t<div data-dce-text-color=\"#062A32\" class=\"elementor-element elementor-element-7e009a74 elementor-widget elementor-widget-text-editor\" data-id=\"7e009a74\" data-element_type=\"widget\" data-e-type=\"widget\" data-widget_type=\"text-editor.default\">\n\t\t\t\t<div class=\"elementor-widget-container\">\n\t\t\t\t\t\t\t\t\t<p>Sie erkl\u00e4ren sich bereit, Bax, seine verbundenen Unternehmen, Gesch\u00e4ftsf\u00fchrer, Direktoren, Mitarbeiter und Vertreter vor und gegen jegliche Anspr\u00fcche, Haftungen, Sch\u00e4den, Verluste oder Ausgaben zu entsch\u00e4digen und unsch\u00e4dlich zu halten, die sich aus Ihrer Nutzung der Website oder einem Versto\u00df gegen diese Bedingungen ergeben. Bax beh\u00e4lt sich das Recht vor, die ausschlie\u00dfliche Verteidigung jeder Angelegenheit zu \u00fcbernehmen, die von Ihnen entsch\u00e4digt werden kann. <\/p>\n\t\t\t\t\t\t\t\t<\/div>\n\t\t\t\t<\/div>\n\t\t\t\t<div data-dce-text-color=\"#00B398\" class=\"elementor-element elementor-element-3b1a78c6 elementor-widget elementor-widget-text-editor\" data-id=\"3b1a78c6\" data-element_type=\"widget\" data-e-type=\"widget\" data-widget_type=\"text-editor.default\">\n\t\t\t\t<div class=\"elementor-widget-container\">\n\t\t\t\t\t\t\t\t\t<p><b>6) <\/b><span style=\"text-align: var(--text-align);\"><b>Drittanbieter-Websites &amp; Anbieter<\/b><\/span><\/p>\n\t\t\t\t\t\t\t\t<\/div>\n\t\t\t\t<\/div>\n\t\t\t\t<div data-dce-text-color=\"#062A32\" class=\"elementor-element elementor-element-900c103 elementor-widget elementor-widget-text-editor\" data-id=\"900c103\" data-element_type=\"widget\" data-e-type=\"widget\" data-widget_type=\"text-editor.default\">\n\t\t\t\t<div class=\"elementor-widget-container\">\n\t\t\t\t\t\t\t\t\t<p>Die Seite kann Links zu Drittanbieter-Websites oder Inhalte von Dritten enthalten. Bax \u00fcbernimmt keine Verantwortung f\u00fcr solche Inhalte oder Websites, die durch ihre eigenen Bedingungen und Datenschutzrichtlinien geregelt sind. <\/p>\n\t\t\t\t\t\t\t\t<\/div>\n\t\t\t\t<\/div>\n\t\t\t\t<div data-dce-text-color=\"#00B398\" class=\"elementor-element elementor-element-8d7bc7c elementor-widget elementor-widget-text-editor\" data-id=\"8d7bc7c\" data-element_type=\"widget\" data-e-type=\"widget\" data-widget_type=\"text-editor.default\">\n\t\t\t\t<div class=\"elementor-widget-container\">\n\t\t\t\t\t\t\t\t\t<p><b>Weitere Informationen<\/b><\/p>\n\t\t\t\t\t\t\t\t<\/div>\n\t\t\t\t<\/div>\n\t\t\t\t<div data-dce-text-color=\"#062A32\" class=\"elementor-element elementor-element-1a0e1c16 elementor-widget elementor-widget-text-editor\" data-id=\"1a0e1c16\" data-element_type=\"widget\" data-e-type=\"widget\" data-widget_type=\"text-editor.default\">\n\t\t\t\t<div class=\"elementor-widget-container\">\n\t\t\t\t\t\t\t\t\t<div class=\"mk-page-section-wrapper\" data-mk-full-width=\"true\" data-mk-full-width-init=\"true\" data-mk-stretch-content=\"true\">\n<div id=\"page-section-2\" class=\"mk-page-section self-hosted full_layout full-width-2 js-el js-master-row jupiter-donut- mk-in-viewport\" data-intro-effect=\"false\">\n<div class=\"page-section-content vc_row-fluid mk-grid \">\n<div class=\"mk-padding-wrapper wpb_row\">\n<div class=\"vc_col-sm-12 wpb_column column_container jupiter-donut- _ jupiter-donut-height-full\">\n<div id=\"text-block-5\" class=\"mk-text-block jupiter-donut- \">\n<p>F\u00fcr weitere Informationen schreiben Sie uns bitte per E-Mail an <a href=\"mailto:contact@baxcompany.com\"><strong>contact@baxcompany.com<\/strong><\/a><\/p>\n<div class=\"clearboth\"> <\/div>\n<\/div>\n<\/div>\n<\/div>\n<div class=\"clearboth\"> <\/div>\n<\/div>\n<div class=\"clearboth\"> <\/div>\n<\/div>\n<\/div>\n<div class=\"vc_row-full-width vc_clearfix\"> <\/div>\n<div class=\"wpb_row vc_row vc_row-fluid jupiter-donut- mk-fullwidth-false attched-false js-master-row mk-grid mk-in-viewport\" data-mk-stretch-content=\"true\"> <\/div>\n\t\t\t\t\t\t\t\t<\/div>\n\t\t\t\t<\/div>\n\t\t\t\t\t<\/div>\n\t\t\t\t<\/div>\n\t\t\t\t<\/div>\n\t\t","protected":false},"excerpt":{"rendered":"<p>Nutzungsbedingungen Bax Innovation Consulting SL und seine Tochtergesellschaften (&#8222;Bax&#8220; oder &#8222;wir&#8220;) stellen Inhalte auf ihren Websites oder Anwendungen bereit, die einen Link zu diesen Nutzungsbedingungen (der &#8222;Website&#8220;) ver\u00f6ffentlichen, vorbehaltlich der folgenden Gesch\u00e4ftsbedingungen (die &#8222;Bedingungen&#8220;). Wir k\u00f6nnen diese Bedingungen regelm\u00e4\u00dfig ohne vorherige Vorank\u00fcndigung aktualisieren, also schauen Sie bitte von Zeit zu Zeit wieder vorbei. Diese Bedingungen [&hellip;]<\/p>\n","protected":false},"author":8,"featured_media":5242,"parent":0,"menu_order":0,"comment_status":"closed","ping_status":"closed","template":"","meta":{"_acf_changed":false,"_monsterinsights_skip_tracking":false,"_monsterinsights_sitenote_active":false,"_monsterinsights_sitenote_note":"","_monsterinsights_sitenote_category":0,"footnotes":""},"class_list":["post-13317","page","type-page","status-publish","has-post-thumbnail","hentry"],"acf":[],"yoast_head":"<!-- This site is optimized with the Yoast SEO plugin v27.5 - https:\/\/yoast.com\/product\/yoast-seo-wordpress\/ -->\n<title>Nutzungsbedingungen - Bax<\/title>\n<meta name=\"robots\" content=\"index, follow, max-snippet:-1, max-image-preview:large, max-video-preview:-1\" \/>\n<link rel=\"canonical\" href=\"https:\/\/baxcompany.com\/de\/cookie-richtlinie-2\/\" \/>\n<meta property=\"og:locale\" content=\"de_DE\" \/>\n<meta property=\"og:type\" content=\"article\" \/>\n<meta property=\"og:title\" content=\"Nutzungsbedingungen - Bax\" \/>\n<meta property=\"og:description\" content=\"Nutzungsbedingungen Bax Innovation Consulting SL und seine Tochtergesellschaften (&#8222;Bax&#8220; oder &#8222;wir&#8220;) stellen Inhalte auf ihren Websites oder Anwendungen bereit, die einen Link zu diesen Nutzungsbedingungen (der &#8222;Website&#8220;) ver\u00f6ffentlichen, vorbehaltlich der folgenden Gesch\u00e4ftsbedingungen (die &#8222;Bedingungen&#8220;). Wir k\u00f6nnen diese Bedingungen regelm\u00e4\u00dfig ohne vorherige Vorank\u00fcndigung aktualisieren, also schauen Sie bitte von Zeit zu Zeit wieder vorbei. Diese Bedingungen [&hellip;]\" \/>\n<meta property=\"og:url\" content=\"https:\/\/baxcompany.com\/de\/cookie-richtlinie-2\/\" \/>\n<meta property=\"og:site_name\" content=\"Bax\" \/>\n<meta property=\"article:modified_time\" content=\"2026-03-09T14:36:44+00:00\" \/>\n<meta property=\"og:image\" content=\"https:\/\/baxcompany.com\/wp-content\/uploads\/2024\/05\/bax-banner-article-black.jpg\" \/>\n\t<meta property=\"og:image:width\" content=\"1200\" \/>\n\t<meta property=\"og:image:height\" content=\"825\" \/>\n\t<meta property=\"og:image:type\" content=\"image\/jpeg\" \/>\n<meta name=\"twitter:card\" content=\"summary_large_image\" \/>\n<meta name=\"twitter:label1\" content=\"Gesch\u00e4tzte Lesezeit\" \/>\n\t<meta name=\"twitter:data1\" content=\"3\u00a0Minuten\" \/>\n<script type=\"application\/ld+json\" class=\"yoast-schema-graph\">{\"@context\":\"https:\\\/\\\/schema.org\",\"@graph\":[{\"@type\":\"WebPage\",\"@id\":\"https:\\\/\\\/baxcompany.com\\\/de\\\/cookie-richtlinie-2\\\/\",\"url\":\"https:\\\/\\\/baxcompany.com\\\/de\\\/cookie-richtlinie-2\\\/\",\"name\":\"Nutzungsbedingungen - Bax\",\"isPartOf\":{\"@id\":\"https:\\\/\\\/baxcompany.com\\\/de\\\/#website\"},\"primaryImageOfPage\":{\"@id\":\"https:\\\/\\\/baxcompany.com\\\/de\\\/cookie-richtlinie-2\\\/#primaryimage\"},\"image\":{\"@id\":\"https:\\\/\\\/baxcompany.com\\\/de\\\/cookie-richtlinie-2\\\/#primaryimage\"},\"thumbnailUrl\":\"https:\\\/\\\/baxcompany.com\\\/wp-content\\\/uploads\\\/2024\\\/05\\\/bax-banner-article-black.jpg\",\"datePublished\":\"2024-11-29T16:31:22+00:00\",\"dateModified\":\"2026-03-09T14:36:44+00:00\",\"breadcrumb\":{\"@id\":\"https:\\\/\\\/baxcompany.com\\\/de\\\/cookie-richtlinie-2\\\/#breadcrumb\"},\"inLanguage\":\"de\",\"potentialAction\":[{\"@type\":\"ReadAction\",\"target\":[\"https:\\\/\\\/baxcompany.com\\\/de\\\/cookie-richtlinie-2\\\/\"]}]},{\"@type\":\"ImageObject\",\"inLanguage\":\"de\",\"@id\":\"https:\\\/\\\/baxcompany.com\\\/de\\\/cookie-richtlinie-2\\\/#primaryimage\",\"url\":\"https:\\\/\\\/baxcompany.com\\\/wp-content\\\/uploads\\\/2024\\\/05\\\/bax-banner-article-black.jpg\",\"contentUrl\":\"https:\\\/\\\/baxcompany.com\\\/wp-content\\\/uploads\\\/2024\\\/05\\\/bax-banner-article-black.jpg\",\"width\":1200,\"height\":825},{\"@type\":\"BreadcrumbList\",\"@id\":\"https:\\\/\\\/baxcompany.com\\\/de\\\/cookie-richtlinie-2\\\/#breadcrumb\",\"itemListElement\":[{\"@type\":\"ListItem\",\"position\":1,\"name\":\"Home\",\"item\":\"https:\\\/\\\/baxcompany.com\\\/de\\\/home\\\/\"},{\"@type\":\"ListItem\",\"position\":2,\"name\":\"Nutzungsbedingungen\"}]},{\"@type\":\"WebSite\",\"@id\":\"https:\\\/\\\/baxcompany.com\\\/de\\\/#website\",\"url\":\"https:\\\/\\\/baxcompany.com\\\/de\\\/\",\"name\":\"Bax\",\"description\":\"Innovation consultancy specialising in pilots, funding and collaborations\",\"publisher\":{\"@id\":\"https:\\\/\\\/baxcompany.com\\\/de\\\/#organization\"},\"potentialAction\":[{\"@type\":\"SearchAction\",\"target\":{\"@type\":\"EntryPoint\",\"urlTemplate\":\"https:\\\/\\\/baxcompany.com\\\/de\\\/?s={search_term_string}\"},\"query-input\":{\"@type\":\"PropertyValueSpecification\",\"valueRequired\":true,\"valueName\":\"search_term_string\"}}],\"inLanguage\":\"de\"},{\"@type\":\"Organization\",\"@id\":\"https:\\\/\\\/baxcompany.com\\\/de\\\/#organization\",\"name\":\"Bax\",\"url\":\"https:\\\/\\\/baxcompany.com\\\/de\\\/\",\"logo\":{\"@type\":\"ImageObject\",\"inLanguage\":\"de\",\"@id\":\"https:\\\/\\\/baxcompany.com\\\/de\\\/#\\\/schema\\\/logo\\\/image\\\/\",\"url\":\"https:\\\/\\\/baxcompany.com\\\/wp-content\\\/uploads\\\/2024\\\/05\\\/cropped-Bax-favicon.png\",\"contentUrl\":\"https:\\\/\\\/baxcompany.com\\\/wp-content\\\/uploads\\\/2024\\\/05\\\/cropped-Bax-favicon.png\",\"width\":512,\"height\":512,\"caption\":\"Bax\"},\"image\":{\"@id\":\"https:\\\/\\\/baxcompany.com\\\/de\\\/#\\\/schema\\\/logo\\\/image\\\/\"}}]}<\/script>\n<!-- \/ Yoast SEO plugin. -->","yoast_head_json":{"title":"Nutzungsbedingungen - Bax","robots":{"index":"index","follow":"follow","max-snippet":"max-snippet:-1","max-image-preview":"max-image-preview:large","max-video-preview":"max-video-preview:-1"},"canonical":"https:\/\/baxcompany.com\/de\/cookie-richtlinie-2\/","og_locale":"de_DE","og_type":"article","og_title":"Nutzungsbedingungen - Bax","og_description":"Nutzungsbedingungen Bax Innovation Consulting SL und seine Tochtergesellschaften (&#8222;Bax&#8220; oder &#8222;wir&#8220;) stellen Inhalte auf ihren Websites oder Anwendungen bereit, die einen Link zu diesen Nutzungsbedingungen (der &#8222;Website&#8220;) ver\u00f6ffentlichen, vorbehaltlich der folgenden Gesch\u00e4ftsbedingungen (die &#8222;Bedingungen&#8220;). Wir k\u00f6nnen diese Bedingungen regelm\u00e4\u00dfig ohne vorherige Vorank\u00fcndigung aktualisieren, also schauen Sie bitte von Zeit zu Zeit wieder vorbei. Diese Bedingungen [&hellip;]","og_url":"https:\/\/baxcompany.com\/de\/cookie-richtlinie-2\/","og_site_name":"Bax","article_modified_time":"2026-03-09T14:36:44+00:00","og_image":[{"width":1200,"height":825,"url":"https:\/\/baxcompany.com\/wp-content\/uploads\/2024\/05\/bax-banner-article-black.jpg","type":"image\/jpeg"}],"twitter_card":"summary_large_image","twitter_misc":{"Gesch\u00e4tzte Lesezeit":"3\u00a0Minuten"},"schema":{"@context":"https:\/\/schema.org","@graph":[{"@type":"WebPage","@id":"https:\/\/baxcompany.com\/de\/cookie-richtlinie-2\/","url":"https:\/\/baxcompany.com\/de\/cookie-richtlinie-2\/","name":"Nutzungsbedingungen - Bax","isPartOf":{"@id":"https:\/\/baxcompany.com\/de\/#website"},"primaryImageOfPage":{"@id":"https:\/\/baxcompany.com\/de\/cookie-richtlinie-2\/#primaryimage"},"image":{"@id":"https:\/\/baxcompany.com\/de\/cookie-richtlinie-2\/#primaryimage"},"thumbnailUrl":"https:\/\/baxcompany.com\/wp-content\/uploads\/2024\/05\/bax-banner-article-black.jpg","datePublished":"2024-11-29T16:31:22+00:00","dateModified":"2026-03-09T14:36:44+00:00","breadcrumb":{"@id":"https:\/\/baxcompany.com\/de\/cookie-richtlinie-2\/#breadcrumb"},"inLanguage":"de","potentialAction":[{"@type":"ReadAction","target":["https:\/\/baxcompany.com\/de\/cookie-richtlinie-2\/"]}]},{"@type":"ImageObject","inLanguage":"de","@id":"https:\/\/baxcompany.com\/de\/cookie-richtlinie-2\/#primaryimage","url":"https:\/\/baxcompany.com\/wp-content\/uploads\/2024\/05\/bax-banner-article-black.jpg","contentUrl":"https:\/\/baxcompany.com\/wp-content\/uploads\/2024\/05\/bax-banner-article-black.jpg","width":1200,"height":825},{"@type":"BreadcrumbList","@id":"https:\/\/baxcompany.com\/de\/cookie-richtlinie-2\/#breadcrumb","itemListElement":[{"@type":"ListItem","position":1,"name":"Home","item":"https:\/\/baxcompany.com\/de\/home\/"},{"@type":"ListItem","position":2,"name":"Nutzungsbedingungen"}]},{"@type":"WebSite","@id":"https:\/\/baxcompany.com\/de\/#website","url":"https:\/\/baxcompany.com\/de\/","name":"Bax","description":"Innovation consultancy specialising in pilots, funding and collaborations","publisher":{"@id":"https:\/\/baxcompany.com\/de\/#organization"},"potentialAction":[{"@type":"SearchAction","target":{"@type":"EntryPoint","urlTemplate":"https:\/\/baxcompany.com\/de\/?s={search_term_string}"},"query-input":{"@type":"PropertyValueSpecification","valueRequired":true,"valueName":"search_term_string"}}],"inLanguage":"de"},{"@type":"Organization","@id":"https:\/\/baxcompany.com\/de\/#organization","name":"Bax","url":"https:\/\/baxcompany.com\/de\/","logo":{"@type":"ImageObject","inLanguage":"de","@id":"https:\/\/baxcompany.com\/de\/#\/schema\/logo\/image\/","url":"https:\/\/baxcompany.com\/wp-content\/uploads\/2024\/05\/cropped-Bax-favicon.png","contentUrl":"https:\/\/baxcompany.com\/wp-content\/uploads\/2024\/05\/cropped-Bax-favicon.png","width":512,"height":512,"caption":"Bax"},"image":{"@id":"https:\/\/baxcompany.com\/de\/#\/schema\/logo\/image\/"}}]}},"jetpack_sharing_enabled":true,"_links":{"self":[{"href":"https:\/\/baxcompany.com\/de\/wp-json\/wp\/v2\/pages\/13317","targetHints":{"allow":["GET"]}}],"collection":[{"href":"https:\/\/baxcompany.com\/de\/wp-json\/wp\/v2\/pages"}],"about":[{"href":"https:\/\/baxcompany.com\/de\/wp-json\/wp\/v2\/types\/page"}],"author":[{"embeddable":true,"href":"https:\/\/baxcompany.com\/de\/wp-json\/wp\/v2\/users\/8"}],"replies":[{"embeddable":true,"href":"https:\/\/baxcompany.com\/de\/wp-json\/wp\/v2\/comments?post=13317"}],"version-history":[{"count":4,"href":"https:\/\/baxcompany.com\/de\/wp-json\/wp\/v2\/pages\/13317\/revisions"}],"predecessor-version":[{"id":21565,"href":"https:\/\/baxcompany.com\/de\/wp-json\/wp\/v2\/pages\/13317\/revisions\/21565"}],"wp:featuredmedia":[{"embeddable":true,"href":"https:\/\/baxcompany.com\/de\/wp-json\/wp\/v2\/media\/5242"}],"wp:attachment":[{"href":"https:\/\/baxcompany.com\/de\/wp-json\/wp\/v2\/media?parent=13317"}],"curies":[{"name":"wp","href":"https:\/\/api.w.org\/{rel}","templated":true}]}}