{"id":5837,"date":"2024-05-09T12:55:35","date_gmt":"2024-05-09T10:55:35","guid":{"rendered":"https:\/\/baxcompany.com\/haftungsausschluss\/"},"modified":"2026-03-09T15:36:06","modified_gmt":"2026-03-09T14:36:06","slug":"haftungsausschluss","status":"publish","type":"page","link":"https:\/\/baxcompany.com\/de\/haftungsausschluss\/","title":{"rendered":"Haftungsausschluss"},"content":{"rendered":"\t\t<div data-elementor-type=\"wp-page\" data-elementor-id=\"5837\" class=\"elementor elementor-5837 elementor-4454\" data-elementor-post-type=\"page\">\n\t\t\t\t<div class=\"elementor-element elementor-element-5cbba813 e-flex e-con-boxed e-con e-parent\" data-id=\"5cbba813\" data-element_type=\"container\" data-e-type=\"container\">\n\t\t\t\t\t<div class=\"e-con-inner\">\n\t\t\t\t<div data-dce-text-color=\"#062A32\" class=\"elementor-element elementor-element-45bcda5a elementor-widget elementor-widget-text-editor\" data-id=\"45bcda5a\" data-element_type=\"widget\" data-e-type=\"widget\" data-widget_type=\"text-editor.default\">\n\t\t\t\t<div class=\"elementor-widget-container\">\n\t\t\t\t\t\t\t\t\t<p>Haftungsausschluss<\/p>\n\t\t\t\t\t\t\t\t<\/div>\n\t\t\t\t<\/div>\n\t\t\t\t<div data-dce-text-color=\"#00B398\" class=\"elementor-element elementor-element-20334647 elementor-widget elementor-widget-text-editor\" data-id=\"20334647\" data-element_type=\"widget\" data-e-type=\"widget\" data-widget_type=\"text-editor.default\">\n\t\t\t\t<div class=\"elementor-widget-container\">\n\t\t\t\t\t\t\t\t\t<ol>\n<li><strong>Keine Haftung f\u00fcr etwaige Fehler oder Auslassungen<\/strong><\/li>\n<\/ol>\n\t\t\t\t\t\t\t\t<\/div>\n\t\t\t\t<\/div>\n\t\t\t\t<div data-dce-text-color=\"#062A32\" class=\"elementor-element elementor-element-3e542fee elementor-widget elementor-widget-text-editor\" data-id=\"3e542fee\" data-element_type=\"widget\" data-e-type=\"widget\" data-widget_type=\"text-editor.default\">\n\t\t\t\t<div class=\"elementor-widget-container\">\n\t\t\t\t\t\t\t\t\t<p>Die auf dieser Website enthaltenen Informationen wurden von Bax Innovation Consulting, S.L., handelnd unter dem Namen Bax (im Folgenden &#8222;Bax&#8220;), ausschlie\u00dflich zu Informationszwecken bereitgestellt. Diese Informationen stellen keine rechtliche, professionelle oder kommerzielle Beratung dar. Bax gibt jedoch keine Garantien, Zusicherungen oder Gew\u00e4hrleistungen in dieser Hinsicht ab und \u00fcbernimmt keine rechtliche Haftung oder Verantwortung f\u00fcr den Inhalt oder die Richtigkeit der bereitgestellten Informationen oder f\u00fcr Verluste oder Sch\u00e4den, die direkt oder indirekt im Zusammenhang mit der Nutzung dieser Informationen entstehen. Alle Fehler oder Auslassungen, die Bax zur Kenntnis gebracht werden, werden so schnell wie m\u00f6glich korrigiert.<\/p>\n<p>Die Informationen auf dieser Website k\u00f6nnen technische Ungenauigkeiten und typografische Fehler enthalten. Die Informationen auf dieser Website k\u00f6nnen von Zeit zu Zeit aktualisiert werden und k\u00f6nnen zeitweise veraltet sein. Bax \u00fcbernimmt keine Verantwortung daf\u00fcr, die Informationen auf dieser Website auf dem neuesten Stand zu halten, und haftet auch nicht daf\u00fcr, dass dies nicht der Fall ist.<\/p>\n\t\t\t\t\t\t\t\t<\/div>\n\t\t\t\t<\/div>\n\t\t\t\t<div data-dce-text-color=\"#00B398\" class=\"elementor-element elementor-element-10850187 elementor-widget elementor-widget-text-editor\" data-id=\"10850187\" data-element_type=\"widget\" data-e-type=\"widget\" data-widget_type=\"text-editor.default\">\n\t\t\t\t<div class=\"elementor-widget-container\">\n\t\t\t\t\t\t\t\t\t<ol start=\"2\">\n<li><strong>Das Material auf dieser Website stellt keine rechtliche und\/oder professionelle Beratung dar.<\/strong><\/li>\n<\/ol>\n\t\t\t\t\t\t\t\t<\/div>\n\t\t\t\t<\/div>\n\t\t\t\t<div data-dce-text-color=\"#062A32\" class=\"elementor-element elementor-element-33c2d927 elementor-widget elementor-widget-text-editor\" data-id=\"33c2d927\" data-element_type=\"widget\" data-e-type=\"widget\" data-widget_type=\"text-editor.default\">\n\t\t\t\t<div class=\"elementor-widget-container\">\n\t\t\t\t\t\t\t\t\t<p>Die auf dieser Website dargelegten Ansichten, Meinungen und Hinweise dienen lediglich der Information und stellen keine rechtliche und\/oder professionelle Beratung oder eine endg\u00fcltige Auslegung von Gesetzen dar. Jeder, der Ma\u00dfnahmen in Bezug auf die auf dieser Website dargelegten Themen in Erw\u00e4gung zieht, sollte sich von einem entsprechend qualifizierten professionellen Berater beraten lassen, der auf seine individuellen Bed\u00fcrfnisse eingeht.<\/p>\n\t\t\t\t\t\t\t\t<\/div>\n\t\t\t\t<\/div>\n\t\t\t\t<div data-dce-text-color=\"#00B398\" class=\"elementor-element elementor-element-698d4d33 elementor-widget elementor-widget-text-editor\" data-id=\"698d4d33\" data-element_type=\"widget\" data-e-type=\"widget\" data-widget_type=\"text-editor.default\">\n\t\t\t\t<div class=\"elementor-widget-container\">\n\t\t\t\t\t\t\t\t\t<ol start=\"3\">\n<li><strong>Keine Garantie oder Billigung<\/strong><\/li>\n<\/ol>\n\t\t\t\t\t\t\t\t<\/div>\n\t\t\t\t<\/div>\n\t\t\t\t<div data-dce-text-color=\"#062A32\" class=\"elementor-element elementor-element-12dc947b elementor-widget elementor-widget-text-editor\" data-id=\"12dc947b\" data-element_type=\"widget\" data-e-type=\"widget\" data-widget_type=\"text-editor.default\">\n\t\t\t\t<div class=\"elementor-widget-container\">\n\t\t\t\t\t\t\t\t\t<p>Bax \u00fcbernimmt weder eine ausdr\u00fcckliche noch eine stillschweigende Gew\u00e4hrleistung, einschlie\u00dflich der Gew\u00e4hrleistung der Marktg\u00e4ngigkeit und der Eignung f\u00fcr einen bestimmten Zweck, noch eine rechtliche Haftung oder Verantwortung f\u00fcr die Richtigkeit, Vollst\u00e4ndigkeit oder N\u00fctzlichkeit der ver\u00f6ffentlichten Informationen, Ger\u00e4te, Produkte oder Verfahren, und auch nicht daf\u00fcr, dass deren Verwendung keine Rechte von Privatpersonen verletzt.<\/p>\n<p>Verweise auf dieser Website auf bestimmte kommerzielle Produkte, Verfahren oder Dienstleistungen durch Handelsnamen, Marken, Hersteller oder auf andere Weise stellen nicht notwendigerweise eine Bef\u00fcrwortung, Empfehlung oder Bevorzugung dieser Produkte oder Verfahren durch Bax dar oder implizieren diese. Die hierin ge\u00e4u\u00dferten Ansichten und Meinungen der Autoren geben nicht notwendigerweise die Ansichten von Bax wieder und d\u00fcrfen nicht zu Werbe- oder Produktbef\u00fcrwortungszwecken verwendet werden.<\/p>\n\t\t\t\t\t\t\t\t<\/div>\n\t\t\t\t<\/div>\n\t\t\t\t<div data-dce-text-color=\"#00B398\" class=\"elementor-element elementor-element-390d8222 elementor-widget elementor-widget-text-editor\" data-id=\"390d8222\" data-element_type=\"widget\" data-e-type=\"widget\" data-widget_type=\"text-editor.default\">\n\t\t\t\t<div class=\"elementor-widget-container\">\n\t\t\t\t\t\t\t\t\t<ol start=\"4\">\n<li><strong>Keine Verantwortung f\u00fcr andere Websites<\/strong><\/li>\n<\/ol>\n\t\t\t\t\t\t\t\t<\/div>\n\t\t\t\t<\/div>\n\t\t\t\t<div data-dce-text-color=\"#062A32\" class=\"elementor-element elementor-element-4fee203f elementor-widget elementor-widget-text-editor\" data-id=\"4fee203f\" data-element_type=\"widget\" data-e-type=\"widget\" data-widget_type=\"text-editor.default\">\n\t\t\t\t<div class=\"elementor-widget-container\">\n\t\t\t\t\t\t\t\t\t<p>Wenn Sie \u00fcber einen Link von der Website von Bax auf andere externe Websites zugreifen, beachten Sie bitte, dass Bax keine Kontrolle \u00fcber den Inhalt der externen Websites hat. Die Links zu externen Websites werden nur aus Gr\u00fcnden der Bequemlichkeit zur Verf\u00fcgung gestellt und sollten nicht als Billigung der Inhalte oder Praktiken dieser externen Websites durch Bax verstanden werden, f\u00fcr die Bax keine Verantwortung oder Haftung \u00fcbernimmt.<\/p>\n\t\t\t\t\t\t\t\t<\/div>\n\t\t\t\t<\/div>\n\t\t\t\t<div data-dce-text-color=\"#00B398\" class=\"elementor-element elementor-element-79fefd70 elementor-widget elementor-widget-text-editor\" data-id=\"79fefd70\" data-element_type=\"widget\" data-e-type=\"widget\" data-widget_type=\"text-editor.default\">\n\t\t\t\t<div class=\"elementor-widget-container\">\n\t\t\t\t\t\t\t\t\t<ol start=\"5\">\n<li><strong>Unternehmen und Produkte von Dritten (real und fiktiv)<\/strong><\/li>\n<\/ol>\n\t\t\t\t\t\t\t\t<\/div>\n\t\t\t\t<\/div>\n\t\t\t\t<div data-dce-text-color=\"#062A32\" class=\"elementor-element elementor-element-2281697 elementor-widget elementor-widget-text-editor\" data-id=\"2281697\" data-element_type=\"widget\" data-e-type=\"widget\" data-widget_type=\"text-editor.default\">\n\t\t\t\t<div class=\"elementor-widget-container\">\n\t\t\t\t\t\t\t\t\t<p>Jeder Verweis oder jede Erw\u00e4hnung von Drittunternehmen und\/oder Produkten auf der Website von Bax dient nur zu Informationszwecken. Diese Informationen stellen weder eine Bef\u00fcrwortung noch eine Empfehlung dar. Sofern nicht ausdr\u00fccklich anders angegeben, m\u00fcssen alle Produkte und\/oder Dienstleistungen von Drittanbietern direkt beim Anbieter bestellt werden, und alle Lizenzen und Garantien finden zwischen Ihnen und dem Anbieter statt. Bax \u00fcbernimmt keinerlei Haftung f\u00fcr die Nutzung oder den Missbrauch von Drittunternehmen und deren Produkten und\/oder Dienstleistungen.<\/p>\n\t\t\t\t\t\t\t\t<\/div>\n\t\t\t\t<\/div>\n\t\t\t\t<div data-dce-text-color=\"#00B398\" class=\"elementor-element elementor-element-242620e elementor-widget elementor-widget-text-editor\" data-id=\"242620e\" data-element_type=\"widget\" data-e-type=\"widget\" data-widget_type=\"text-editor.default\">\n\t\t\t\t<div class=\"elementor-widget-container\">\n\t\t\t\t\t\t\t\t\t<ol start=\"6\">\n<li><strong>Zukunftsgerichtete Aussagen<\/strong><\/li>\n<\/ol>\n\t\t\t\t\t\t\t\t<\/div>\n\t\t\t\t<\/div>\n\t\t\t\t<div data-dce-text-color=\"#062A32\" class=\"elementor-element elementor-element-5cbf15c9 elementor-widget elementor-widget-text-editor\" data-id=\"5cbf15c9\" data-element_type=\"widget\" data-e-type=\"widget\" data-widget_type=\"text-editor.default\">\n\t\t\t\t<div class=\"elementor-widget-container\">\n\t\t\t\t\t\t\t\t\t<p>Diese Website enth\u00e4lt zukunftsgerichtete Aussagen, die auf \u00dcberzeugungen des Managements von Bax beruhen. Wenn auf dieser Website W\u00f6rter wie &#8222;antizipieren&#8220;, &#8222;glauben&#8220;, &#8222;sch\u00e4tzen&#8220;, &#8222;erwarten&#8220;, &#8222;beabsichtigen&#8220;, &#8222;planen&#8220; und &#8222;projizieren&#8220; verwendet werden, sollen sie zukunftsorientierte Aussagen kennzeichnen. Solche Aussagen spiegeln die Ansichten von Bax zum Zeitpunkt der Abgabe in Bezug auf zuk\u00fcnftige Ereignisse wider und unterliegen Risiken und Unsicherheiten. Viele Faktoren k\u00f6nnen dazu f\u00fchren, dass die tats\u00e4chlichen Ergebnisse wesentlich von den hier prognostizierten abweichen. Dazu geh\u00f6ren unter anderem Ver\u00e4nderungen der allgemeinen wirtschaftlichen und gesch\u00e4ftlichen Rahmenbedingungen, Wechselkurs- und Zinsschwankungen, die Einf\u00fchrung von Konkurrenzprodukten, die mangelnde Akzeptanz neuer Produkte oder Dienstleistungen und \u00c4nderungen der Gesch\u00e4ftsstrategie. Bax lehnt jede Absicht oder Verpflichtung ab, diese zukunftsgerichteten Aussagen zu aktualisieren.<\/p><\/p>\n\t\t\t\t\t\t\t\t<\/div>\n\t\t\t\t<\/div>\n\t\t\t\t\t<\/div>\n\t\t\t\t<\/div>\n\t\t\t\t<\/div>\n\t\t","protected":false},"excerpt":{"rendered":"<p>Haftungsausschluss Keine Haftung f\u00fcr etwaige Fehler oder Auslassungen Die auf dieser Website enthaltenen Informationen wurden von Bax Innovation Consulting, S.L., handelnd unter dem Namen Bax (im Folgenden &#8222;Bax&#8220;), ausschlie\u00dflich zu Informationszwecken bereitgestellt. Diese Informationen stellen keine rechtliche, professionelle oder kommerzielle Beratung dar. Bax gibt jedoch keine Garantien, Zusicherungen oder Gew\u00e4hrleistungen in dieser Hinsicht ab und [&hellip;]<\/p>\n","protected":false},"author":4,"featured_media":5242,"parent":0,"menu_order":0,"comment_status":"closed","ping_status":"closed","template":"","meta":{"_acf_changed":false,"_monsterinsights_skip_tracking":false,"_monsterinsights_sitenote_active":false,"_monsterinsights_sitenote_note":"","_monsterinsights_sitenote_category":0,"footnotes":""},"class_list":["post-5837","page","type-page","status-publish","has-post-thumbnail","hentry"],"acf":[],"yoast_head":"<!-- This site is optimized with the Yoast SEO plugin v27.4 - https:\/\/yoast.com\/product\/yoast-seo-wordpress\/ -->\n<title>Haftungsausschluss - Bax<\/title>\n<meta name=\"robots\" content=\"index, follow, max-snippet:-1, max-image-preview:large, max-video-preview:-1\" \/>\n<link rel=\"canonical\" href=\"https:\/\/baxcompany.com\/de\/haftungsausschluss\/\" \/>\n<meta property=\"og:locale\" content=\"de_DE\" \/>\n<meta property=\"og:type\" content=\"article\" \/>\n<meta property=\"og:title\" content=\"Haftungsausschluss - Bax\" \/>\n<meta property=\"og:description\" content=\"Haftungsausschluss Keine Haftung f\u00fcr etwaige Fehler oder Auslassungen Die auf dieser Website enthaltenen Informationen wurden von Bax Innovation Consulting, S.L., handelnd unter dem Namen Bax (im Folgenden &#8222;Bax&#8220;), ausschlie\u00dflich zu Informationszwecken bereitgestellt. Diese Informationen stellen keine rechtliche, professionelle oder kommerzielle Beratung dar. Bax gibt jedoch keine Garantien, Zusicherungen oder Gew\u00e4hrleistungen in dieser Hinsicht ab und [&hellip;]\" \/>\n<meta property=\"og:url\" content=\"https:\/\/baxcompany.com\/de\/haftungsausschluss\/\" \/>\n<meta property=\"og:site_name\" content=\"Bax\" \/>\n<meta property=\"article:modified_time\" content=\"2026-03-09T14:36:06+00:00\" \/>\n<meta property=\"og:image\" content=\"https:\/\/baxcompany.com\/wp-content\/uploads\/2024\/05\/bax-banner-article-black.jpg\" \/>\n\t<meta property=\"og:image:width\" content=\"1200\" \/>\n\t<meta property=\"og:image:height\" content=\"825\" \/>\n\t<meta property=\"og:image:type\" content=\"image\/jpeg\" \/>\n<meta name=\"twitter:card\" content=\"summary_large_image\" \/>\n<meta name=\"twitter:label1\" content=\"Gesch\u00e4tzte Lesezeit\" \/>\n\t<meta name=\"twitter:data1\" content=\"3\u00a0Minuten\" \/>\n<script type=\"application\/ld+json\" class=\"yoast-schema-graph\">{\"@context\":\"https:\\\/\\\/schema.org\",\"@graph\":[{\"@type\":\"WebPage\",\"@id\":\"https:\\\/\\\/baxcompany.com\\\/de\\\/haftungsausschluss\\\/\",\"url\":\"https:\\\/\\\/baxcompany.com\\\/de\\\/haftungsausschluss\\\/\",\"name\":\"Haftungsausschluss - Bax\",\"isPartOf\":{\"@id\":\"https:\\\/\\\/baxcompany.com\\\/de\\\/#website\"},\"primaryImageOfPage\":{\"@id\":\"https:\\\/\\\/baxcompany.com\\\/de\\\/haftungsausschluss\\\/#primaryimage\"},\"image\":{\"@id\":\"https:\\\/\\\/baxcompany.com\\\/de\\\/haftungsausschluss\\\/#primaryimage\"},\"thumbnailUrl\":\"https:\\\/\\\/baxcompany.com\\\/wp-content\\\/uploads\\\/2024\\\/05\\\/bax-banner-article-black.jpg\",\"datePublished\":\"2024-05-09T10:55:35+00:00\",\"dateModified\":\"2026-03-09T14:36:06+00:00\",\"breadcrumb\":{\"@id\":\"https:\\\/\\\/baxcompany.com\\\/de\\\/haftungsausschluss\\\/#breadcrumb\"},\"inLanguage\":\"de\",\"potentialAction\":[{\"@type\":\"ReadAction\",\"target\":[\"https:\\\/\\\/baxcompany.com\\\/de\\\/haftungsausschluss\\\/\"]}]},{\"@type\":\"ImageObject\",\"inLanguage\":\"de\",\"@id\":\"https:\\\/\\\/baxcompany.com\\\/de\\\/haftungsausschluss\\\/#primaryimage\",\"url\":\"https:\\\/\\\/baxcompany.com\\\/wp-content\\\/uploads\\\/2024\\\/05\\\/bax-banner-article-black.jpg\",\"contentUrl\":\"https:\\\/\\\/baxcompany.com\\\/wp-content\\\/uploads\\\/2024\\\/05\\\/bax-banner-article-black.jpg\",\"width\":1200,\"height\":825},{\"@type\":\"BreadcrumbList\",\"@id\":\"https:\\\/\\\/baxcompany.com\\\/de\\\/haftungsausschluss\\\/#breadcrumb\",\"itemListElement\":[{\"@type\":\"ListItem\",\"position\":1,\"name\":\"Home\",\"item\":\"https:\\\/\\\/baxcompany.com\\\/de\\\/home\\\/\"},{\"@type\":\"ListItem\",\"position\":2,\"name\":\"Haftungsausschluss\"}]},{\"@type\":\"WebSite\",\"@id\":\"https:\\\/\\\/baxcompany.com\\\/de\\\/#website\",\"url\":\"https:\\\/\\\/baxcompany.com\\\/de\\\/\",\"name\":\"Bax\",\"description\":\"Innovation consultancy specialising in pilots, funding and collaborations\",\"publisher\":{\"@id\":\"https:\\\/\\\/baxcompany.com\\\/de\\\/#organization\"},\"potentialAction\":[{\"@type\":\"SearchAction\",\"target\":{\"@type\":\"EntryPoint\",\"urlTemplate\":\"https:\\\/\\\/baxcompany.com\\\/de\\\/?s={search_term_string}\"},\"query-input\":{\"@type\":\"PropertyValueSpecification\",\"valueRequired\":true,\"valueName\":\"search_term_string\"}}],\"inLanguage\":\"de\"},{\"@type\":\"Organization\",\"@id\":\"https:\\\/\\\/baxcompany.com\\\/de\\\/#organization\",\"name\":\"Bax\",\"url\":\"https:\\\/\\\/baxcompany.com\\\/de\\\/\",\"logo\":{\"@type\":\"ImageObject\",\"inLanguage\":\"de\",\"@id\":\"https:\\\/\\\/baxcompany.com\\\/de\\\/#\\\/schema\\\/logo\\\/image\\\/\",\"url\":\"https:\\\/\\\/baxcompany.com\\\/wp-content\\\/uploads\\\/2024\\\/05\\\/cropped-Bax-favicon.png\",\"contentUrl\":\"https:\\\/\\\/baxcompany.com\\\/wp-content\\\/uploads\\\/2024\\\/05\\\/cropped-Bax-favicon.png\",\"width\":512,\"height\":512,\"caption\":\"Bax\"},\"image\":{\"@id\":\"https:\\\/\\\/baxcompany.com\\\/de\\\/#\\\/schema\\\/logo\\\/image\\\/\"}}]}<\/script>\n<!-- \/ Yoast SEO plugin. -->","yoast_head_json":{"title":"Haftungsausschluss - Bax","robots":{"index":"index","follow":"follow","max-snippet":"max-snippet:-1","max-image-preview":"max-image-preview:large","max-video-preview":"max-video-preview:-1"},"canonical":"https:\/\/baxcompany.com\/de\/haftungsausschluss\/","og_locale":"de_DE","og_type":"article","og_title":"Haftungsausschluss - Bax","og_description":"Haftungsausschluss Keine Haftung f\u00fcr etwaige Fehler oder Auslassungen Die auf dieser Website enthaltenen Informationen wurden von Bax Innovation Consulting, S.L., handelnd unter dem Namen Bax (im Folgenden &#8222;Bax&#8220;), ausschlie\u00dflich zu Informationszwecken bereitgestellt. Diese Informationen stellen keine rechtliche, professionelle oder kommerzielle Beratung dar. Bax gibt jedoch keine Garantien, Zusicherungen oder Gew\u00e4hrleistungen in dieser Hinsicht ab und [&hellip;]","og_url":"https:\/\/baxcompany.com\/de\/haftungsausschluss\/","og_site_name":"Bax","article_modified_time":"2026-03-09T14:36:06+00:00","og_image":[{"width":1200,"height":825,"url":"https:\/\/baxcompany.com\/wp-content\/uploads\/2024\/05\/bax-banner-article-black.jpg","type":"image\/jpeg"}],"twitter_card":"summary_large_image","twitter_misc":{"Gesch\u00e4tzte Lesezeit":"3\u00a0Minuten"},"schema":{"@context":"https:\/\/schema.org","@graph":[{"@type":"WebPage","@id":"https:\/\/baxcompany.com\/de\/haftungsausschluss\/","url":"https:\/\/baxcompany.com\/de\/haftungsausschluss\/","name":"Haftungsausschluss - Bax","isPartOf":{"@id":"https:\/\/baxcompany.com\/de\/#website"},"primaryImageOfPage":{"@id":"https:\/\/baxcompany.com\/de\/haftungsausschluss\/#primaryimage"},"image":{"@id":"https:\/\/baxcompany.com\/de\/haftungsausschluss\/#primaryimage"},"thumbnailUrl":"https:\/\/baxcompany.com\/wp-content\/uploads\/2024\/05\/bax-banner-article-black.jpg","datePublished":"2024-05-09T10:55:35+00:00","dateModified":"2026-03-09T14:36:06+00:00","breadcrumb":{"@id":"https:\/\/baxcompany.com\/de\/haftungsausschluss\/#breadcrumb"},"inLanguage":"de","potentialAction":[{"@type":"ReadAction","target":["https:\/\/baxcompany.com\/de\/haftungsausschluss\/"]}]},{"@type":"ImageObject","inLanguage":"de","@id":"https:\/\/baxcompany.com\/de\/haftungsausschluss\/#primaryimage","url":"https:\/\/baxcompany.com\/wp-content\/uploads\/2024\/05\/bax-banner-article-black.jpg","contentUrl":"https:\/\/baxcompany.com\/wp-content\/uploads\/2024\/05\/bax-banner-article-black.jpg","width":1200,"height":825},{"@type":"BreadcrumbList","@id":"https:\/\/baxcompany.com\/de\/haftungsausschluss\/#breadcrumb","itemListElement":[{"@type":"ListItem","position":1,"name":"Home","item":"https:\/\/baxcompany.com\/de\/home\/"},{"@type":"ListItem","position":2,"name":"Haftungsausschluss"}]},{"@type":"WebSite","@id":"https:\/\/baxcompany.com\/de\/#website","url":"https:\/\/baxcompany.com\/de\/","name":"Bax","description":"Innovation consultancy specialising in pilots, funding and collaborations","publisher":{"@id":"https:\/\/baxcompany.com\/de\/#organization"},"potentialAction":[{"@type":"SearchAction","target":{"@type":"EntryPoint","urlTemplate":"https:\/\/baxcompany.com\/de\/?s={search_term_string}"},"query-input":{"@type":"PropertyValueSpecification","valueRequired":true,"valueName":"search_term_string"}}],"inLanguage":"de"},{"@type":"Organization","@id":"https:\/\/baxcompany.com\/de\/#organization","name":"Bax","url":"https:\/\/baxcompany.com\/de\/","logo":{"@type":"ImageObject","inLanguage":"de","@id":"https:\/\/baxcompany.com\/de\/#\/schema\/logo\/image\/","url":"https:\/\/baxcompany.com\/wp-content\/uploads\/2024\/05\/cropped-Bax-favicon.png","contentUrl":"https:\/\/baxcompany.com\/wp-content\/uploads\/2024\/05\/cropped-Bax-favicon.png","width":512,"height":512,"caption":"Bax"},"image":{"@id":"https:\/\/baxcompany.com\/de\/#\/schema\/logo\/image\/"}}]}},"jetpack_sharing_enabled":true,"_links":{"self":[{"href":"https:\/\/baxcompany.com\/de\/wp-json\/wp\/v2\/pages\/5837","targetHints":{"allow":["GET"]}}],"collection":[{"href":"https:\/\/baxcompany.com\/de\/wp-json\/wp\/v2\/pages"}],"about":[{"href":"https:\/\/baxcompany.com\/de\/wp-json\/wp\/v2\/types\/page"}],"author":[{"embeddable":true,"href":"https:\/\/baxcompany.com\/de\/wp-json\/wp\/v2\/users\/4"}],"replies":[{"embeddable":true,"href":"https:\/\/baxcompany.com\/de\/wp-json\/wp\/v2\/comments?post=5837"}],"version-history":[{"count":1,"href":"https:\/\/baxcompany.com\/de\/wp-json\/wp\/v2\/pages\/5837\/revisions"}],"predecessor-version":[{"id":5839,"href":"https:\/\/baxcompany.com\/de\/wp-json\/wp\/v2\/pages\/5837\/revisions\/5839"}],"wp:featuredmedia":[{"embeddable":true,"href":"https:\/\/baxcompany.com\/de\/wp-json\/wp\/v2\/media\/5242"}],"wp:attachment":[{"href":"https:\/\/baxcompany.com\/de\/wp-json\/wp\/v2\/media?parent=5837"}],"curies":[{"name":"wp","href":"https:\/\/api.w.org\/{rel}","templated":true}]}}