{"id":13318,"date":"2024-11-29T17:31:22","date_gmt":"2024-11-29T16:31:22","guid":{"rendered":"https:\/\/baxcompany.com\/?page_id=13318"},"modified":"2026-03-09T15:36:43","modified_gmt":"2026-03-09T14:36:43","slug":"politica-de-cookies-2","status":"publish","type":"page","link":"https:\/\/baxcompany.com\/es\/politica-de-cookies-2\/","title":{"rendered":"T\u00e9rminos de uso"},"content":{"rendered":"\t\t<div data-elementor-type=\"wp-page\" data-elementor-id=\"13318\" class=\"elementor elementor-13318 elementor-13314\" data-elementor-post-type=\"page\">\n\t\t\t\t<div class=\"elementor-element elementor-element-198e331b e-flex e-con-boxed e-con e-parent\" data-id=\"198e331b\" data-element_type=\"container\" data-e-type=\"container\">\n\t\t\t\t\t<div class=\"e-con-inner\">\n\t\t\t\t<div data-dce-text-color=\"#062A32\" class=\"elementor-element elementor-element-289ffdc3 elementor-widget elementor-widget-text-editor\" data-id=\"289ffdc3\" data-element_type=\"widget\" data-e-type=\"widget\" data-widget_type=\"text-editor.default\">\n\t\t\t\t<div class=\"elementor-widget-container\">\n\t\t\t\t\t\t\t\t\t<p>T\u00e9rminos de uso<\/p>\n\t\t\t\t\t\t\t\t<\/div>\n\t\t\t\t<\/div>\n\t\t\t\t<div data-dce-text-color=\"#062A32\" class=\"elementor-element elementor-element-192e3b0 elementor-widget elementor-widget-text-editor\" data-id=\"192e3b0\" data-element_type=\"widget\" data-e-type=\"widget\" data-widget_type=\"text-editor.default\">\n\t\t\t\t<div class=\"elementor-widget-container\">\n\t\t\t\t\t\t\t\t\t<p>Bax Innovation Consulting SL y sus afiliados (\u00abBax\u00bb o \u00abnosotros\u00bb) proporcionan contenido en sus sitios web o aplicaciones que publican un enlace a estos T\u00e9rminos de Uso (el \u00abSitio\u00bb), sujeto a los siguientes t\u00e9rminos y condiciones (los \u00abT\u00e9rminos\u00bb). Podemos actualizar peri\u00f3dicamente estos T\u00e9rminos sin previo aviso, as\u00ed que por favor vuelve a consultarlo de vez en cuando. Estos T\u00e9rminos se actualizaron por \u00faltima vez el 29 de noviembre de 2024. Al acceder y utilizar este Sitio, aceptas estos T\u00e9rminos. Para una explicaci\u00f3n de las pr\u00e1cticas y pol\u00edticas de Bax relacionadas con la recopilaci\u00f3n, uso y almacenamiento de la informaci\u00f3n de nuestros usuarios, consulte nuestra Pol\u00edtica de Privacidad.    <\/p>\n\t\t\t\t\t\t\t\t<\/div>\n\t\t\t\t<\/div>\n\t\t\t\t<div data-dce-text-color=\"#00B398\" class=\"elementor-element elementor-element-3b7477a2 elementor-widget elementor-widget-text-editor\" data-id=\"3b7477a2\" data-element_type=\"widget\" data-e-type=\"widget\" data-widget_type=\"text-editor.default\">\n\t\t\t\t<div class=\"elementor-widget-container\">\n\t\t\t\t\t\t\t\t\t<p><b>1) Derechos de autor<\/b><\/p>\n\t\t\t\t\t\t\t\t<\/div>\n\t\t\t\t<\/div>\n\t\t\t\t<div data-dce-text-color=\"#062A32\" class=\"elementor-element elementor-element-4e58ff4b elementor-widget elementor-widget-text-editor\" data-id=\"4e58ff4b\" data-element_type=\"widget\" data-e-type=\"widget\" data-widget_type=\"text-editor.default\">\n\t\t\t\t<div class=\"elementor-widget-container\">\n\t\t\t\t\t\t\t\t\t<p>Todo el contenido y funcionalidad del Sitio, incluyendo texto, gr\u00e1ficos, logotipos, iconos, im\u00e1genes y v\u00eddeos, as\u00ed como su selecci\u00f3n y orden, adem\u00e1s de cualquier concepto, know-how, herramientas, frameworks, software, aplicaciones u otra tecnolog\u00eda, algoritmos, modelos, procesos y perspectivas industriales subyacentes o integradas en lo anterior, junto con cualquier mejora o obra derivada de los mismos (el \u00abContenido del Sitio\u00bb),  es propiedad exclusiva de Bax o de sus licenciatarios y, en la medida en que sea aplicable, est\u00e1 protegida por leyes internacionales de derechos de autor. Ni el contenido del sitio ni la funcionalidad del sitio pueden ser copiados, reproducidos, modificados, reestructurados, alterados (incluida la eliminaci\u00f3n o desactivaci\u00f3n de salvaguardas de seguridad o tecnol\u00f3gicas, avisos legales o leyendas), subidos, publicados, transmitidos o distribuidos de ninguna manera sin nuestro permiso por escrito, salvo para usos especificados en la Secci\u00f3n 3 \u2013 Uso del contenido del sitio. Se reservan todos los derechos no expresamente concedidos.  <\/p>\n\t\t\t\t\t\t\t\t<\/div>\n\t\t\t\t<\/div>\n\t\t\t\t<div data-dce-text-color=\"#00B398\" class=\"elementor-element elementor-element-1f65521a elementor-widget elementor-widget-text-editor\" data-id=\"1f65521a\" data-element_type=\"widget\" data-e-type=\"widget\" data-widget_type=\"text-editor.default\">\n\t\t\t\t<div class=\"elementor-widget-container\">\n\t\t\t\t\t\t\t\t\t<p><b>2) Marcas registradas<\/b><\/p>\n\t\t\t\t\t\t\t\t<\/div>\n\t\t\t\t<\/div>\n\t\t\t\t<div data-dce-text-color=\"#062A32\" class=\"elementor-element elementor-element-f69c204 elementor-widget elementor-widget-text-editor\" data-id=\"f69c204\" data-element_type=\"widget\" data-e-type=\"widget\" data-widget_type=\"text-editor.default\">\n\t\t\t\t<div class=\"elementor-widget-container\">\n\t\t\t\t\t\t\t\t\t<p>La marca y el logotipo Bax son una marca registrada, protegida bajo <a href=\"https:\/\/euipo.europa.eu\/eSearch\/#details\/trademarks\/019011805\">el n\u00famero 19011805 de EUIPO<\/a>. Cualquier uso no autorizado de la marca o logotipo Bax est\u00e1 estrictamente prohibido y puede conllevar acciones legales. <\/p>\n\t\t\t\t\t\t\t\t<\/div>\n\t\t\t\t<\/div>\n\t\t\t\t<div data-dce-text-color=\"#00B398\" class=\"elementor-element elementor-element-37acadc8 elementor-widget elementor-widget-text-editor\" data-id=\"37acadc8\" data-element_type=\"widget\" data-e-type=\"widget\" data-widget_type=\"text-editor.default\">\n\t\t\t\t<div class=\"elementor-widget-container\">\n\t\t\t\t\t\t\t\t\t<p><b>3) Uso del contenido del sitio<\/b><\/p>\n\t\t\t\t\t\t\t\t<\/div>\n\t\t\t\t<\/div>\n\t\t\t\t<div data-dce-text-color=\"#062A32\" class=\"elementor-element elementor-element-4f382a43 elementor-widget elementor-widget-text-editor\" data-id=\"4f382a43\" data-element_type=\"widget\" data-e-type=\"widget\" data-widget_type=\"text-editor.default\">\n\t\t\t\t<div class=\"elementor-widget-container\">\n\t\t\t\t\t\t\t\t\t<p>Bax te concede una licencia limitada, no exclusiva, no transferible y revocable para acceder, descargar, mostrar e imprimir una copia del Contenido del Sitio en un solo dispositivo \u00fanicamente para uso interno de tu negocio, siempre que no modifiques el Contenido del Sitio de ninguna manera (incluyendo la creaci\u00f3n de obras derivadas), conserves todos los avisos de derechos de autor y de propiedad que se muestren en el Contenido del Sitio,  y en otros casos cumplan con estos T\u00e9rminos. No puedes reproducir, modificar, deshacer ingenier\u00eda inversa, distribuir, transmitir, publicar o divulgar el contenido del sitio sin el consentimiento previo por escrito de Bax. Adem\u00e1s, no puedes \u00abespejar\u00bb el Contenido del Sitio ni ninguna parte de \u00e9l sin el consentimiento expreso por escrito de Bax. Nada en este sitio concede, directa o indirectamente, ninguna licencia o derecho para utilizar cualquier propiedad intelectual de Bax salvo lo expresamente establecido aqu\u00ed. La licencia concedida en esta secci\u00f3n termina autom\u00e1ticamente e inmediatamente si no cumples con estos T\u00e9rminos.    <\/p>\n\t\t\t\t\t\t\t\t<\/div>\n\t\t\t\t<\/div>\n\t\t\t\t<div data-dce-text-color=\"#00B398\" class=\"elementor-element elementor-element-6828a9a2 elementor-widget elementor-widget-text-editor\" data-id=\"6828a9a2\" data-element_type=\"widget\" data-e-type=\"widget\" data-widget_type=\"text-editor.default\">\n\t\t\t\t<div class=\"elementor-widget-container\">\n\t\t\t\t\t\t\t\t\t<p><b>4) Avisos legales<\/b><\/p>\n\t\t\t\t\t\t\t\t<\/div>\n\t\t\t\t<\/div>\n\t\t\t\t<div data-dce-text-color=\"#062A32\" class=\"elementor-element elementor-element-6fa14f84 elementor-widget elementor-widget-text-editor\" data-id=\"6fa14f84\" data-element_type=\"widget\" data-e-type=\"widget\" data-widget_type=\"text-editor.default\">\n\t\t\t\t<div class=\"elementor-widget-container\">\n\t\t\t\t\t\t\t\t\t<p>El Contenido del Sitio se proporciona \u00abTAL CUAL\u00bb, sin ning\u00fan tipo de garant\u00eda, ni expresa ni impl\u00edcita, incluyendo pero no limit\u00e1ndose a, garant\u00edas impl\u00edcitas de comerciabilidad o idoneidad para un prop\u00f3sito particular. Bax y sus proveedores externos de contenido no ofrecen garant\u00edas sobre la exactitud o adecuaci\u00f3n del contenido del sitio y no ser\u00e1n responsables de ning\u00fan da\u00f1o derivado de su uso del sitio o de los sitios web vinculados. <\/p>\n\t\t\t\t\t\t\t\t<\/div>\n\t\t\t\t<\/div>\n\t\t\t\t<div data-dce-text-color=\"#00B398\" class=\"elementor-element elementor-element-6f82dc99 elementor-widget elementor-widget-text-editor\" data-id=\"6f82dc99\" data-element_type=\"widget\" data-e-type=\"widget\" data-widget_type=\"text-editor.default\">\n\t\t\t\t<div class=\"elementor-widget-container\">\n\t\t\t\t\t\t\t\t\t<p><b>5) Indemnizaci\u00f3n<\/b><\/p>\n\t\t\t\t\t\t\t\t<\/div>\n\t\t\t\t<\/div>\n\t\t\t\t<div data-dce-text-color=\"#062A32\" class=\"elementor-element elementor-element-7e009a74 elementor-widget elementor-widget-text-editor\" data-id=\"7e009a74\" data-element_type=\"widget\" data-e-type=\"widget\" data-widget_type=\"text-editor.default\">\n\t\t\t\t<div class=\"elementor-widget-container\">\n\t\t\t\t\t\t\t\t\t<p>Aceptas indemnizar y eximir de responsabilidad a Bax, sus afiliados, directivos, directores, empleados y agentes de cualquier reclamaci\u00f3n, responsabilidad, da\u00f1o, p\u00e9rdida o gasto derivado de tu uso del Sitio o del incumplimiento de estos T\u00e9rminos. Bax se reserva el derecho de asumir la defensa exclusiva de cualquier asunto sujeto a indemnizaci\u00f3n por tu parte. <\/p>\n\t\t\t\t\t\t\t\t<\/div>\n\t\t\t\t<\/div>\n\t\t\t\t<div data-dce-text-color=\"#00B398\" class=\"elementor-element elementor-element-3b1a78c6 elementor-widget elementor-widget-text-editor\" data-id=\"3b1a78c6\" data-element_type=\"widget\" data-e-type=\"widget\" data-widget_type=\"text-editor.default\">\n\t\t\t\t<div class=\"elementor-widget-container\">\n\t\t\t\t\t\t\t\t\t<p><b>6) <\/b><span style=\"text-align: var(--text-align);\"><b>Sitios web y proveedores de terceros<\/b><\/span><\/p>\n\t\t\t\t\t\t\t\t<\/div>\n\t\t\t\t<\/div>\n\t\t\t\t<div data-dce-text-color=\"#062A32\" class=\"elementor-element elementor-element-900c103 elementor-widget elementor-widget-text-editor\" data-id=\"900c103\" data-element_type=\"widget\" data-e-type=\"widget\" data-widget_type=\"text-editor.default\">\n\t\t\t\t<div class=\"elementor-widget-container\">\n\t\t\t\t\t\t\t\t\t<p>El sitio puede incluir enlaces a sitios web de terceros o contenido proporcionado por terceros. Bax no se hace responsable de dicho contenido o sitios web, que est\u00e1n regulados por sus propios t\u00e9rminos y pol\u00edticas de privacidad. <\/p>\n\t\t\t\t\t\t\t\t<\/div>\n\t\t\t\t<\/div>\n\t\t\t\t<div data-dce-text-color=\"#00B398\" class=\"elementor-element elementor-element-8d7bc7c elementor-widget elementor-widget-text-editor\" data-id=\"8d7bc7c\" data-element_type=\"widget\" data-e-type=\"widget\" data-widget_type=\"text-editor.default\">\n\t\t\t\t<div class=\"elementor-widget-container\">\n\t\t\t\t\t\t\t\t\t<p><b>M\u00e1s informaci\u00f3n<\/b><\/p>\n\t\t\t\t\t\t\t\t<\/div>\n\t\t\t\t<\/div>\n\t\t\t\t<div data-dce-text-color=\"#062A32\" class=\"elementor-element elementor-element-1a0e1c16 elementor-widget elementor-widget-text-editor\" data-id=\"1a0e1c16\" data-element_type=\"widget\" data-e-type=\"widget\" data-widget_type=\"text-editor.default\">\n\t\t\t\t<div class=\"elementor-widget-container\">\n\t\t\t\t\t\t\t\t\t<div class=\"mk-page-section-wrapper\" data-mk-full-width=\"true\" data-mk-full-width-init=\"true\" data-mk-stretch-content=\"true\">\n<div id=\"page-section-2\" class=\"mk-page-section self-hosted full_layout full-width-2 js-el js-master-row jupiter-donut- mk-in-viewport\" data-intro-effect=\"false\">\n<div class=\"page-section-content vc_row-fluid mk-grid \">\n<div class=\"mk-padding-wrapper wpb_row\">\n<div class=\"vc_col-sm-12 wpb_column column_container jupiter-donut- _ jupiter-donut-height-full\">\n<div id=\"text-block-5\" class=\"mk-text-block jupiter-donut- \">\n<p>Para m\u00e1s informaci\u00f3n, por favor escr\u00edbenos enviando un correo electr\u00f3nico a <a href=\"mailto:contact@baxcompany.com\"><strong>contact@baxcompany.com<\/strong><\/a><\/p>\n<div class=\"clearboth\"> <\/div>\n<\/div>\n<\/div>\n<\/div>\n<div class=\"clearboth\"> <\/div>\n<\/div>\n<div class=\"clearboth\"> <\/div>\n<\/div>\n<\/div>\n<div class=\"vc_row-full-width vc_clearfix\"> <\/div>\n<div class=\"wpb_row vc_row vc_row-fluid jupiter-donut- mk-fullwidth-false attched-false js-master-row mk-grid mk-in-viewport\" data-mk-stretch-content=\"true\"> <\/div>\n\t\t\t\t\t\t\t\t<\/div>\n\t\t\t\t<\/div>\n\t\t\t\t\t<\/div>\n\t\t\t\t<\/div>\n\t\t\t\t<\/div>\n\t\t","protected":false},"excerpt":{"rendered":"<p>T\u00e9rminos de uso Bax Innovation Consulting SL y sus afiliados (\u00abBax\u00bb o \u00abnosotros\u00bb) proporcionan contenido en sus sitios web o aplicaciones que publican un enlace a estos T\u00e9rminos de Uso (el \u00abSitio\u00bb), sujeto a los siguientes t\u00e9rminos y condiciones (los \u00abT\u00e9rminos\u00bb). Podemos actualizar peri\u00f3dicamente estos T\u00e9rminos sin previo aviso, as\u00ed que por favor vuelve a [&hellip;]<\/p>\n","protected":false},"author":9,"featured_media":5243,"parent":0,"menu_order":0,"comment_status":"closed","ping_status":"closed","template":"","meta":{"_acf_changed":false,"rs_blank_template":"","rs_page_bg_color":"","slide_template_v7":"","_monsterinsights_skip_tracking":false,"_monsterinsights_sitenote_active":false,"_monsterinsights_sitenote_note":"","_monsterinsights_sitenote_category":0,"footnotes":""},"class_list":["post-13318","page","type-page","status-publish","has-post-thumbnail","hentry"],"acf":[],"yoast_head":"<!-- This site is optimized with the Yoast SEO plugin v27.4 - https:\/\/yoast.com\/product\/yoast-seo-wordpress\/ -->\n<title>T\u00e9rminos de uso - Bax<\/title>\n<meta name=\"robots\" content=\"index, follow, max-snippet:-1, max-image-preview:large, max-video-preview:-1\" \/>\n<link rel=\"canonical\" href=\"https:\/\/baxcompany.com\/es\/politica-de-cookies-2\/\" \/>\n<meta property=\"og:locale\" content=\"es_ES\" \/>\n<meta property=\"og:type\" content=\"article\" \/>\n<meta property=\"og:title\" content=\"T\u00e9rminos de uso - Bax\" \/>\n<meta property=\"og:description\" content=\"T\u00e9rminos de uso Bax Innovation Consulting SL y sus afiliados (\u00abBax\u00bb o \u00abnosotros\u00bb) proporcionan contenido en sus sitios web o aplicaciones que publican un enlace a estos T\u00e9rminos de Uso (el \u00abSitio\u00bb), sujeto a los siguientes t\u00e9rminos y condiciones (los \u00abT\u00e9rminos\u00bb). Podemos actualizar peri\u00f3dicamente estos T\u00e9rminos sin previo aviso, as\u00ed que por favor vuelve a [&hellip;]\" \/>\n<meta property=\"og:url\" content=\"https:\/\/baxcompany.com\/es\/politica-de-cookies-2\/\" \/>\n<meta property=\"og:site_name\" content=\"Bax\" \/>\n<meta property=\"article:modified_time\" content=\"2026-03-09T14:36:43+00:00\" \/>\n<meta property=\"og:image\" content=\"https:\/\/baxcompany.com\/wp-content\/uploads\/2024\/05\/bax-banner-article-black.jpg\" \/>\n\t<meta property=\"og:image:width\" content=\"1200\" \/>\n\t<meta property=\"og:image:height\" content=\"825\" \/>\n\t<meta property=\"og:image:type\" content=\"image\/jpeg\" \/>\n<meta name=\"twitter:card\" content=\"summary_large_image\" \/>\n<meta name=\"twitter:label1\" content=\"Tiempo de lectura\" \/>\n\t<meta name=\"twitter:data1\" content=\"4 minutos\" \/>\n<script type=\"application\/ld+json\" class=\"yoast-schema-graph\">{\"@context\":\"https:\\\/\\\/schema.org\",\"@graph\":[{\"@type\":\"WebPage\",\"@id\":\"https:\\\/\\\/baxcompany.com\\\/es\\\/politica-de-cookies-2\\\/\",\"url\":\"https:\\\/\\\/baxcompany.com\\\/es\\\/politica-de-cookies-2\\\/\",\"name\":\"T\u00e9rminos de uso - Bax\",\"isPartOf\":{\"@id\":\"https:\\\/\\\/baxcompany.com\\\/es\\\/#website\"},\"primaryImageOfPage\":{\"@id\":\"https:\\\/\\\/baxcompany.com\\\/es\\\/politica-de-cookies-2\\\/#primaryimage\"},\"image\":{\"@id\":\"https:\\\/\\\/baxcompany.com\\\/es\\\/politica-de-cookies-2\\\/#primaryimage\"},\"thumbnailUrl\":\"https:\\\/\\\/baxcompany.com\\\/wp-content\\\/uploads\\\/2024\\\/05\\\/bax-banner-article-black.jpg\",\"datePublished\":\"2024-11-29T16:31:22+00:00\",\"dateModified\":\"2026-03-09T14:36:43+00:00\",\"breadcrumb\":{\"@id\":\"https:\\\/\\\/baxcompany.com\\\/es\\\/politica-de-cookies-2\\\/#breadcrumb\"},\"inLanguage\":\"es\",\"potentialAction\":[{\"@type\":\"ReadAction\",\"target\":[\"https:\\\/\\\/baxcompany.com\\\/es\\\/politica-de-cookies-2\\\/\"]}]},{\"@type\":\"ImageObject\",\"inLanguage\":\"es\",\"@id\":\"https:\\\/\\\/baxcompany.com\\\/es\\\/politica-de-cookies-2\\\/#primaryimage\",\"url\":\"https:\\\/\\\/baxcompany.com\\\/wp-content\\\/uploads\\\/2024\\\/05\\\/bax-banner-article-black.jpg\",\"contentUrl\":\"https:\\\/\\\/baxcompany.com\\\/wp-content\\\/uploads\\\/2024\\\/05\\\/bax-banner-article-black.jpg\",\"width\":1200,\"height\":825},{\"@type\":\"BreadcrumbList\",\"@id\":\"https:\\\/\\\/baxcompany.com\\\/es\\\/politica-de-cookies-2\\\/#breadcrumb\",\"itemListElement\":[{\"@type\":\"ListItem\",\"position\":1,\"name\":\"Home\",\"item\":\"https:\\\/\\\/baxcompany.com\\\/es\\\/home\\\/\"},{\"@type\":\"ListItem\",\"position\":2,\"name\":\"T\u00e9rminos de uso\"}]},{\"@type\":\"WebSite\",\"@id\":\"https:\\\/\\\/baxcompany.com\\\/es\\\/#website\",\"url\":\"https:\\\/\\\/baxcompany.com\\\/es\\\/\",\"name\":\"Bax\",\"description\":\"Innovation consultancy specialising in pilots, funding and collaborations\",\"publisher\":{\"@id\":\"https:\\\/\\\/baxcompany.com\\\/es\\\/#organization\"},\"potentialAction\":[{\"@type\":\"SearchAction\",\"target\":{\"@type\":\"EntryPoint\",\"urlTemplate\":\"https:\\\/\\\/baxcompany.com\\\/es\\\/?s={search_term_string}\"},\"query-input\":{\"@type\":\"PropertyValueSpecification\",\"valueRequired\":true,\"valueName\":\"search_term_string\"}}],\"inLanguage\":\"es\"},{\"@type\":\"Organization\",\"@id\":\"https:\\\/\\\/baxcompany.com\\\/es\\\/#organization\",\"name\":\"Bax\",\"url\":\"https:\\\/\\\/baxcompany.com\\\/es\\\/\",\"logo\":{\"@type\":\"ImageObject\",\"inLanguage\":\"es\",\"@id\":\"https:\\\/\\\/baxcompany.com\\\/es\\\/#\\\/schema\\\/logo\\\/image\\\/\",\"url\":\"https:\\\/\\\/baxcompany.com\\\/wp-content\\\/uploads\\\/2024\\\/05\\\/cropped-Bax-favicon.png\",\"contentUrl\":\"https:\\\/\\\/baxcompany.com\\\/wp-content\\\/uploads\\\/2024\\\/05\\\/cropped-Bax-favicon.png\",\"width\":512,\"height\":512,\"caption\":\"Bax\"},\"image\":{\"@id\":\"https:\\\/\\\/baxcompany.com\\\/es\\\/#\\\/schema\\\/logo\\\/image\\\/\"}}]}<\/script>\n<!-- \/ Yoast SEO plugin. -->","yoast_head_json":{"title":"T\u00e9rminos de uso - Bax","robots":{"index":"index","follow":"follow","max-snippet":"max-snippet:-1","max-image-preview":"max-image-preview:large","max-video-preview":"max-video-preview:-1"},"canonical":"https:\/\/baxcompany.com\/es\/politica-de-cookies-2\/","og_locale":"es_ES","og_type":"article","og_title":"T\u00e9rminos de uso - Bax","og_description":"T\u00e9rminos de uso Bax Innovation Consulting SL y sus afiliados (\u00abBax\u00bb o \u00abnosotros\u00bb) proporcionan contenido en sus sitios web o aplicaciones que publican un enlace a estos T\u00e9rminos de Uso (el \u00abSitio\u00bb), sujeto a los siguientes t\u00e9rminos y condiciones (los \u00abT\u00e9rminos\u00bb). Podemos actualizar peri\u00f3dicamente estos T\u00e9rminos sin previo aviso, as\u00ed que por favor vuelve a [&hellip;]","og_url":"https:\/\/baxcompany.com\/es\/politica-de-cookies-2\/","og_site_name":"Bax","article_modified_time":"2026-03-09T14:36:43+00:00","og_image":[{"width":1200,"height":825,"url":"https:\/\/baxcompany.com\/wp-content\/uploads\/2024\/05\/bax-banner-article-black.jpg","type":"image\/jpeg"}],"twitter_card":"summary_large_image","twitter_misc":{"Tiempo de lectura":"4 minutos"},"schema":{"@context":"https:\/\/schema.org","@graph":[{"@type":"WebPage","@id":"https:\/\/baxcompany.com\/es\/politica-de-cookies-2\/","url":"https:\/\/baxcompany.com\/es\/politica-de-cookies-2\/","name":"T\u00e9rminos de uso - Bax","isPartOf":{"@id":"https:\/\/baxcompany.com\/es\/#website"},"primaryImageOfPage":{"@id":"https:\/\/baxcompany.com\/es\/politica-de-cookies-2\/#primaryimage"},"image":{"@id":"https:\/\/baxcompany.com\/es\/politica-de-cookies-2\/#primaryimage"},"thumbnailUrl":"https:\/\/baxcompany.com\/wp-content\/uploads\/2024\/05\/bax-banner-article-black.jpg","datePublished":"2024-11-29T16:31:22+00:00","dateModified":"2026-03-09T14:36:43+00:00","breadcrumb":{"@id":"https:\/\/baxcompany.com\/es\/politica-de-cookies-2\/#breadcrumb"},"inLanguage":"es","potentialAction":[{"@type":"ReadAction","target":["https:\/\/baxcompany.com\/es\/politica-de-cookies-2\/"]}]},{"@type":"ImageObject","inLanguage":"es","@id":"https:\/\/baxcompany.com\/es\/politica-de-cookies-2\/#primaryimage","url":"https:\/\/baxcompany.com\/wp-content\/uploads\/2024\/05\/bax-banner-article-black.jpg","contentUrl":"https:\/\/baxcompany.com\/wp-content\/uploads\/2024\/05\/bax-banner-article-black.jpg","width":1200,"height":825},{"@type":"BreadcrumbList","@id":"https:\/\/baxcompany.com\/es\/politica-de-cookies-2\/#breadcrumb","itemListElement":[{"@type":"ListItem","position":1,"name":"Home","item":"https:\/\/baxcompany.com\/es\/home\/"},{"@type":"ListItem","position":2,"name":"T\u00e9rminos de uso"}]},{"@type":"WebSite","@id":"https:\/\/baxcompany.com\/es\/#website","url":"https:\/\/baxcompany.com\/es\/","name":"Bax","description":"Innovation consultancy specialising in pilots, funding and collaborations","publisher":{"@id":"https:\/\/baxcompany.com\/es\/#organization"},"potentialAction":[{"@type":"SearchAction","target":{"@type":"EntryPoint","urlTemplate":"https:\/\/baxcompany.com\/es\/?s={search_term_string}"},"query-input":{"@type":"PropertyValueSpecification","valueRequired":true,"valueName":"search_term_string"}}],"inLanguage":"es"},{"@type":"Organization","@id":"https:\/\/baxcompany.com\/es\/#organization","name":"Bax","url":"https:\/\/baxcompany.com\/es\/","logo":{"@type":"ImageObject","inLanguage":"es","@id":"https:\/\/baxcompany.com\/es\/#\/schema\/logo\/image\/","url":"https:\/\/baxcompany.com\/wp-content\/uploads\/2024\/05\/cropped-Bax-favicon.png","contentUrl":"https:\/\/baxcompany.com\/wp-content\/uploads\/2024\/05\/cropped-Bax-favicon.png","width":512,"height":512,"caption":"Bax"},"image":{"@id":"https:\/\/baxcompany.com\/es\/#\/schema\/logo\/image\/"}}]}},"jetpack_sharing_enabled":true,"_links":{"self":[{"href":"https:\/\/baxcompany.com\/es\/wp-json\/wp\/v2\/pages\/13318","targetHints":{"allow":["GET"]}}],"collection":[{"href":"https:\/\/baxcompany.com\/es\/wp-json\/wp\/v2\/pages"}],"about":[{"href":"https:\/\/baxcompany.com\/es\/wp-json\/wp\/v2\/types\/page"}],"author":[{"embeddable":true,"href":"https:\/\/baxcompany.com\/es\/wp-json\/wp\/v2\/users\/9"}],"replies":[{"embeddable":true,"href":"https:\/\/baxcompany.com\/es\/wp-json\/wp\/v2\/comments?post=13318"}],"version-history":[{"count":4,"href":"https:\/\/baxcompany.com\/es\/wp-json\/wp\/v2\/pages\/13318\/revisions"}],"predecessor-version":[{"id":21562,"href":"https:\/\/baxcompany.com\/es\/wp-json\/wp\/v2\/pages\/13318\/revisions\/21562"}],"wp:featuredmedia":[{"embeddable":true,"href":"https:\/\/baxcompany.com\/es\/wp-json\/wp\/v2\/media\/5243"}],"wp:attachment":[{"href":"https:\/\/baxcompany.com\/es\/wp-json\/wp\/v2\/media?parent=13318"}],"curies":[{"name":"wp","href":"https:\/\/api.w.org\/{rel}","templated":true}]}}