{"id":5836,"date":"2024-05-09T12:46:22","date_gmt":"2024-05-09T10:46:22","guid":{"rendered":"https:\/\/baxcompany.com\/politica-de-cookies\/"},"modified":"2026-03-09T15:35:50","modified_gmt":"2026-03-09T14:35:50","slug":"politica-de-cookies","status":"publish","type":"page","link":"https:\/\/baxcompany.com\/es\/politica-de-cookies\/","title":{"rendered":"Pol\u00edtica de cookies"},"content":{"rendered":"\t\t<div data-elementor-type=\"wp-page\" data-elementor-id=\"5836\" class=\"elementor elementor-5836 elementor-4092\" data-elementor-post-type=\"page\">\n\t\t\t\t<div class=\"elementor-element elementor-element-198e331b e-flex e-con-boxed e-con e-parent\" data-id=\"198e331b\" data-element_type=\"container\" data-e-type=\"container\">\n\t\t\t\t\t<div class=\"e-con-inner\">\n\t\t\t\t<div data-dce-text-color=\"#062A32\" class=\"elementor-element elementor-element-289ffdc3 elementor-widget elementor-widget-text-editor\" data-id=\"289ffdc3\" data-element_type=\"widget\" data-e-type=\"widget\" data-widget_type=\"text-editor.default\">\n\t\t\t\t<div class=\"elementor-widget-container\">\n\t\t\t\t\t\t\t\t\t<p>Pol\u00edtica de cookies<\/p>\n\t\t\t\t\t\t\t\t<\/div>\n\t\t\t\t<\/div>\n\t\t\t\t<div data-dce-text-color=\"#062A32\" class=\"elementor-element elementor-element-192e3b0 elementor-widget elementor-widget-text-editor\" data-id=\"192e3b0\" data-element_type=\"widget\" data-e-type=\"widget\" data-widget_type=\"text-editor.default\">\n\t\t\t\t<div class=\"elementor-widget-container\">\n\t\t\t\t\t\t\t\t\t<p>Este sitio web utiliza cookies. Al utilizar este sitio web y aceptar esta pol\u00edtica, das tu consentimiento para que Bax utilice cookies de acuerdo con los t\u00e9rminos de esta pol\u00edtica.<\/p>\n\t\t\t\t\t\t\t\t<\/div>\n\t\t\t\t<\/div>\n\t\t\t\t<div data-dce-text-color=\"#00B398\" class=\"elementor-element elementor-element-3b7477a2 elementor-widget elementor-widget-text-editor\" data-id=\"3b7477a2\" data-element_type=\"widget\" data-e-type=\"widget\" data-widget_type=\"text-editor.default\">\n\t\t\t\t<div class=\"elementor-widget-container\">\n\t\t\t\t\t\t\t\t\t<p><b>Qu\u00e9 son las cookies<\/b><\/p>\n\t\t\t\t\t\t\t\t<\/div>\n\t\t\t\t<\/div>\n\t\t\t\t<div data-dce-text-color=\"#062A32\" class=\"elementor-element elementor-element-4e58ff4b elementor-widget elementor-widget-text-editor\" data-id=\"4e58ff4b\" data-element_type=\"widget\" data-e-type=\"widget\" data-widget_type=\"text-editor.default\">\n\t\t\t\t<div class=\"elementor-widget-container\">\n\t\t\t\t\t\t\t\t\t<p>Como es pr\u00e1ctica habitual en casi todos los sitios web profesionales, este sitio utiliza cookies, que son peque\u00f1os archivos que se descargan en tu ordenador, para mejorar tu experiencia. Esta p\u00e1gina describe qu\u00e9 informaci\u00f3n recopilan, c\u00f3mo la utilizamos y por qu\u00e9 a veces necesitamos almacenar estas cookies. Tambi\u00e9n te diremos c\u00f3mo puedes evitar que se almacenen estas cookies, aunque esto puede degradar o \u00abromper\u00bb ciertos elementos de la funcionalidad del sitio. Para m\u00e1s informaci\u00f3n general sobre las cookies, consulta<a href=\"https:\/\/en.wikipedia.org\/wiki\/HTTP_cookie\"> el art\u00edculo de Wikipedia sobre Cookies HTTP.<\/a><\/p>\n\t\t\t\t\t\t\t\t<\/div>\n\t\t\t\t<\/div>\n\t\t\t\t<div data-dce-text-color=\"#00B398\" class=\"elementor-element elementor-element-1f65521a elementor-widget elementor-widget-text-editor\" data-id=\"1f65521a\" data-element_type=\"widget\" data-e-type=\"widget\" data-widget_type=\"text-editor.default\">\n\t\t\t\t<div class=\"elementor-widget-container\">\n\t\t\t\t\t\t\t\t\t<p><b>C\u00f3mo utilizamos las cookies<\/b><\/p>\n\t\t\t\t\t\t\t\t<\/div>\n\t\t\t\t<\/div>\n\t\t\t\t<div data-dce-text-color=\"#062A32\" class=\"elementor-element elementor-element-f69c204 elementor-widget elementor-widget-text-editor\" data-id=\"f69c204\" data-element_type=\"widget\" data-e-type=\"widget\" data-widget_type=\"text-editor.default\">\n\t\t\t\t<div class=\"elementor-widget-container\">\n\t\t\t\t\t\t\t\t\t<p>Utilizamos cookies por diversas razones que se detallan a continuaci\u00f3n. Lamentablemente, en la mayor\u00eda de los casos no existen opciones est\u00e1ndar para desactivar las cookies sin desactivar por completo la funcionalidad y las caracter\u00edsticas que a\u00f1aden a este sitio. Se recomienda que dejes activadas todas las cookies si no est\u00e1s seguro de si las necesitas o no en caso de que se utilicen para proporcionar un servicio que utilizas.<\/p>\n\t\t\t\t\t\t\t\t<\/div>\n\t\t\t\t<\/div>\n\t\t\t\t<div data-dce-text-color=\"#00B398\" class=\"elementor-element elementor-element-37acadc8 elementor-widget elementor-widget-text-editor\" data-id=\"37acadc8\" data-element_type=\"widget\" data-e-type=\"widget\" data-widget_type=\"text-editor.default\">\n\t\t\t\t<div class=\"elementor-widget-container\">\n\t\t\t\t\t\t\t\t\t<p><b>Desactivar las cookies<\/b><\/p>\n\t\t\t\t\t\t\t\t<\/div>\n\t\t\t\t<\/div>\n\t\t\t\t<div data-dce-text-color=\"#062A32\" class=\"elementor-element elementor-element-4f382a43 elementor-widget elementor-widget-text-editor\" data-id=\"4f382a43\" data-element_type=\"widget\" data-e-type=\"widget\" data-widget_type=\"text-editor.default\">\n\t\t\t\t<div class=\"elementor-widget-container\">\n\t\t\t\t\t\t\t\t\t<p>Puedes impedir la instalaci\u00f3n de cookies ajustando la configuraci\u00f3n de tu navegador (consulta la Ayuda de tu navegador para saber c\u00f3mo hacerlo). Ten en cuenta que desactivar las cookies afectar\u00e1 a la funcionalidad de \u00e9ste y de muchos otros sitios web que visites. Deshabilitar las cookies normalmente implicar\u00e1 tambi\u00e9n deshabilitar ciertas funciones y caracter\u00edsticas de este sitio. Por lo tanto, se recomienda que no desactives las cookies.<\/p>\n\t\t\t\t\t\t\t\t<\/div>\n\t\t\t\t<\/div>\n\t\t\t\t<div data-dce-text-color=\"#00B398\" class=\"elementor-element elementor-element-6828a9a2 elementor-widget elementor-widget-text-editor\" data-id=\"6828a9a2\" data-element_type=\"widget\" data-e-type=\"widget\" data-widget_type=\"text-editor.default\">\n\t\t\t\t<div class=\"elementor-widget-container\">\n\t\t\t\t\t\t\t\t\t<p><b>Las cookies que instalamos<\/b><\/p>\n\t\t\t\t\t\t\t\t<\/div>\n\t\t\t\t<\/div>\n\t\t\t\t<div data-dce-text-color=\"#062A32\" class=\"elementor-element elementor-element-6fa14f84 elementor-widget elementor-widget-text-editor\" data-id=\"6fa14f84\" data-element_type=\"widget\" data-e-type=\"widget\" data-widget_type=\"text-editor.default\">\n\t\t\t\t<div class=\"elementor-widget-container\">\n\t\t\t\t\t\t\t\t\t<ul>\n<li><em>Cookies relacionadas con el bolet\u00edn de noticias<\/em>. Este sitio ofrece servicios de suscripci\u00f3n a boletines o correos electr\u00f3nicos y las cookies pueden utilizarse para recordar si ya est\u00e1s registrado y para mostrar determinadas notificaciones que s\u00f3lo podr\u00edan ser v\u00e1lidas para usuarios suscritos\/no suscritos.<\/li>\n<li><em>Cookies de preferencias del sitio<\/em>. Para proporcionarte una gran experiencia en este sitio, te ofrecemos la funcionalidad de establecer tus preferencias sobre c\u00f3mo funciona este sitio cuando lo utilizas. Con el fin de recordar tus preferencias, necesitamos establecer cookies para que esta informaci\u00f3n pueda ser llamada cada vez que interact\u00faes con una p\u00e1gina se vea afectada por tus preferencias.<strong> <\/strong><\/li>\n<\/ul>\n\t\t\t\t\t\t\t\t<\/div>\n\t\t\t\t<\/div>\n\t\t\t\t<div data-dce-text-color=\"#00B398\" class=\"elementor-element elementor-element-6f82dc99 elementor-widget elementor-widget-text-editor\" data-id=\"6f82dc99\" data-element_type=\"widget\" data-e-type=\"widget\" data-widget_type=\"text-editor.default\">\n\t\t\t\t<div class=\"elementor-widget-container\">\n\t\t\t\t\t\t\t\t\t<p><b>Cookies de terceros<\/b><\/p>\n\t\t\t\t\t\t\t\t<\/div>\n\t\t\t\t<\/div>\n\t\t\t\t<div data-dce-text-color=\"#062A32\" class=\"elementor-element elementor-element-7e009a74 elementor-widget elementor-widget-text-editor\" data-id=\"7e009a74\" data-element_type=\"widget\" data-e-type=\"widget\" data-widget_type=\"text-editor.default\">\n\t\t\t\t<div class=\"elementor-widget-container\">\n\t\t\t\t\t\t\t\t\t<p>En algunos casos especiales, tambi\u00e9n utilizamos cookies proporcionadas por terceros de confianza. Este sitio utiliza Google Analytics, que es una de las soluciones anal\u00edticas m\u00e1s extendidas y fiables de la web para ayudarnos a comprender c\u00f3mo utilizas el sitio y las formas en que podemos mejorar tu experiencia. Estas cookies pueden rastrear cosas como el tiempo que pasas en el sitio y las p\u00e1ginas que visitas para que podamos seguir produciendo contenidos atractivos. Google almacenar\u00e1 y utilizar\u00e1 esta informaci\u00f3n. La pol\u00edtica de privacidad de Google est\u00e1 disponible en <a href=\"http:\/\/www.google.com\/privacypolicy.html\">http:\/\/www.google.com\/privacypolicy.html<\/a>. Para obtener m\u00e1s informaci\u00f3n sobre las cookies de Google Analytics, consulta la p\u00e1gina oficial de Google Analytics.<\/p>\n\t\t\t\t\t\t\t\t<\/div>\n\t\t\t\t<\/div>\n\t\t\t\t<div data-dce-text-color=\"#00B398\" class=\"elementor-element elementor-element-3b1a78c6 elementor-widget elementor-widget-text-editor\" data-id=\"3b1a78c6\" data-element_type=\"widget\" data-e-type=\"widget\" data-widget_type=\"text-editor.default\">\n\t\t\t\t<div class=\"elementor-widget-container\">\n\t\t\t\t\t\t\t\t\t<p><b>M\u00e1s informaci\u00f3n<\/b><\/p>\n\t\t\t\t\t\t\t\t<\/div>\n\t\t\t\t<\/div>\n\t\t\t\t<div data-dce-text-color=\"#062A32\" class=\"elementor-element elementor-element-1a0e1c16 elementor-widget elementor-widget-text-editor\" data-id=\"1a0e1c16\" data-element_type=\"widget\" data-e-type=\"widget\" data-widget_type=\"text-editor.default\">\n\t\t\t\t<div class=\"elementor-widget-container\">\n\t\t\t\t\t\t\t\t\t<div class=\"mk-page-section-wrapper\" data-mk-full-width=\"true\" data-mk-full-width-init=\"true\" data-mk-stretch-content=\"true\">\n<div id=\"page-section-2\" class=\"mk-page-section self-hosted full_layout full-width-2 js-el js-master-row jupiter-donut- mk-in-viewport\" data-intro-effect=\"false\">\n<div class=\"page-section-content vc_row-fluid mk-grid \">\n<div class=\"mk-padding-wrapper wpb_row\">\n<div class=\"vc_col-sm-12 wpb_column column_container jupiter-donut- _ jupiter-donut-height-full\">\n<div id=\"text-block-5\" class=\"mk-text-block jupiter-donut- \">\n<p>Para m\u00e1s informaci\u00f3n, escr\u00edbenos enviando un correo electr\u00f3nico a <strong>contact@baxcompany.com<\/strong>.<\/p>\n<div class=\"clearboth\"> <\/div>\n<\/div>\n<\/div>\n<\/div>\n<div class=\"clearboth\"> <\/div>\n<\/div>\n<div class=\"clearboth\"> <\/div>\n<\/div>\n<\/div>\n<div class=\"vc_row-full-width vc_clearfix\"> <\/div>\n<div class=\"wpb_row vc_row vc_row-fluid jupiter-donut- mk-fullwidth-false attched-false js-master-row mk-grid mk-in-viewport\" data-mk-stretch-content=\"true\"> <\/div>\n\t\t\t\t\t\t\t\t<\/div>\n\t\t\t\t<\/div>\n\t\t\t\t\t<\/div>\n\t\t\t\t<\/div>\n\t\t\t\t<\/div>\n\t\t","protected":false},"excerpt":{"rendered":"<p>Pol\u00edtica de cookies Este sitio web utiliza cookies. Al utilizar este sitio web y aceptar esta pol\u00edtica, das tu consentimiento para que Bax utilice cookies de acuerdo con los t\u00e9rminos de esta pol\u00edtica. Qu\u00e9 son las cookies Como es pr\u00e1ctica habitual en casi todos los sitios web profesionales, este sitio utiliza cookies, que son peque\u00f1os [&hellip;]<\/p>\n","protected":false},"author":4,"featured_media":5243,"parent":0,"menu_order":0,"comment_status":"closed","ping_status":"closed","template":"","meta":{"_acf_changed":false,"_monsterinsights_skip_tracking":false,"_monsterinsights_sitenote_active":false,"_monsterinsights_sitenote_note":"","_monsterinsights_sitenote_category":0,"footnotes":""},"class_list":["post-5836","page","type-page","status-publish","has-post-thumbnail","hentry"],"acf":[],"yoast_head":"<!-- This site is optimized with the Yoast SEO plugin v27.5 - https:\/\/yoast.com\/product\/yoast-seo-wordpress\/ -->\n<title>Pol\u00edtica de cookies - Bax<\/title>\n<meta name=\"robots\" content=\"index, follow, max-snippet:-1, max-image-preview:large, max-video-preview:-1\" \/>\n<link rel=\"canonical\" href=\"https:\/\/baxcompany.com\/es\/politica-de-cookies\/\" \/>\n<meta property=\"og:locale\" content=\"es_ES\" \/>\n<meta property=\"og:type\" content=\"article\" \/>\n<meta property=\"og:title\" content=\"Pol\u00edtica de cookies - Bax\" \/>\n<meta property=\"og:description\" content=\"Pol\u00edtica de cookies Este sitio web utiliza cookies. Al utilizar este sitio web y aceptar esta pol\u00edtica, das tu consentimiento para que Bax utilice cookies de acuerdo con los t\u00e9rminos de esta pol\u00edtica. Qu\u00e9 son las cookies Como es pr\u00e1ctica habitual en casi todos los sitios web profesionales, este sitio utiliza cookies, que son peque\u00f1os [&hellip;]\" \/>\n<meta property=\"og:url\" content=\"https:\/\/baxcompany.com\/es\/politica-de-cookies\/\" \/>\n<meta property=\"og:site_name\" content=\"Bax\" \/>\n<meta property=\"article:modified_time\" content=\"2026-03-09T14:35:50+00:00\" \/>\n<meta property=\"og:image\" content=\"https:\/\/baxcompany.com\/wp-content\/uploads\/2024\/05\/bax-banner-article-black.jpg\" \/>\n\t<meta property=\"og:image:width\" content=\"1200\" \/>\n\t<meta property=\"og:image:height\" content=\"825\" \/>\n\t<meta property=\"og:image:type\" content=\"image\/jpeg\" \/>\n<meta name=\"twitter:card\" content=\"summary_large_image\" \/>\n<meta name=\"twitter:label1\" content=\"Tiempo de lectura\" \/>\n\t<meta name=\"twitter:data1\" content=\"3 minutos\" \/>\n<script type=\"application\/ld+json\" class=\"yoast-schema-graph\">{\"@context\":\"https:\\\/\\\/schema.org\",\"@graph\":[{\"@type\":\"WebPage\",\"@id\":\"https:\\\/\\\/baxcompany.com\\\/es\\\/politica-de-cookies\\\/\",\"url\":\"https:\\\/\\\/baxcompany.com\\\/es\\\/politica-de-cookies\\\/\",\"name\":\"Pol\u00edtica de cookies - Bax\",\"isPartOf\":{\"@id\":\"https:\\\/\\\/baxcompany.com\\\/es\\\/#website\"},\"primaryImageOfPage\":{\"@id\":\"https:\\\/\\\/baxcompany.com\\\/es\\\/politica-de-cookies\\\/#primaryimage\"},\"image\":{\"@id\":\"https:\\\/\\\/baxcompany.com\\\/es\\\/politica-de-cookies\\\/#primaryimage\"},\"thumbnailUrl\":\"https:\\\/\\\/baxcompany.com\\\/wp-content\\\/uploads\\\/2024\\\/05\\\/bax-banner-article-black.jpg\",\"datePublished\":\"2024-05-09T10:46:22+00:00\",\"dateModified\":\"2026-03-09T14:35:50+00:00\",\"breadcrumb\":{\"@id\":\"https:\\\/\\\/baxcompany.com\\\/es\\\/politica-de-cookies\\\/#breadcrumb\"},\"inLanguage\":\"es\",\"potentialAction\":[{\"@type\":\"ReadAction\",\"target\":[\"https:\\\/\\\/baxcompany.com\\\/es\\\/politica-de-cookies\\\/\"]}]},{\"@type\":\"ImageObject\",\"inLanguage\":\"es\",\"@id\":\"https:\\\/\\\/baxcompany.com\\\/es\\\/politica-de-cookies\\\/#primaryimage\",\"url\":\"https:\\\/\\\/baxcompany.com\\\/wp-content\\\/uploads\\\/2024\\\/05\\\/bax-banner-article-black.jpg\",\"contentUrl\":\"https:\\\/\\\/baxcompany.com\\\/wp-content\\\/uploads\\\/2024\\\/05\\\/bax-banner-article-black.jpg\",\"width\":1200,\"height\":825},{\"@type\":\"BreadcrumbList\",\"@id\":\"https:\\\/\\\/baxcompany.com\\\/es\\\/politica-de-cookies\\\/#breadcrumb\",\"itemListElement\":[{\"@type\":\"ListItem\",\"position\":1,\"name\":\"Home\",\"item\":\"https:\\\/\\\/baxcompany.com\\\/es\\\/home\\\/\"},{\"@type\":\"ListItem\",\"position\":2,\"name\":\"Pol\u00edtica de cookies\"}]},{\"@type\":\"WebSite\",\"@id\":\"https:\\\/\\\/baxcompany.com\\\/es\\\/#website\",\"url\":\"https:\\\/\\\/baxcompany.com\\\/es\\\/\",\"name\":\"Bax\",\"description\":\"Innovation consultancy specialising in pilots, funding and collaborations\",\"publisher\":{\"@id\":\"https:\\\/\\\/baxcompany.com\\\/es\\\/#organization\"},\"potentialAction\":[{\"@type\":\"SearchAction\",\"target\":{\"@type\":\"EntryPoint\",\"urlTemplate\":\"https:\\\/\\\/baxcompany.com\\\/es\\\/?s={search_term_string}\"},\"query-input\":{\"@type\":\"PropertyValueSpecification\",\"valueRequired\":true,\"valueName\":\"search_term_string\"}}],\"inLanguage\":\"es\"},{\"@type\":\"Organization\",\"@id\":\"https:\\\/\\\/baxcompany.com\\\/es\\\/#organization\",\"name\":\"Bax\",\"url\":\"https:\\\/\\\/baxcompany.com\\\/es\\\/\",\"logo\":{\"@type\":\"ImageObject\",\"inLanguage\":\"es\",\"@id\":\"https:\\\/\\\/baxcompany.com\\\/es\\\/#\\\/schema\\\/logo\\\/image\\\/\",\"url\":\"https:\\\/\\\/baxcompany.com\\\/wp-content\\\/uploads\\\/2024\\\/05\\\/cropped-Bax-favicon.png\",\"contentUrl\":\"https:\\\/\\\/baxcompany.com\\\/wp-content\\\/uploads\\\/2024\\\/05\\\/cropped-Bax-favicon.png\",\"width\":512,\"height\":512,\"caption\":\"Bax\"},\"image\":{\"@id\":\"https:\\\/\\\/baxcompany.com\\\/es\\\/#\\\/schema\\\/logo\\\/image\\\/\"}}]}<\/script>\n<!-- \/ Yoast SEO plugin. -->","yoast_head_json":{"title":"Pol\u00edtica de cookies - Bax","robots":{"index":"index","follow":"follow","max-snippet":"max-snippet:-1","max-image-preview":"max-image-preview:large","max-video-preview":"max-video-preview:-1"},"canonical":"https:\/\/baxcompany.com\/es\/politica-de-cookies\/","og_locale":"es_ES","og_type":"article","og_title":"Pol\u00edtica de cookies - Bax","og_description":"Pol\u00edtica de cookies Este sitio web utiliza cookies. Al utilizar este sitio web y aceptar esta pol\u00edtica, das tu consentimiento para que Bax utilice cookies de acuerdo con los t\u00e9rminos de esta pol\u00edtica. Qu\u00e9 son las cookies Como es pr\u00e1ctica habitual en casi todos los sitios web profesionales, este sitio utiliza cookies, que son peque\u00f1os [&hellip;]","og_url":"https:\/\/baxcompany.com\/es\/politica-de-cookies\/","og_site_name":"Bax","article_modified_time":"2026-03-09T14:35:50+00:00","og_image":[{"width":1200,"height":825,"url":"https:\/\/baxcompany.com\/wp-content\/uploads\/2024\/05\/bax-banner-article-black.jpg","type":"image\/jpeg"}],"twitter_card":"summary_large_image","twitter_misc":{"Tiempo de lectura":"3 minutos"},"schema":{"@context":"https:\/\/schema.org","@graph":[{"@type":"WebPage","@id":"https:\/\/baxcompany.com\/es\/politica-de-cookies\/","url":"https:\/\/baxcompany.com\/es\/politica-de-cookies\/","name":"Pol\u00edtica de cookies - Bax","isPartOf":{"@id":"https:\/\/baxcompany.com\/es\/#website"},"primaryImageOfPage":{"@id":"https:\/\/baxcompany.com\/es\/politica-de-cookies\/#primaryimage"},"image":{"@id":"https:\/\/baxcompany.com\/es\/politica-de-cookies\/#primaryimage"},"thumbnailUrl":"https:\/\/baxcompany.com\/wp-content\/uploads\/2024\/05\/bax-banner-article-black.jpg","datePublished":"2024-05-09T10:46:22+00:00","dateModified":"2026-03-09T14:35:50+00:00","breadcrumb":{"@id":"https:\/\/baxcompany.com\/es\/politica-de-cookies\/#breadcrumb"},"inLanguage":"es","potentialAction":[{"@type":"ReadAction","target":["https:\/\/baxcompany.com\/es\/politica-de-cookies\/"]}]},{"@type":"ImageObject","inLanguage":"es","@id":"https:\/\/baxcompany.com\/es\/politica-de-cookies\/#primaryimage","url":"https:\/\/baxcompany.com\/wp-content\/uploads\/2024\/05\/bax-banner-article-black.jpg","contentUrl":"https:\/\/baxcompany.com\/wp-content\/uploads\/2024\/05\/bax-banner-article-black.jpg","width":1200,"height":825},{"@type":"BreadcrumbList","@id":"https:\/\/baxcompany.com\/es\/politica-de-cookies\/#breadcrumb","itemListElement":[{"@type":"ListItem","position":1,"name":"Home","item":"https:\/\/baxcompany.com\/es\/home\/"},{"@type":"ListItem","position":2,"name":"Pol\u00edtica de cookies"}]},{"@type":"WebSite","@id":"https:\/\/baxcompany.com\/es\/#website","url":"https:\/\/baxcompany.com\/es\/","name":"Bax","description":"Innovation consultancy specialising in pilots, funding and collaborations","publisher":{"@id":"https:\/\/baxcompany.com\/es\/#organization"},"potentialAction":[{"@type":"SearchAction","target":{"@type":"EntryPoint","urlTemplate":"https:\/\/baxcompany.com\/es\/?s={search_term_string}"},"query-input":{"@type":"PropertyValueSpecification","valueRequired":true,"valueName":"search_term_string"}}],"inLanguage":"es"},{"@type":"Organization","@id":"https:\/\/baxcompany.com\/es\/#organization","name":"Bax","url":"https:\/\/baxcompany.com\/es\/","logo":{"@type":"ImageObject","inLanguage":"es","@id":"https:\/\/baxcompany.com\/es\/#\/schema\/logo\/image\/","url":"https:\/\/baxcompany.com\/wp-content\/uploads\/2024\/05\/cropped-Bax-favicon.png","contentUrl":"https:\/\/baxcompany.com\/wp-content\/uploads\/2024\/05\/cropped-Bax-favicon.png","width":512,"height":512,"caption":"Bax"},"image":{"@id":"https:\/\/baxcompany.com\/es\/#\/schema\/logo\/image\/"}}]}},"jetpack_sharing_enabled":true,"_links":{"self":[{"href":"https:\/\/baxcompany.com\/es\/wp-json\/wp\/v2\/pages\/5836","targetHints":{"allow":["GET"]}}],"collection":[{"href":"https:\/\/baxcompany.com\/es\/wp-json\/wp\/v2\/pages"}],"about":[{"href":"https:\/\/baxcompany.com\/es\/wp-json\/wp\/v2\/types\/page"}],"author":[{"embeddable":true,"href":"https:\/\/baxcompany.com\/es\/wp-json\/wp\/v2\/users\/4"}],"replies":[{"embeddable":true,"href":"https:\/\/baxcompany.com\/es\/wp-json\/wp\/v2\/comments?post=5836"}],"version-history":[{"count":1,"href":"https:\/\/baxcompany.com\/es\/wp-json\/wp\/v2\/pages\/5836\/revisions"}],"predecessor-version":[{"id":5838,"href":"https:\/\/baxcompany.com\/es\/wp-json\/wp\/v2\/pages\/5836\/revisions\/5838"}],"wp:featuredmedia":[{"embeddable":true,"href":"https:\/\/baxcompany.com\/es\/wp-json\/wp\/v2\/media\/5243"}],"wp:attachment":[{"href":"https:\/\/baxcompany.com\/es\/wp-json\/wp\/v2\/media?parent=5836"}],"curies":[{"name":"wp","href":"https:\/\/api.w.org\/{rel}","templated":true}]}}