{"id":5841,"date":"2024-05-09T12:55:35","date_gmt":"2024-05-09T10:55:35","guid":{"rendered":"https:\/\/baxcompany.com\/descargo-de-responsabilidad\/"},"modified":"2026-03-09T15:35:51","modified_gmt":"2026-03-09T14:35:51","slug":"descargo-de-responsabilidad","status":"publish","type":"page","link":"https:\/\/baxcompany.com\/es\/descargo-de-responsabilidad\/","title":{"rendered":"Descargo de responsabilidad"},"content":{"rendered":"\t\t<div data-elementor-type=\"wp-page\" data-elementor-id=\"5841\" class=\"elementor elementor-5841 elementor-4454\" data-elementor-post-type=\"page\">\n\t\t\t\t<div class=\"elementor-element elementor-element-5cbba813 e-flex e-con-boxed e-con e-parent\" data-id=\"5cbba813\" data-element_type=\"container\" data-e-type=\"container\">\n\t\t\t\t\t<div class=\"e-con-inner\">\n\t\t\t\t<div data-dce-text-color=\"#062A32\" class=\"elementor-element elementor-element-45bcda5a elementor-widget elementor-widget-text-editor\" data-id=\"45bcda5a\" data-element_type=\"widget\" data-e-type=\"widget\" data-widget_type=\"text-editor.default\">\n\t\t\t\t<div class=\"elementor-widget-container\">\n\t\t\t\t\t\t\t\t\t<p>Descargo de responsabilidad<\/p>\n\t\t\t\t\t\t\t\t<\/div>\n\t\t\t\t<\/div>\n\t\t\t\t<div data-dce-text-color=\"#00B398\" class=\"elementor-element elementor-element-20334647 elementor-widget elementor-widget-text-editor\" data-id=\"20334647\" data-element_type=\"widget\" data-e-type=\"widget\" data-widget_type=\"text-editor.default\">\n\t\t\t\t<div class=\"elementor-widget-container\">\n\t\t\t\t\t\t\t\t\t<ol>\n<li><strong>Ninguna responsabilidad por errores u omisiones<\/strong><\/li>\n<\/ol>\n\t\t\t\t\t\t\t\t<\/div>\n\t\t\t\t<\/div>\n\t\t\t\t<div data-dce-text-color=\"#062A32\" class=\"elementor-element elementor-element-3e542fee elementor-widget elementor-widget-text-editor\" data-id=\"3e542fee\" data-element_type=\"widget\" data-e-type=\"widget\" data-widget_type=\"text-editor.default\">\n\t\t\t\t<div class=\"elementor-widget-container\">\n\t\t\t\t\t\t\t\t\t<p>La informaci\u00f3n contenida en este Sitio Web ha sido facilitada por Bax Innovation Consulting, S.L. comercializando como Bax (en adelante \u00abBax\u00bb) \u00fanicamente con fines informativos. Esta informaci\u00f3n no constituye asesoramiento jur\u00eddico, profesional o comercial. Aunque se han tomado todas las precauciones posibles para asegurar que el contenido sea \u00fatil y exacto, Bax no ofrece garant\u00edas, compromisos ni garant\u00edas a este respecto, y no acepta ninguna responsabilidad legal por el contenido o la exactitud de la informaci\u00f3n proporcionada, o por cualquier p\u00e9rdida o da\u00f1o causado que surja directa o indirectamente en relaci\u00f3n con la confianza en el uso de dicha informaci\u00f3n. Cualquier error u omisi\u00f3n se\u00f1alado a Bax ser\u00e1 corregido lo antes posible.<\/p>\n<p>La informaci\u00f3n de este sitio web puede contener imprecisiones t\u00e9cnicas y errores tipogr\u00e1ficos. La informaci\u00f3n de este sitio web puede actualizarse de vez en cuando y, en ocasiones, puede estar desfasada. Bax no asume ninguna responsabilidad por mantener actualizada la informaci\u00f3n de este sitio web ni ninguna responsabilidad por no hacerlo.<\/p>\n\t\t\t\t\t\t\t\t<\/div>\n\t\t\t\t<\/div>\n\t\t\t\t<div data-dce-text-color=\"#00B398\" class=\"elementor-element elementor-element-10850187 elementor-widget elementor-widget-text-editor\" data-id=\"10850187\" data-element_type=\"widget\" data-e-type=\"widget\" data-widget_type=\"text-editor.default\">\n\t\t\t\t<div class=\"elementor-widget-container\">\n\t\t\t\t\t\t\t\t\t<ol start=\"2\">\n<li><strong>El material de este sitio web no constituye asesoramiento jur\u00eddico y\/o profesional<\/strong><\/li>\n<\/ol>\n\t\t\t\t\t\t\t\t<\/div>\n\t\t\t\t<\/div>\n\t\t\t\t<div data-dce-text-color=\"#062A32\" class=\"elementor-element elementor-element-33c2d927 elementor-widget elementor-widget-text-editor\" data-id=\"33c2d927\" data-element_type=\"widget\" data-e-type=\"widget\" data-widget_type=\"text-editor.default\">\n\t\t\t\t<div class=\"elementor-widget-container\">\n\t\t\t\t\t\t\t\t\t<p>Los puntos de vista, opiniones y orientaciones expuestos en este sitio web se facilitan \u00fanicamente con fines informativos, y no pretenden ser un asesoramiento jur\u00eddico y\/o profesional ni una interpretaci\u00f3n definitiva de ninguna ley. Cualquier persona que contemple la posibilidad de actuar en relaci\u00f3n con los asuntos expuestos en este sitio web debe obtener asesoramiento de un asesor profesional debidamente cualificado en funci\u00f3n de sus necesidades particulares.<\/p>\n\t\t\t\t\t\t\t\t<\/div>\n\t\t\t\t<\/div>\n\t\t\t\t<div data-dce-text-color=\"#00B398\" class=\"elementor-element elementor-element-698d4d33 elementor-widget elementor-widget-text-editor\" data-id=\"698d4d33\" data-element_type=\"widget\" data-e-type=\"widget\" data-widget_type=\"text-editor.default\">\n\t\t\t\t<div class=\"elementor-widget-container\">\n\t\t\t\t\t\t\t\t\t<ol start=\"3\">\n<li><strong>Sin garant\u00eda ni aval<\/strong><\/li>\n<\/ol>\n\t\t\t\t\t\t\t\t<\/div>\n\t\t\t\t<\/div>\n\t\t\t\t<div data-dce-text-color=\"#062A32\" class=\"elementor-element elementor-element-12dc947b elementor-widget elementor-widget-text-editor\" data-id=\"12dc947b\" data-element_type=\"widget\" data-e-type=\"widget\" data-widget_type=\"text-editor.default\">\n\t\t\t\t<div class=\"elementor-widget-container\">\n\t\t\t\t\t\t\t\t\t<p>Bax no ofrece ninguna garant\u00eda, expresa o impl\u00edcita, incluidas las garant\u00edas de comerciabilidad e idoneidad para un fin determinado, ni asume ninguna responsabilidad legal por la exactitud, integridad o utilidad de cualquier informaci\u00f3n, aparato, producto o proceso divulgado, ni declara que su uso no infrinja derechos de propiedad privada.<\/p>\n<p>La referencia en este Sitio Web a cualquier producto, proceso o servicio comercial espec\u00edfico por su nombre comercial, marca registrada, fabricante u otro, no constituye ni implica necesariamente su aprobaci\u00f3n, recomendaci\u00f3n o favorecimiento por parte de Bax. Los puntos de vista y opiniones de los autores aqu\u00ed expresados no reflejan necesariamente los de Bax y no se utilizar\u00e1n con fines publicitarios o de promoci\u00f3n de productos.<\/p>\n\t\t\t\t\t\t\t\t<\/div>\n\t\t\t\t<\/div>\n\t\t\t\t<div data-dce-text-color=\"#00B398\" class=\"elementor-element elementor-element-390d8222 elementor-widget elementor-widget-text-editor\" data-id=\"390d8222\" data-element_type=\"widget\" data-e-type=\"widget\" data-widget_type=\"text-editor.default\">\n\t\t\t\t<div class=\"elementor-widget-container\">\n\t\t\t\t\t\t\t\t\t<ol start=\"4\">\n<li><strong>Ninguna responsabilidad sobre otros sitios web<\/strong><\/li>\n<\/ol>\n\t\t\t\t\t\t\t\t<\/div>\n\t\t\t\t<\/div>\n\t\t\t\t<div data-dce-text-color=\"#062A32\" class=\"elementor-element elementor-element-4fee203f elementor-widget elementor-widget-text-editor\" data-id=\"4fee203f\" data-element_type=\"widget\" data-e-type=\"widget\" data-widget_type=\"text-editor.default\">\n\t\t\t\t<div class=\"elementor-widget-container\">\n\t\t\t\t\t\t\t\t\t<p>Cuando accedas a otros sitios web externos a trav\u00e9s de un enlace desde el sitio web de Bax, ten en cuenta que Bax no tiene control sobre el contenido de los sitios web externos. Los enlaces a sitios web externos se facilitan \u00fanicamente por comodidad, y no deben tomarse como una aprobaci\u00f3n por parte de Bax de los contenidos o pr\u00e1cticas de dichos sitios web externos, de los que Bax no asume responsabilidad alguna.<\/p>\n\t\t\t\t\t\t\t\t<\/div>\n\t\t\t\t<\/div>\n\t\t\t\t<div data-dce-text-color=\"#00B398\" class=\"elementor-element elementor-element-79fefd70 elementor-widget elementor-widget-text-editor\" data-id=\"79fefd70\" data-element_type=\"widget\" data-e-type=\"widget\" data-widget_type=\"text-editor.default\">\n\t\t\t\t<div class=\"elementor-widget-container\">\n\t\t\t\t\t\t\t\t\t<ol start=\"5\">\n<li><strong>Empresa y productos de terceros (reales y ficticios)<\/strong><\/li>\n<\/ol>\n\t\t\t\t\t\t\t\t<\/div>\n\t\t\t\t<\/div>\n\t\t\t\t<div data-dce-text-color=\"#062A32\" class=\"elementor-element elementor-element-2281697 elementor-widget elementor-widget-text-editor\" data-id=\"2281697\" data-element_type=\"widget\" data-e-type=\"widget\" data-widget_type=\"text-editor.default\">\n\t\t\t\t<div class=\"elementor-widget-container\">\n\t\t\t\t\t\t\t\t\t<p>Cualquier referencia o menci\u00f3n a empresas y\/o productos de terceros en el sitio web de Bax, tiene fines meramente informativos. Esta informaci\u00f3n no constituye ni una aprobaci\u00f3n ni una recomendaci\u00f3n. A menos que se indique claramente lo contrario, todos los productos y\/o servicios de terceros deben pedirse directamente al vendedor y todas las licencias y garant\u00edas tienen lugar entre t\u00fa y el vendedor. Bax no acepta responsabilidad alguna por el uso o mal uso de terceras empresas y sus productos y\/o servicios.<\/p>\n\t\t\t\t\t\t\t\t<\/div>\n\t\t\t\t<\/div>\n\t\t\t\t<div data-dce-text-color=\"#00B398\" class=\"elementor-element elementor-element-242620e elementor-widget elementor-widget-text-editor\" data-id=\"242620e\" data-element_type=\"widget\" data-e-type=\"widget\" data-widget_type=\"text-editor.default\">\n\t\t\t\t<div class=\"elementor-widget-container\">\n\t\t\t\t\t\t\t\t\t<ol start=\"6\">\n<li><strong>Declaraciones prospectivas<\/strong><\/li>\n<\/ol>\n\t\t\t\t\t\t\t\t<\/div>\n\t\t\t\t<\/div>\n\t\t\t\t<div data-dce-text-color=\"#062A32\" class=\"elementor-element elementor-element-5cbf15c9 elementor-widget elementor-widget-text-editor\" data-id=\"5cbf15c9\" data-element_type=\"widget\" data-e-type=\"widget\" data-widget_type=\"text-editor.default\">\n\t\t\t\t<div class=\"elementor-widget-container\">\n\t\t\t\t\t\t\t\t\t<p>Este sitio web contiene declaraciones prospectivas basadas en creencias de la direcci\u00f3n de Bax. Cuando se utilizan en este sitio web, palabras como \u00abprever\u00bb, \u00abcreer\u00bb, \u00abestimar\u00bb, \u00abesperar\u00bb, \u00abpretender\u00bb, \u00abplanificar\u00bb y \u00abproyectar\u00bb pretenden identificar las declaraciones prospectivas. Dichas afirmaciones reflejan las opiniones de Bax en la fecha en que se realizaron con respecto a acontecimientos futuros y est\u00e1n sujetas a riesgos e incertidumbres. Muchos factores podr\u00edan hacer que los resultados reales fueran materialmente diferentes de los proyectados aqu\u00ed, incluyendo, entre otros, cambios en las condiciones econ\u00f3micas y empresariales generales, cambios en los tipos de cambio de divisas y en los tipos de inter\u00e9s, introducci\u00f3n de productos de la competencia, falta de aceptaci\u00f3n de nuevos productos o servicios y cambios en la estrategia empresarial. Bax renuncia a cualquier intenci\u00f3n u obligaci\u00f3n de actualizar estas declaraciones prospectivas.<\/p><\/p>\n\t\t\t\t\t\t\t\t<\/div>\n\t\t\t\t<\/div>\n\t\t\t\t\t<\/div>\n\t\t\t\t<\/div>\n\t\t\t\t<\/div>\n\t\t","protected":false},"excerpt":{"rendered":"<p>Descargo de responsabilidad Ninguna responsabilidad por errores u omisiones La informaci\u00f3n contenida en este Sitio Web ha sido facilitada por Bax Innovation Consulting, S.L. comercializando como Bax (en adelante \u00abBax\u00bb) \u00fanicamente con fines informativos. Esta informaci\u00f3n no constituye asesoramiento jur\u00eddico, profesional o comercial. Aunque se han tomado todas las precauciones posibles para asegurar que el [&hellip;]<\/p>\n","protected":false},"author":4,"featured_media":5243,"parent":0,"menu_order":0,"comment_status":"closed","ping_status":"closed","template":"","meta":{"_acf_changed":false,"_monsterinsights_skip_tracking":false,"_monsterinsights_sitenote_active":false,"_monsterinsights_sitenote_note":"","_monsterinsights_sitenote_category":0,"footnotes":""},"class_list":["post-5841","page","type-page","status-publish","has-post-thumbnail","hentry"],"acf":[],"yoast_head":"<!-- This site is optimized with the Yoast SEO plugin v27.5 - https:\/\/yoast.com\/product\/yoast-seo-wordpress\/ -->\n<title>Descargo de responsabilidad - Bax<\/title>\n<meta name=\"robots\" content=\"index, follow, max-snippet:-1, max-image-preview:large, max-video-preview:-1\" \/>\n<link rel=\"canonical\" href=\"https:\/\/baxcompany.com\/es\/descargo-de-responsabilidad\/\" \/>\n<meta property=\"og:locale\" content=\"es_ES\" \/>\n<meta property=\"og:type\" content=\"article\" \/>\n<meta property=\"og:title\" content=\"Descargo de responsabilidad - Bax\" \/>\n<meta property=\"og:description\" content=\"Descargo de responsabilidad Ninguna responsabilidad por errores u omisiones La informaci\u00f3n contenida en este Sitio Web ha sido facilitada por Bax Innovation Consulting, S.L. comercializando como Bax (en adelante \u00abBax\u00bb) \u00fanicamente con fines informativos. Esta informaci\u00f3n no constituye asesoramiento jur\u00eddico, profesional o comercial. Aunque se han tomado todas las precauciones posibles para asegurar que el [&hellip;]\" \/>\n<meta property=\"og:url\" content=\"https:\/\/baxcompany.com\/es\/descargo-de-responsabilidad\/\" \/>\n<meta property=\"og:site_name\" content=\"Bax\" \/>\n<meta property=\"article:modified_time\" content=\"2026-03-09T14:35:51+00:00\" \/>\n<meta property=\"og:image\" content=\"https:\/\/baxcompany.com\/wp-content\/uploads\/2024\/05\/bax-banner-article-black.jpg\" \/>\n\t<meta property=\"og:image:width\" content=\"1200\" \/>\n\t<meta property=\"og:image:height\" content=\"825\" \/>\n\t<meta property=\"og:image:type\" content=\"image\/jpeg\" \/>\n<meta name=\"twitter:card\" content=\"summary_large_image\" \/>\n<meta name=\"twitter:label1\" content=\"Tiempo de lectura\" \/>\n\t<meta name=\"twitter:data1\" content=\"4 minutos\" \/>\n<script type=\"application\/ld+json\" class=\"yoast-schema-graph\">{\"@context\":\"https:\\\/\\\/schema.org\",\"@graph\":[{\"@type\":\"WebPage\",\"@id\":\"https:\\\/\\\/baxcompany.com\\\/es\\\/descargo-de-responsabilidad\\\/\",\"url\":\"https:\\\/\\\/baxcompany.com\\\/es\\\/descargo-de-responsabilidad\\\/\",\"name\":\"Descargo de responsabilidad - Bax\",\"isPartOf\":{\"@id\":\"https:\\\/\\\/baxcompany.com\\\/es\\\/#website\"},\"primaryImageOfPage\":{\"@id\":\"https:\\\/\\\/baxcompany.com\\\/es\\\/descargo-de-responsabilidad\\\/#primaryimage\"},\"image\":{\"@id\":\"https:\\\/\\\/baxcompany.com\\\/es\\\/descargo-de-responsabilidad\\\/#primaryimage\"},\"thumbnailUrl\":\"https:\\\/\\\/baxcompany.com\\\/wp-content\\\/uploads\\\/2024\\\/05\\\/bax-banner-article-black.jpg\",\"datePublished\":\"2024-05-09T10:55:35+00:00\",\"dateModified\":\"2026-03-09T14:35:51+00:00\",\"breadcrumb\":{\"@id\":\"https:\\\/\\\/baxcompany.com\\\/es\\\/descargo-de-responsabilidad\\\/#breadcrumb\"},\"inLanguage\":\"es\",\"potentialAction\":[{\"@type\":\"ReadAction\",\"target\":[\"https:\\\/\\\/baxcompany.com\\\/es\\\/descargo-de-responsabilidad\\\/\"]}]},{\"@type\":\"ImageObject\",\"inLanguage\":\"es\",\"@id\":\"https:\\\/\\\/baxcompany.com\\\/es\\\/descargo-de-responsabilidad\\\/#primaryimage\",\"url\":\"https:\\\/\\\/baxcompany.com\\\/wp-content\\\/uploads\\\/2024\\\/05\\\/bax-banner-article-black.jpg\",\"contentUrl\":\"https:\\\/\\\/baxcompany.com\\\/wp-content\\\/uploads\\\/2024\\\/05\\\/bax-banner-article-black.jpg\",\"width\":1200,\"height\":825},{\"@type\":\"BreadcrumbList\",\"@id\":\"https:\\\/\\\/baxcompany.com\\\/es\\\/descargo-de-responsabilidad\\\/#breadcrumb\",\"itemListElement\":[{\"@type\":\"ListItem\",\"position\":1,\"name\":\"Home\",\"item\":\"https:\\\/\\\/baxcompany.com\\\/es\\\/home\\\/\"},{\"@type\":\"ListItem\",\"position\":2,\"name\":\"Descargo de responsabilidad\"}]},{\"@type\":\"WebSite\",\"@id\":\"https:\\\/\\\/baxcompany.com\\\/es\\\/#website\",\"url\":\"https:\\\/\\\/baxcompany.com\\\/es\\\/\",\"name\":\"Bax\",\"description\":\"Innovation consultancy specialising in pilots, funding and collaborations\",\"publisher\":{\"@id\":\"https:\\\/\\\/baxcompany.com\\\/es\\\/#organization\"},\"potentialAction\":[{\"@type\":\"SearchAction\",\"target\":{\"@type\":\"EntryPoint\",\"urlTemplate\":\"https:\\\/\\\/baxcompany.com\\\/es\\\/?s={search_term_string}\"},\"query-input\":{\"@type\":\"PropertyValueSpecification\",\"valueRequired\":true,\"valueName\":\"search_term_string\"}}],\"inLanguage\":\"es\"},{\"@type\":\"Organization\",\"@id\":\"https:\\\/\\\/baxcompany.com\\\/es\\\/#organization\",\"name\":\"Bax\",\"url\":\"https:\\\/\\\/baxcompany.com\\\/es\\\/\",\"logo\":{\"@type\":\"ImageObject\",\"inLanguage\":\"es\",\"@id\":\"https:\\\/\\\/baxcompany.com\\\/es\\\/#\\\/schema\\\/logo\\\/image\\\/\",\"url\":\"https:\\\/\\\/baxcompany.com\\\/wp-content\\\/uploads\\\/2024\\\/05\\\/cropped-Bax-favicon.png\",\"contentUrl\":\"https:\\\/\\\/baxcompany.com\\\/wp-content\\\/uploads\\\/2024\\\/05\\\/cropped-Bax-favicon.png\",\"width\":512,\"height\":512,\"caption\":\"Bax\"},\"image\":{\"@id\":\"https:\\\/\\\/baxcompany.com\\\/es\\\/#\\\/schema\\\/logo\\\/image\\\/\"}}]}<\/script>\n<!-- \/ Yoast SEO plugin. -->","yoast_head_json":{"title":"Descargo de responsabilidad - Bax","robots":{"index":"index","follow":"follow","max-snippet":"max-snippet:-1","max-image-preview":"max-image-preview:large","max-video-preview":"max-video-preview:-1"},"canonical":"https:\/\/baxcompany.com\/es\/descargo-de-responsabilidad\/","og_locale":"es_ES","og_type":"article","og_title":"Descargo de responsabilidad - Bax","og_description":"Descargo de responsabilidad Ninguna responsabilidad por errores u omisiones La informaci\u00f3n contenida en este Sitio Web ha sido facilitada por Bax Innovation Consulting, S.L. comercializando como Bax (en adelante \u00abBax\u00bb) \u00fanicamente con fines informativos. Esta informaci\u00f3n no constituye asesoramiento jur\u00eddico, profesional o comercial. Aunque se han tomado todas las precauciones posibles para asegurar que el [&hellip;]","og_url":"https:\/\/baxcompany.com\/es\/descargo-de-responsabilidad\/","og_site_name":"Bax","article_modified_time":"2026-03-09T14:35:51+00:00","og_image":[{"width":1200,"height":825,"url":"https:\/\/baxcompany.com\/wp-content\/uploads\/2024\/05\/bax-banner-article-black.jpg","type":"image\/jpeg"}],"twitter_card":"summary_large_image","twitter_misc":{"Tiempo de lectura":"4 minutos"},"schema":{"@context":"https:\/\/schema.org","@graph":[{"@type":"WebPage","@id":"https:\/\/baxcompany.com\/es\/descargo-de-responsabilidad\/","url":"https:\/\/baxcompany.com\/es\/descargo-de-responsabilidad\/","name":"Descargo de responsabilidad - Bax","isPartOf":{"@id":"https:\/\/baxcompany.com\/es\/#website"},"primaryImageOfPage":{"@id":"https:\/\/baxcompany.com\/es\/descargo-de-responsabilidad\/#primaryimage"},"image":{"@id":"https:\/\/baxcompany.com\/es\/descargo-de-responsabilidad\/#primaryimage"},"thumbnailUrl":"https:\/\/baxcompany.com\/wp-content\/uploads\/2024\/05\/bax-banner-article-black.jpg","datePublished":"2024-05-09T10:55:35+00:00","dateModified":"2026-03-09T14:35:51+00:00","breadcrumb":{"@id":"https:\/\/baxcompany.com\/es\/descargo-de-responsabilidad\/#breadcrumb"},"inLanguage":"es","potentialAction":[{"@type":"ReadAction","target":["https:\/\/baxcompany.com\/es\/descargo-de-responsabilidad\/"]}]},{"@type":"ImageObject","inLanguage":"es","@id":"https:\/\/baxcompany.com\/es\/descargo-de-responsabilidad\/#primaryimage","url":"https:\/\/baxcompany.com\/wp-content\/uploads\/2024\/05\/bax-banner-article-black.jpg","contentUrl":"https:\/\/baxcompany.com\/wp-content\/uploads\/2024\/05\/bax-banner-article-black.jpg","width":1200,"height":825},{"@type":"BreadcrumbList","@id":"https:\/\/baxcompany.com\/es\/descargo-de-responsabilidad\/#breadcrumb","itemListElement":[{"@type":"ListItem","position":1,"name":"Home","item":"https:\/\/baxcompany.com\/es\/home\/"},{"@type":"ListItem","position":2,"name":"Descargo de responsabilidad"}]},{"@type":"WebSite","@id":"https:\/\/baxcompany.com\/es\/#website","url":"https:\/\/baxcompany.com\/es\/","name":"Bax","description":"Innovation consultancy specialising in pilots, funding and collaborations","publisher":{"@id":"https:\/\/baxcompany.com\/es\/#organization"},"potentialAction":[{"@type":"SearchAction","target":{"@type":"EntryPoint","urlTemplate":"https:\/\/baxcompany.com\/es\/?s={search_term_string}"},"query-input":{"@type":"PropertyValueSpecification","valueRequired":true,"valueName":"search_term_string"}}],"inLanguage":"es"},{"@type":"Organization","@id":"https:\/\/baxcompany.com\/es\/#organization","name":"Bax","url":"https:\/\/baxcompany.com\/es\/","logo":{"@type":"ImageObject","inLanguage":"es","@id":"https:\/\/baxcompany.com\/es\/#\/schema\/logo\/image\/","url":"https:\/\/baxcompany.com\/wp-content\/uploads\/2024\/05\/cropped-Bax-favicon.png","contentUrl":"https:\/\/baxcompany.com\/wp-content\/uploads\/2024\/05\/cropped-Bax-favicon.png","width":512,"height":512,"caption":"Bax"},"image":{"@id":"https:\/\/baxcompany.com\/es\/#\/schema\/logo\/image\/"}}]}},"jetpack_sharing_enabled":true,"_links":{"self":[{"href":"https:\/\/baxcompany.com\/es\/wp-json\/wp\/v2\/pages\/5841","targetHints":{"allow":["GET"]}}],"collection":[{"href":"https:\/\/baxcompany.com\/es\/wp-json\/wp\/v2\/pages"}],"about":[{"href":"https:\/\/baxcompany.com\/es\/wp-json\/wp\/v2\/types\/page"}],"author":[{"embeddable":true,"href":"https:\/\/baxcompany.com\/es\/wp-json\/wp\/v2\/users\/4"}],"replies":[{"embeddable":true,"href":"https:\/\/baxcompany.com\/es\/wp-json\/wp\/v2\/comments?post=5841"}],"version-history":[{"count":1,"href":"https:\/\/baxcompany.com\/es\/wp-json\/wp\/v2\/pages\/5841\/revisions"}],"predecessor-version":[{"id":5844,"href":"https:\/\/baxcompany.com\/es\/wp-json\/wp\/v2\/pages\/5841\/revisions\/5844"}],"wp:featuredmedia":[{"embeddable":true,"href":"https:\/\/baxcompany.com\/es\/wp-json\/wp\/v2\/media\/5243"}],"wp:attachment":[{"href":"https:\/\/baxcompany.com\/es\/wp-json\/wp\/v2\/media?parent=5841"}],"curies":[{"name":"wp","href":"https:\/\/api.w.org\/{rel}","templated":true}]}}