{"id":5833,"date":"2024-05-09T12:55:35","date_gmt":"2024-05-09T10:55:35","guid":{"rendered":"https:\/\/baxcompany.com\/clause-de-non-responsabilite\/"},"modified":"2026-03-09T15:36:06","modified_gmt":"2026-03-09T14:36:06","slug":"clause-de-non-responsabilite","status":"publish","type":"page","link":"https:\/\/baxcompany.com\/fr\/clause-de-non-responsabilite\/","title":{"rendered":"Clause de non-responsabilit\u00e9"},"content":{"rendered":"\t\t<div data-elementor-type=\"wp-page\" data-elementor-id=\"5833\" class=\"elementor elementor-5833 elementor-4454\" data-elementor-post-type=\"page\">\n\t\t\t\t<div class=\"elementor-element elementor-element-5cbba813 e-flex e-con-boxed e-con e-parent\" data-id=\"5cbba813\" data-element_type=\"container\" data-e-type=\"container\">\n\t\t\t\t\t<div class=\"e-con-inner\">\n\t\t\t\t<div data-dce-text-color=\"#062A32\" class=\"elementor-element elementor-element-45bcda5a elementor-widget elementor-widget-text-editor\" data-id=\"45bcda5a\" data-element_type=\"widget\" data-e-type=\"widget\" data-widget_type=\"text-editor.default\">\n\t\t\t\t<div class=\"elementor-widget-container\">\n\t\t\t\t\t\t\t\t\t<p>Clause de non-responsabilit\u00e9<\/p>\n\t\t\t\t\t\t\t\t<\/div>\n\t\t\t\t<\/div>\n\t\t\t\t<div data-dce-text-color=\"#00B398\" class=\"elementor-element elementor-element-20334647 elementor-widget elementor-widget-text-editor\" data-id=\"20334647\" data-element_type=\"widget\" data-e-type=\"widget\" data-widget_type=\"text-editor.default\">\n\t\t\t\t<div class=\"elementor-widget-container\">\n\t\t\t\t\t\t\t\t\t<ol>\n<li><strong>Aucune responsabilit\u00e9 en cas d&rsquo;erreur ou d&rsquo;omission<\/strong><\/li>\n<\/ol>\n\t\t\t\t\t\t\t\t<\/div>\n\t\t\t\t<\/div>\n\t\t\t\t<div data-dce-text-color=\"#062A32\" class=\"elementor-element elementor-element-3e542fee elementor-widget elementor-widget-text-editor\" data-id=\"3e542fee\" data-element_type=\"widget\" data-e-type=\"widget\" data-widget_type=\"text-editor.default\">\n\t\t\t\t<div class=\"elementor-widget-container\">\n\t\t\t\t\t\t\t\t\t<p>Les informations contenues dans ce site Web ont \u00e9t\u00e9 fournies par Bax Innovation Consulting, S.L. trading as Bax (ci-apr\u00e8s \u00ab\u00a0Bax\u00a0\u00bb) \u00e0 des fins d&rsquo;information uniquement. Ces informations ne constituent pas un avis juridique, professionnel ou commercial. Bien que toutes les pr\u00e9cautions aient \u00e9t\u00e9 prises pour assurer l&rsquo;utilit\u00e9 et l&rsquo;exactitude du contenu, Bax ne donne aucune garantie ou engagement \u00e0 cet \u00e9gard, et n&rsquo;accepte aucune responsabilit\u00e9 l\u00e9gale pour le contenu ou l&rsquo;exactitude des informations ainsi fournies, ou pour toute perte ou tout dommage caus\u00e9 directement ou indirectement en relation avec l&rsquo;utilisation de ces informations. Toute erreur ou omission port\u00e9e \u00e0 la connaissance de Bax sera corrig\u00e9e dans les meilleurs d\u00e9lais.<\/p>\n<p>Les informations contenues dans ce site web peuvent contenir des inexactitudes techniques et des erreurs typographiques. Les informations contenues dans ce site web peuvent \u00eatre mises \u00e0 jour de temps \u00e0 autre et peuvent parfois \u00eatre obsol\u00e8tes. Bax n&rsquo;assume aucune responsabilit\u00e9 quant \u00e0 la mise \u00e0 jour des informations contenues dans ce site web, ni aucune responsabilit\u00e9 quant \u00e0 l&rsquo;absence de mise \u00e0 jour.<\/p>\n\t\t\t\t\t\t\t\t<\/div>\n\t\t\t\t<\/div>\n\t\t\t\t<div data-dce-text-color=\"#00B398\" class=\"elementor-element elementor-element-10850187 elementor-widget elementor-widget-text-editor\" data-id=\"10850187\" data-element_type=\"widget\" data-e-type=\"widget\" data-widget_type=\"text-editor.default\">\n\t\t\t\t<div class=\"elementor-widget-container\">\n\t\t\t\t\t\t\t\t\t<ol start=\"2\">\n<li><strong>Le contenu de ce site web ne constitue pas un avis juridique et\/ou professionnel.<\/strong><\/li>\n<\/ol>\n\t\t\t\t\t\t\t\t<\/div>\n\t\t\t\t<\/div>\n\t\t\t\t<div data-dce-text-color=\"#062A32\" class=\"elementor-element elementor-element-33c2d927 elementor-widget elementor-widget-text-editor\" data-id=\"33c2d927\" data-element_type=\"widget\" data-e-type=\"widget\" data-widget_type=\"text-editor.default\">\n\t\t\t\t<div class=\"elementor-widget-container\">\n\t\t\t\t\t\t\t\t\t<p>Les points de vue, opinions et orientations pr\u00e9sent\u00e9s sur ce site web sont fournis \u00e0 titre d&rsquo;information uniquement et ne pr\u00e9tendent pas \u00eatre des conseils juridiques et\/ou professionnels ou une interpr\u00e9tation d\u00e9finitive d&rsquo;une loi. Toute personne envisageant de prendre des mesures en rapport avec les questions expos\u00e9es sur ce site web devrait demander l&rsquo;avis d&rsquo;un conseiller professionnel d\u00fbment qualifi\u00e9 en fonction de ses besoins particuliers.<\/p>\n\t\t\t\t\t\t\t\t<\/div>\n\t\t\t\t<\/div>\n\t\t\t\t<div data-dce-text-color=\"#00B398\" class=\"elementor-element elementor-element-698d4d33 elementor-widget elementor-widget-text-editor\" data-id=\"698d4d33\" data-element_type=\"widget\" data-e-type=\"widget\" data-widget_type=\"text-editor.default\">\n\t\t\t\t<div class=\"elementor-widget-container\">\n\t\t\t\t\t\t\t\t\t<ol start=\"3\">\n<li><strong>Aucune garantie ou approbation<\/strong><\/li>\n<\/ol>\n\t\t\t\t\t\t\t\t<\/div>\n\t\t\t\t<\/div>\n\t\t\t\t<div data-dce-text-color=\"#062A32\" class=\"elementor-element elementor-element-12dc947b elementor-widget elementor-widget-text-editor\" data-id=\"12dc947b\" data-element_type=\"widget\" data-e-type=\"widget\" data-widget_type=\"text-editor.default\">\n\t\t\t\t<div class=\"elementor-widget-container\">\n\t\t\t\t\t\t\t\t\t<p>Bax ne donne aucune garantie, expresse ou implicite, y compris les garanties de qualit\u00e9 marchande et d&rsquo;ad\u00e9quation \u00e0 un usage particulier, et n&rsquo;assume aucune responsabilit\u00e9 l\u00e9gale quant \u00e0 l&rsquo;exactitude, l&rsquo;exhaustivit\u00e9 ou l&rsquo;utilit\u00e9 des informations, appareils, produits ou processus divulgu\u00e9s, ni ne d\u00e9clare que leur utilisation n&rsquo;enfreindrait pas des droits de propri\u00e9t\u00e9 priv\u00e9e.<\/p>\n<p>La r\u00e9f\u00e9rence dans ce site Web \u00e0 des produits, processus ou services commerciaux sp\u00e9cifiques par nom commercial, marque d\u00e9pos\u00e9e, fabricant ou autre, ne constitue pas n\u00e9cessairement ou n&rsquo;implique pas son approbation, sa recommandation ou sa promotion par Bax. Les points de vue et opinions des auteurs exprim\u00e9s ici ne refl\u00e8tent pas n\u00e9cessairement ceux de Bax et ne doivent pas \u00eatre utilis\u00e9s \u00e0 des fins de publicit\u00e9 ou de promotion de produits.<\/p>\n\t\t\t\t\t\t\t\t<\/div>\n\t\t\t\t<\/div>\n\t\t\t\t<div data-dce-text-color=\"#00B398\" class=\"elementor-element elementor-element-390d8222 elementor-widget elementor-widget-text-editor\" data-id=\"390d8222\" data-element_type=\"widget\" data-e-type=\"widget\" data-widget_type=\"text-editor.default\">\n\t\t\t\t<div class=\"elementor-widget-container\">\n\t\t\t\t\t\t\t\t\t<ol start=\"4\">\n<li><strong>Aucune responsabilit\u00e9 pour les autres sites web<\/strong><\/li>\n<\/ol>\n\t\t\t\t\t\t\t\t<\/div>\n\t\t\t\t<\/div>\n\t\t\t\t<div data-dce-text-color=\"#062A32\" class=\"elementor-element elementor-element-4fee203f elementor-widget elementor-widget-text-editor\" data-id=\"4fee203f\" data-element_type=\"widget\" data-e-type=\"widget\" data-widget_type=\"text-editor.default\">\n\t\t\t\t<div class=\"elementor-widget-container\">\n\t\t\t\t\t\t\t\t\t<p>Lorsque vous acc\u00e9dez \u00e0 d&rsquo;autres sites web externes par le biais d&rsquo;un lien depuis le site web de Bax, veuillez noter que Bax n&rsquo;a aucun contr\u00f4le sur le contenu des sites web externes. Les liens vers des sites web externes sont fournis uniquement pour des raisons de commodit\u00e9 et ne doivent pas \u00eatre consid\u00e9r\u00e9s comme une approbation par Bax du contenu ou des pratiques de ces sites web externes, pour lesquels Bax n&rsquo;assume aucune responsabilit\u00e9.<\/p>\n\t\t\t\t\t\t\t\t<\/div>\n\t\t\t\t<\/div>\n\t\t\t\t<div data-dce-text-color=\"#00B398\" class=\"elementor-element elementor-element-79fefd70 elementor-widget elementor-widget-text-editor\" data-id=\"79fefd70\" data-element_type=\"widget\" data-e-type=\"widget\" data-widget_type=\"text-editor.default\">\n\t\t\t\t<div class=\"elementor-widget-container\">\n\t\t\t\t\t\t\t\t\t<ol start=\"5\">\n<li><strong>Soci\u00e9t\u00e9s et produits tiers (r\u00e9els et fictifs)<\/strong><\/li>\n<\/ol>\n\t\t\t\t\t\t\t\t<\/div>\n\t\t\t\t<\/div>\n\t\t\t\t<div data-dce-text-color=\"#062A32\" class=\"elementor-element elementor-element-2281697 elementor-widget elementor-widget-text-editor\" data-id=\"2281697\" data-element_type=\"widget\" data-e-type=\"widget\" data-widget_type=\"text-editor.default\">\n\t\t\t\t<div class=\"elementor-widget-container\">\n\t\t\t\t\t\t\t\t\t<p>Toute r\u00e9f\u00e9rence ou mention \u00e0 des entreprises et\/ou produits de tiers sur le site web de Bax n&rsquo;est faite qu&rsquo;\u00e0 titre purement informatif. Ces informations ne constituent ni une approbation ni une recommandation. Sauf indication contraire, tous les produits et\/ou services de tiers doivent \u00eatre command\u00e9s directement aupr\u00e8s du vendeur et toutes les licences et garanties sont accord\u00e9es entre vous et le vendeur. Bax d\u00e9cline toute responsabilit\u00e9 quant \u00e0 l&rsquo;utilisation ou la mauvaise utilisation de soci\u00e9t\u00e9s tierces et de leurs produits et\/ou services.<\/p>\n\t\t\t\t\t\t\t\t<\/div>\n\t\t\t\t<\/div>\n\t\t\t\t<div data-dce-text-color=\"#00B398\" class=\"elementor-element elementor-element-242620e elementor-widget elementor-widget-text-editor\" data-id=\"242620e\" data-element_type=\"widget\" data-e-type=\"widget\" data-widget_type=\"text-editor.default\">\n\t\t\t\t<div class=\"elementor-widget-container\">\n\t\t\t\t\t\t\t\t\t<ol start=\"6\">\n<li><strong>D\u00e9clarations prospectives<\/strong><\/li>\n<\/ol>\n\t\t\t\t\t\t\t\t<\/div>\n\t\t\t\t<\/div>\n\t\t\t\t<div data-dce-text-color=\"#062A32\" class=\"elementor-element elementor-element-5cbf15c9 elementor-widget elementor-widget-text-editor\" data-id=\"5cbf15c9\" data-element_type=\"widget\" data-e-type=\"widget\" data-widget_type=\"text-editor.default\">\n\t\t\t\t<div class=\"elementor-widget-container\">\n\t\t\t\t\t\t\t\t\t<p>Ce site web contient des d\u00e9clarations pr\u00e9visionnelles bas\u00e9es sur les convictions de la direction de Bax. Lorsqu&rsquo;ils sont utilis\u00e9s sur ce site web, des termes tels que \u00ab\u00a0anticiper\u00a0\u00bb, \u00ab\u00a0croire\u00a0\u00bb, \u00ab\u00a0estimer\u00a0\u00bb, \u00ab\u00a0s&rsquo;attendre \u00e0\u00a0\u00bb, \u00ab\u00a0avoir l&rsquo;intention de\u00a0\u00bb, \u00ab\u00a0planifier\u00a0\u00bb et \u00ab\u00a0projeter\u00a0\u00bb sont destin\u00e9s \u00e0 identifier les d\u00e9clarations prospectives. Ces d\u00e9clarations refl\u00e8tent le point de vue de Bax \u00e0 la date \u00e0 laquelle elles ont \u00e9t\u00e9 faites concernant des \u00e9v\u00e9nements futurs et sont soumises \u00e0 des risques et \u00e0 des incertitudes. De nombreux facteurs pourraient faire en sorte que les r\u00e9sultats r\u00e9els soient mat\u00e9riellement diff\u00e9rents de ceux projet\u00e9s ici, y compris, entre autres, des changements dans les conditions \u00e9conomiques et commerciales g\u00e9n\u00e9rales, des changements dans les taux de change et les taux d&rsquo;int\u00e9r\u00eat, l&rsquo;introduction de produits concurrents, le manque d&rsquo;acceptation de nouveaux produits ou services et des changements dans la strat\u00e9gie de l&rsquo;entreprise. Bax d\u00e9cline toute intention ou obligation de mettre \u00e0 jour ces d\u00e9clarations pr\u00e9visionnelles.<\/p><\/p>\n\t\t\t\t\t\t\t\t<\/div>\n\t\t\t\t<\/div>\n\t\t\t\t\t<\/div>\n\t\t\t\t<\/div>\n\t\t\t\t<\/div>\n\t\t","protected":false},"excerpt":{"rendered":"<p>Clause de non-responsabilit\u00e9 Aucune responsabilit\u00e9 en cas d&rsquo;erreur ou d&rsquo;omission Les informations contenues dans ce site Web ont \u00e9t\u00e9 fournies par Bax Innovation Consulting, S.L. trading as Bax (ci-apr\u00e8s \u00ab\u00a0Bax\u00a0\u00bb) \u00e0 des fins d&rsquo;information uniquement. Ces informations ne constituent pas un avis juridique, professionnel ou commercial. Bien que toutes les pr\u00e9cautions aient \u00e9t\u00e9 prises pour [&hellip;]<\/p>\n","protected":false},"author":4,"featured_media":5241,"parent":0,"menu_order":0,"comment_status":"closed","ping_status":"closed","template":"","meta":{"_acf_changed":false,"_monsterinsights_skip_tracking":false,"_monsterinsights_sitenote_active":false,"_monsterinsights_sitenote_note":"","_monsterinsights_sitenote_category":0,"footnotes":""},"class_list":["post-5833","page","type-page","status-publish","has-post-thumbnail","hentry"],"acf":[],"yoast_head":"<!-- This site is optimized with the Yoast SEO plugin v27.4 - https:\/\/yoast.com\/product\/yoast-seo-wordpress\/ -->\n<title>Clause de non-responsabilit\u00e9 - Bax<\/title>\n<meta name=\"robots\" content=\"index, follow, max-snippet:-1, max-image-preview:large, max-video-preview:-1\" \/>\n<link rel=\"canonical\" href=\"https:\/\/baxcompany.com\/fr\/clause-de-non-responsabilite\/\" \/>\n<meta property=\"og:locale\" content=\"fr_FR\" \/>\n<meta property=\"og:type\" content=\"article\" \/>\n<meta property=\"og:title\" content=\"Clause de non-responsabilit\u00e9 - Bax\" \/>\n<meta property=\"og:description\" content=\"Clause de non-responsabilit\u00e9 Aucune responsabilit\u00e9 en cas d&rsquo;erreur ou d&rsquo;omission Les informations contenues dans ce site Web ont \u00e9t\u00e9 fournies par Bax Innovation Consulting, S.L. trading as Bax (ci-apr\u00e8s \u00ab\u00a0Bax\u00a0\u00bb) \u00e0 des fins d&rsquo;information uniquement. Ces informations ne constituent pas un avis juridique, professionnel ou commercial. Bien que toutes les pr\u00e9cautions aient \u00e9t\u00e9 prises pour [&hellip;]\" \/>\n<meta property=\"og:url\" content=\"https:\/\/baxcompany.com\/fr\/clause-de-non-responsabilite\/\" \/>\n<meta property=\"og:site_name\" content=\"Bax\" \/>\n<meta property=\"article:modified_time\" content=\"2026-03-09T14:36:06+00:00\" \/>\n<meta property=\"og:image\" content=\"https:\/\/baxcompany.com\/wp-content\/uploads\/2024\/05\/bax-banner-article-black.jpg\" \/>\n\t<meta property=\"og:image:width\" content=\"1200\" \/>\n\t<meta property=\"og:image:height\" content=\"825\" \/>\n\t<meta property=\"og:image:type\" content=\"image\/jpeg\" \/>\n<meta name=\"twitter:card\" content=\"summary_large_image\" \/>\n<meta name=\"twitter:label1\" content=\"Dur\u00e9e de lecture estim\u00e9e\" \/>\n\t<meta name=\"twitter:data1\" content=\"4 minutes\" \/>\n<script type=\"application\/ld+json\" class=\"yoast-schema-graph\">{\"@context\":\"https:\\\/\\\/schema.org\",\"@graph\":[{\"@type\":\"WebPage\",\"@id\":\"https:\\\/\\\/baxcompany.com\\\/fr\\\/clause-de-non-responsabilite\\\/\",\"url\":\"https:\\\/\\\/baxcompany.com\\\/fr\\\/clause-de-non-responsabilite\\\/\",\"name\":\"Clause de non-responsabilit\u00e9 - Bax\",\"isPartOf\":{\"@id\":\"https:\\\/\\\/baxcompany.com\\\/fr\\\/#website\"},\"primaryImageOfPage\":{\"@id\":\"https:\\\/\\\/baxcompany.com\\\/fr\\\/clause-de-non-responsabilite\\\/#primaryimage\"},\"image\":{\"@id\":\"https:\\\/\\\/baxcompany.com\\\/fr\\\/clause-de-non-responsabilite\\\/#primaryimage\"},\"thumbnailUrl\":\"https:\\\/\\\/baxcompany.com\\\/wp-content\\\/uploads\\\/2024\\\/05\\\/bax-banner-article-black.jpg\",\"datePublished\":\"2024-05-09T10:55:35+00:00\",\"dateModified\":\"2026-03-09T14:36:06+00:00\",\"breadcrumb\":{\"@id\":\"https:\\\/\\\/baxcompany.com\\\/fr\\\/clause-de-non-responsabilite\\\/#breadcrumb\"},\"inLanguage\":\"fr-FR\",\"potentialAction\":[{\"@type\":\"ReadAction\",\"target\":[\"https:\\\/\\\/baxcompany.com\\\/fr\\\/clause-de-non-responsabilite\\\/\"]}]},{\"@type\":\"ImageObject\",\"inLanguage\":\"fr-FR\",\"@id\":\"https:\\\/\\\/baxcompany.com\\\/fr\\\/clause-de-non-responsabilite\\\/#primaryimage\",\"url\":\"https:\\\/\\\/baxcompany.com\\\/wp-content\\\/uploads\\\/2024\\\/05\\\/bax-banner-article-black.jpg\",\"contentUrl\":\"https:\\\/\\\/baxcompany.com\\\/wp-content\\\/uploads\\\/2024\\\/05\\\/bax-banner-article-black.jpg\",\"width\":1200,\"height\":825},{\"@type\":\"BreadcrumbList\",\"@id\":\"https:\\\/\\\/baxcompany.com\\\/fr\\\/clause-de-non-responsabilite\\\/#breadcrumb\",\"itemListElement\":[{\"@type\":\"ListItem\",\"position\":1,\"name\":\"Home\",\"item\":\"https:\\\/\\\/baxcompany.com\\\/fr\\\/home\\\/\"},{\"@type\":\"ListItem\",\"position\":2,\"name\":\"Clause de non-responsabilit\u00e9\"}]},{\"@type\":\"WebSite\",\"@id\":\"https:\\\/\\\/baxcompany.com\\\/fr\\\/#website\",\"url\":\"https:\\\/\\\/baxcompany.com\\\/fr\\\/\",\"name\":\"Bax\",\"description\":\"Innovation consultancy specialising in pilots, funding and collaborations\",\"publisher\":{\"@id\":\"https:\\\/\\\/baxcompany.com\\\/fr\\\/#organization\"},\"potentialAction\":[{\"@type\":\"SearchAction\",\"target\":{\"@type\":\"EntryPoint\",\"urlTemplate\":\"https:\\\/\\\/baxcompany.com\\\/fr\\\/?s={search_term_string}\"},\"query-input\":{\"@type\":\"PropertyValueSpecification\",\"valueRequired\":true,\"valueName\":\"search_term_string\"}}],\"inLanguage\":\"fr-FR\"},{\"@type\":\"Organization\",\"@id\":\"https:\\\/\\\/baxcompany.com\\\/fr\\\/#organization\",\"name\":\"Bax\",\"url\":\"https:\\\/\\\/baxcompany.com\\\/fr\\\/\",\"logo\":{\"@type\":\"ImageObject\",\"inLanguage\":\"fr-FR\",\"@id\":\"https:\\\/\\\/baxcompany.com\\\/fr\\\/#\\\/schema\\\/logo\\\/image\\\/\",\"url\":\"https:\\\/\\\/baxcompany.com\\\/wp-content\\\/uploads\\\/2024\\\/05\\\/cropped-Bax-favicon.png\",\"contentUrl\":\"https:\\\/\\\/baxcompany.com\\\/wp-content\\\/uploads\\\/2024\\\/05\\\/cropped-Bax-favicon.png\",\"width\":512,\"height\":512,\"caption\":\"Bax\"},\"image\":{\"@id\":\"https:\\\/\\\/baxcompany.com\\\/fr\\\/#\\\/schema\\\/logo\\\/image\\\/\"}}]}<\/script>\n<!-- \/ Yoast SEO plugin. -->","yoast_head_json":{"title":"Clause de non-responsabilit\u00e9 - Bax","robots":{"index":"index","follow":"follow","max-snippet":"max-snippet:-1","max-image-preview":"max-image-preview:large","max-video-preview":"max-video-preview:-1"},"canonical":"https:\/\/baxcompany.com\/fr\/clause-de-non-responsabilite\/","og_locale":"fr_FR","og_type":"article","og_title":"Clause de non-responsabilit\u00e9 - Bax","og_description":"Clause de non-responsabilit\u00e9 Aucune responsabilit\u00e9 en cas d&rsquo;erreur ou d&rsquo;omission Les informations contenues dans ce site Web ont \u00e9t\u00e9 fournies par Bax Innovation Consulting, S.L. trading as Bax (ci-apr\u00e8s \u00ab\u00a0Bax\u00a0\u00bb) \u00e0 des fins d&rsquo;information uniquement. Ces informations ne constituent pas un avis juridique, professionnel ou commercial. Bien que toutes les pr\u00e9cautions aient \u00e9t\u00e9 prises pour [&hellip;]","og_url":"https:\/\/baxcompany.com\/fr\/clause-de-non-responsabilite\/","og_site_name":"Bax","article_modified_time":"2026-03-09T14:36:06+00:00","og_image":[{"width":1200,"height":825,"url":"https:\/\/baxcompany.com\/wp-content\/uploads\/2024\/05\/bax-banner-article-black.jpg","type":"image\/jpeg"}],"twitter_card":"summary_large_image","twitter_misc":{"Dur\u00e9e de lecture estim\u00e9e":"4 minutes"},"schema":{"@context":"https:\/\/schema.org","@graph":[{"@type":"WebPage","@id":"https:\/\/baxcompany.com\/fr\/clause-de-non-responsabilite\/","url":"https:\/\/baxcompany.com\/fr\/clause-de-non-responsabilite\/","name":"Clause de non-responsabilit\u00e9 - Bax","isPartOf":{"@id":"https:\/\/baxcompany.com\/fr\/#website"},"primaryImageOfPage":{"@id":"https:\/\/baxcompany.com\/fr\/clause-de-non-responsabilite\/#primaryimage"},"image":{"@id":"https:\/\/baxcompany.com\/fr\/clause-de-non-responsabilite\/#primaryimage"},"thumbnailUrl":"https:\/\/baxcompany.com\/wp-content\/uploads\/2024\/05\/bax-banner-article-black.jpg","datePublished":"2024-05-09T10:55:35+00:00","dateModified":"2026-03-09T14:36:06+00:00","breadcrumb":{"@id":"https:\/\/baxcompany.com\/fr\/clause-de-non-responsabilite\/#breadcrumb"},"inLanguage":"fr-FR","potentialAction":[{"@type":"ReadAction","target":["https:\/\/baxcompany.com\/fr\/clause-de-non-responsabilite\/"]}]},{"@type":"ImageObject","inLanguage":"fr-FR","@id":"https:\/\/baxcompany.com\/fr\/clause-de-non-responsabilite\/#primaryimage","url":"https:\/\/baxcompany.com\/wp-content\/uploads\/2024\/05\/bax-banner-article-black.jpg","contentUrl":"https:\/\/baxcompany.com\/wp-content\/uploads\/2024\/05\/bax-banner-article-black.jpg","width":1200,"height":825},{"@type":"BreadcrumbList","@id":"https:\/\/baxcompany.com\/fr\/clause-de-non-responsabilite\/#breadcrumb","itemListElement":[{"@type":"ListItem","position":1,"name":"Home","item":"https:\/\/baxcompany.com\/fr\/home\/"},{"@type":"ListItem","position":2,"name":"Clause de non-responsabilit\u00e9"}]},{"@type":"WebSite","@id":"https:\/\/baxcompany.com\/fr\/#website","url":"https:\/\/baxcompany.com\/fr\/","name":"Bax","description":"Innovation consultancy specialising in pilots, funding and collaborations","publisher":{"@id":"https:\/\/baxcompany.com\/fr\/#organization"},"potentialAction":[{"@type":"SearchAction","target":{"@type":"EntryPoint","urlTemplate":"https:\/\/baxcompany.com\/fr\/?s={search_term_string}"},"query-input":{"@type":"PropertyValueSpecification","valueRequired":true,"valueName":"search_term_string"}}],"inLanguage":"fr-FR"},{"@type":"Organization","@id":"https:\/\/baxcompany.com\/fr\/#organization","name":"Bax","url":"https:\/\/baxcompany.com\/fr\/","logo":{"@type":"ImageObject","inLanguage":"fr-FR","@id":"https:\/\/baxcompany.com\/fr\/#\/schema\/logo\/image\/","url":"https:\/\/baxcompany.com\/wp-content\/uploads\/2024\/05\/cropped-Bax-favicon.png","contentUrl":"https:\/\/baxcompany.com\/wp-content\/uploads\/2024\/05\/cropped-Bax-favicon.png","width":512,"height":512,"caption":"Bax"},"image":{"@id":"https:\/\/baxcompany.com\/fr\/#\/schema\/logo\/image\/"}}]}},"jetpack_sharing_enabled":true,"_links":{"self":[{"href":"https:\/\/baxcompany.com\/fr\/wp-json\/wp\/v2\/pages\/5833","targetHints":{"allow":["GET"]}}],"collection":[{"href":"https:\/\/baxcompany.com\/fr\/wp-json\/wp\/v2\/pages"}],"about":[{"href":"https:\/\/baxcompany.com\/fr\/wp-json\/wp\/v2\/types\/page"}],"author":[{"embeddable":true,"href":"https:\/\/baxcompany.com\/fr\/wp-json\/wp\/v2\/users\/4"}],"replies":[{"embeddable":true,"href":"https:\/\/baxcompany.com\/fr\/wp-json\/wp\/v2\/comments?post=5833"}],"version-history":[{"count":1,"href":"https:\/\/baxcompany.com\/fr\/wp-json\/wp\/v2\/pages\/5833\/revisions"}],"predecessor-version":[{"id":5834,"href":"https:\/\/baxcompany.com\/fr\/wp-json\/wp\/v2\/pages\/5833\/revisions\/5834"}],"wp:featuredmedia":[{"embeddable":true,"href":"https:\/\/baxcompany.com\/fr\/wp-json\/wp\/v2\/media\/5241"}],"wp:attachment":[{"href":"https:\/\/baxcompany.com\/fr\/wp-json\/wp\/v2\/media?parent=5833"}],"curies":[{"name":"wp","href":"https:\/\/api.w.org\/{rel}","templated":true}]}}