{"id":13315,"date":"2024-11-29T17:31:22","date_gmt":"2024-11-29T16:31:22","guid":{"rendered":"https:\/\/baxcompany.com\/?page_id=13315"},"modified":"2025-02-27T13:42:46","modified_gmt":"2025-02-27T12:42:46","slug":"cookiebeleid-2","status":"publish","type":"page","link":"https:\/\/baxcompany.com\/nl\/cookiebeleid-2\/","title":{"rendered":"Gebruiksvoorwaarden"},"content":{"rendered":"\t\t<div data-elementor-type=\"wp-page\" data-elementor-id=\"13315\" class=\"elementor elementor-13315 elementor-13314\" data-elementor-post-type=\"page\">\n\t\t\t\t<div class=\"elementor-element elementor-element-198e331b e-flex e-con-boxed e-con e-parent\" data-id=\"198e331b\" data-element_type=\"container\" data-e-type=\"container\">\n\t\t\t\t\t<div class=\"e-con-inner\">\n\t\t\t\t<div data-dce-text-color=\"#062A32\" class=\"elementor-element elementor-element-289ffdc3 elementor-widget elementor-widget-text-editor\" data-id=\"289ffdc3\" data-element_type=\"widget\" data-e-type=\"widget\" data-widget_type=\"text-editor.default\">\n\t\t\t\t<div class=\"elementor-widget-container\">\n\t\t\t\t\t\t\t\t\t<p>Gebruiksvoorwaarden<\/p>\n\t\t\t\t\t\t\t\t<\/div>\n\t\t\t\t<\/div>\n\t\t\t\t<div data-dce-text-color=\"#062A32\" class=\"elementor-element elementor-element-192e3b0 elementor-widget elementor-widget-text-editor\" data-id=\"192e3b0\" data-element_type=\"widget\" data-e-type=\"widget\" data-widget_type=\"text-editor.default\">\n\t\t\t\t<div class=\"elementor-widget-container\">\n\t\t\t\t\t\t\t\t\t<p>Bax Innovation Consulting SL en aan haar gelieerde ondernemingen (&#8220;Bax&#8221; of &#8220;wij&#8221;) bieden inhoud aan op hun websites of toepassingen waarop een koppeling naar deze Gebruiksvoorwaarden is geplaatst (de &#8220;Site&#8221;) onder de volgende voorwaarden en bepalingen (de &#8220;Voorwaarden&#8221;). We kunnen deze Voorwaarden periodiek en zonder voorafgaande kennisgeving bijwerken, dus controleer deze van tijd tot tijd. Deze Voorwaarden zijn voor het laatst bijgewerkt op 29 november 2024. Door deze Site te bezoeken en te gebruiken, gaat u akkoord met deze Voorwaarden. Raadpleeg ons Privacybeleid voor een uitleg van de praktijken en het beleid van Bax met betrekking tot het verzamelen, gebruiken en opslaan van gegevens van onze gebruikers.    <\/p>\n\t\t\t\t\t\t\t\t<\/div>\n\t\t\t\t<\/div>\n\t\t\t\t<div data-dce-text-color=\"#00B398\" class=\"elementor-element elementor-element-3b7477a2 elementor-widget elementor-widget-text-editor\" data-id=\"3b7477a2\" data-element_type=\"widget\" data-e-type=\"widget\" data-widget_type=\"text-editor.default\">\n\t\t\t\t<div class=\"elementor-widget-container\">\n\t\t\t\t\t\t\t\t\t<p><b>1) Auteursrechten<\/b><\/p>\n\t\t\t\t\t\t\t\t<\/div>\n\t\t\t\t<\/div>\n\t\t\t\t<div data-dce-text-color=\"#062A32\" class=\"elementor-element elementor-element-4e58ff4b elementor-widget elementor-widget-text-editor\" data-id=\"4e58ff4b\" data-element_type=\"widget\" data-e-type=\"widget\" data-widget_type=\"text-editor.default\">\n\t\t\t\t<div class=\"elementor-widget-container\">\n\t\t\t\t\t\t\t\t\t<p>Alle inhoud en functionaliteit op de Site, met inbegrip van tekst, grafische voorstellingen, logo&#8217;s, pictogrammen, afbeeldingen en video&#8217;s, evenals de selectie en indeling daarvan, naast alle concepten, knowhow, hulpmiddelen, kaders, software, toepassingen of andere technologie, algoritmen, modellen, processen en industrieperspectieven die ten grondslag liggen aan of zijn opgenomen in het voorgaande, samen met eventuele verbeteringen of afgeleide werken daarvan (de &#8220;Site-inhoud&#8221;), is het exclusieve eigendom van Bax of haar licentiegevers en wordt, voor zover van toepassing, beschermd door internationale auteursrechtwetten. Noch de Site-inhoud, noch de functionaliteit van de Site mag worden gekopieerd, gereproduceerd, gewijzigd, reverse-engineered, gewijzigd (met inbegrip van het verwijderen of uitschakelen van beveiligings- of technologische beveiligingen, disclaimers of legenda&#8217;s), ge\u00fcpload, gepubliceerd, verzonden of gedistribueerd op welke wijze dan ook zonder onze schriftelijke toestemming, met uitzondering van het gebruik dat wordt gespecificeerd in Paragraaf 3 &#8211; Gebruik van Site-inhoud. Alle niet uitdrukkelijk verleende rechten zijn voorbehouden.  <\/p>\n\t\t\t\t\t\t\t\t<\/div>\n\t\t\t\t<\/div>\n\t\t\t\t<div data-dce-text-color=\"#00B398\" class=\"elementor-element elementor-element-1f65521a elementor-widget elementor-widget-text-editor\" data-id=\"1f65521a\" data-element_type=\"widget\" data-e-type=\"widget\" data-widget_type=\"text-editor.default\">\n\t\t\t\t<div class=\"elementor-widget-container\">\n\t\t\t\t\t\t\t\t\t<p><b>2) Handelsmerken<\/b><\/p>\n\t\t\t\t\t\t\t\t<\/div>\n\t\t\t\t<\/div>\n\t\t\t\t<div data-dce-text-color=\"#062A32\" class=\"elementor-element elementor-element-f69c204 elementor-widget elementor-widget-text-editor\" data-id=\"f69c204\" data-element_type=\"widget\" data-e-type=\"widget\" data-widget_type=\"text-editor.default\">\n\t\t\t\t<div class=\"elementor-widget-container\">\n\t\t\t\t\t\t\t\t\t<p>Het Bax merk en logo is een geregistreerd handelsmerk, beschermd onder <a href=\"https:\/\/euipo.europa.eu\/eSearch\/#details\/trademarks\/019011805\">EUIPO nummer 19011805.<\/a> Elk ongeoorloofd gebruik van het merk of logo van Bax is strikt verboden en kan leiden tot juridische stappen. <\/p>\n\t\t\t\t\t\t\t\t<\/div>\n\t\t\t\t<\/div>\n\t\t\t\t<div data-dce-text-color=\"#00B398\" class=\"elementor-element elementor-element-37acadc8 elementor-widget elementor-widget-text-editor\" data-id=\"37acadc8\" data-element_type=\"widget\" data-e-type=\"widget\" data-widget_type=\"text-editor.default\">\n\t\t\t\t<div class=\"elementor-widget-container\">\n\t\t\t\t\t\t\t\t\t<p><b>3) Gebruik van Site-inhoud<\/b><\/p>\n\t\t\t\t\t\t\t\t<\/div>\n\t\t\t\t<\/div>\n\t\t\t\t<div data-dce-text-color=\"#062A32\" class=\"elementor-element elementor-element-4f382a43 elementor-widget elementor-widget-text-editor\" data-id=\"4f382a43\" data-element_type=\"widget\" data-e-type=\"widget\" data-widget_type=\"text-editor.default\">\n\t\t\t\t<div class=\"elementor-widget-container\">\n\t\t\t\t\t\t\t\t\t<p>Bax verleent u een beperkte, niet-exclusieve, niet-overdraagbare, herroepbare licentie voor het openen, downloaden, weergeven en afdrukken van \u00e9\u00e9n exemplaar van de Site-inhoud op \u00e9\u00e9n apparaat, uitsluitend voor intern zakelijk gebruik, op voorwaarde dat u de Site-inhoud op geen enkele wijze wijzigt (met inbegrip van het maken van afgeleide werken), alle auteursrecht- en eigendomsvermeldingen op de Site-inhoud behoudt en deze Voorwaarden verder naleeft. U mag de Site-inhoud niet reproduceren, wijzigen, reverse-engineeren, distribueren, verzenden, publiceren of openbaar maken zonder voorafgaande schriftelijke toestemming van Bax. Daarnaast mag u de Site-inhoud of een deel daarvan niet &#8220;spiegelen&#8221; zonder de uitdrukkelijke schriftelijke toestemming van Bax. Niets op deze Site verleent, direct of indirect, een licentie of recht om intellectuele eigendommen van Bax te gebruiken anders dan uitdrukkelijk hierin uiteengezet. De in dit artikel verleende licentie wordt automatisch en onmiddellijk be\u00ebindigd als u zich niet aan deze voorwaarden houdt.    <\/p>\n\t\t\t\t\t\t\t\t<\/div>\n\t\t\t\t<\/div>\n\t\t\t\t<div data-dce-text-color=\"#00B398\" class=\"elementor-element elementor-element-6828a9a2 elementor-widget elementor-widget-text-editor\" data-id=\"6828a9a2\" data-element_type=\"widget\" data-e-type=\"widget\" data-widget_type=\"text-editor.default\">\n\t\t\t\t<div class=\"elementor-widget-container\">\n\t\t\t\t\t\t\t\t\t<p><b>4) Disclaimers<\/b><\/p>\n\t\t\t\t\t\t\t\t<\/div>\n\t\t\t\t<\/div>\n\t\t\t\t<div data-dce-text-color=\"#062A32\" class=\"elementor-element elementor-element-6fa14f84 elementor-widget elementor-widget-text-editor\" data-id=\"6fa14f84\" data-element_type=\"widget\" data-e-type=\"widget\" data-widget_type=\"text-editor.default\">\n\t\t\t\t<div class=\"elementor-widget-container\">\n\t\t\t\t\t\t\t\t\t<p>De Site-inhoud wordt geleverd in de staat waarin deze zich bevindt, zonder enige vorm van garantie, hetzij expliciet of impliciet, met inbegrip van maar niet beperkt tot impliciete garanties van verkoopbaarheid of geschiktheid voor een bepaald doel. Bax en haar externe contentaanbieders geven geen garanties met betrekking tot de nauwkeurigheid of geschiktheid van de Site-inhoud en zijn niet aansprakelijk voor schade die voortvloeit uit uw gebruik van de Site of gekoppelde websites. <\/p>\n\t\t\t\t\t\t\t\t<\/div>\n\t\t\t\t<\/div>\n\t\t\t\t<div data-dce-text-color=\"#00B398\" class=\"elementor-element elementor-element-6f82dc99 elementor-widget elementor-widget-text-editor\" data-id=\"6f82dc99\" data-element_type=\"widget\" data-e-type=\"widget\" data-widget_type=\"text-editor.default\">\n\t\t\t\t<div class=\"elementor-widget-container\">\n\t\t\t\t\t\t\t\t\t<p><b>5) Vrijwaring<\/b><\/p>\n\t\t\t\t\t\t\t\t<\/div>\n\t\t\t\t<\/div>\n\t\t\t\t<div data-dce-text-color=\"#062A32\" class=\"elementor-element elementor-element-7e009a74 elementor-widget elementor-widget-text-editor\" data-id=\"7e009a74\" data-element_type=\"widget\" data-e-type=\"widget\" data-widget_type=\"text-editor.default\">\n\t\t\t\t<div class=\"elementor-widget-container\">\n\t\t\t\t\t\t\t\t\t<p>U stemt ermee in Bax, aan haar gelieerde ondernemingen, functionarissen, directeuren, medewerkers en agenten schadeloos te stellen en te vrijwaren van alle claims, aansprakelijkheden, schade, verliezen of onkosten die voortvloeien uit uw gebruik van de Site of schending van deze Voorwaarden. Bax behoudt zich het recht voor de exclusieve verdediging op zich te nemen van alle zaken die onder de schadeloosstelling door u vallen. <\/p>\n\t\t\t\t\t\t\t\t<\/div>\n\t\t\t\t<\/div>\n\t\t\t\t<div data-dce-text-color=\"#00B398\" class=\"elementor-element elementor-element-3b1a78c6 elementor-widget elementor-widget-text-editor\" data-id=\"3b1a78c6\" data-element_type=\"widget\" data-e-type=\"widget\" data-widget_type=\"text-editor.default\">\n\t\t\t\t<div class=\"elementor-widget-container\">\n\t\t\t\t\t\t\t\t\t<p><b>6) <\/b><span style=\"text-align: var(--text-align);\"><b>Websites en leveranciers van derden<\/b><\/span><\/p>\n\t\t\t\t\t\t\t\t<\/div>\n\t\t\t\t<\/div>\n\t\t\t\t<div data-dce-text-color=\"#062A32\" class=\"elementor-element elementor-element-900c103 elementor-widget elementor-widget-text-editor\" data-id=\"900c103\" data-element_type=\"widget\" data-e-type=\"widget\" data-widget_type=\"text-editor.default\">\n\t\t\t\t<div class=\"elementor-widget-container\">\n\t\t\t\t\t\t\t\t\t<p>De Site kan links bevatten naar websites of inhoud van derden. Bax is niet verantwoordelijk voor dergelijke inhoud of websites, waarvoor hun eigen voorwaarden en privacybeleid gelden. <\/p>\n\t\t\t\t\t\t\t\t<\/div>\n\t\t\t\t<\/div>\n\t\t\t\t<div data-dce-text-color=\"#00B398\" class=\"elementor-element elementor-element-8d7bc7c elementor-widget elementor-widget-text-editor\" data-id=\"8d7bc7c\" data-element_type=\"widget\" data-e-type=\"widget\" data-widget_type=\"text-editor.default\">\n\t\t\t\t<div class=\"elementor-widget-container\">\n\t\t\t\t\t\t\t\t\t<p><b>Meer informatie<\/b><\/p>\n\t\t\t\t\t\t\t\t<\/div>\n\t\t\t\t<\/div>\n\t\t\t\t<div data-dce-text-color=\"#062A32\" class=\"elementor-element elementor-element-1a0e1c16 elementor-widget elementor-widget-text-editor\" data-id=\"1a0e1c16\" data-element_type=\"widget\" data-e-type=\"widget\" data-widget_type=\"text-editor.default\">\n\t\t\t\t<div class=\"elementor-widget-container\">\n\t\t\t\t\t\t\t\t\t<div class=\"mk-page-section-wrapper\" data-mk-full-width=\"true\" data-mk-full-width-init=\"true\" data-mk-stretch-content=\"true\">\n<div id=\"page-section-2\" class=\"mk-page-section self-hosted full_layout full-width-2 js-el js-master-row jupiter-donut- mk-in-viewport\" data-intro-effect=\"false\">\n<div class=\"page-section-content vc_row-fluid mk-grid \">\n<div class=\"mk-padding-wrapper wpb_row\">\n<div class=\"vc_col-sm-12 wpb_column column_container jupiter-donut- _ jupiter-donut-height-full\">\n<div id=\"text-block-5\" class=\"mk-text-block jupiter-donut- \">\n<p>Stuur voor meer informatie een e-mail naar <a href=\"mailto:contact@baxcompany.com\"><strong>contact@baxcompany.com<\/strong><\/a><\/p>\n<div class=\"clearboth\"> <\/div>\n<\/div>\n<\/div>\n<\/div>\n<div class=\"clearboth\"> <\/div>\n<\/div>\n<div class=\"clearboth\"> <\/div>\n<\/div>\n<\/div>\n<div class=\"vc_row-full-width vc_clearfix\"> <\/div>\n<div class=\"wpb_row vc_row vc_row-fluid jupiter-donut- mk-fullwidth-false attched-false js-master-row mk-grid mk-in-viewport\" data-mk-stretch-content=\"true\"> <\/div>\n\t\t\t\t\t\t\t\t<\/div>\n\t\t\t\t<\/div>\n\t\t\t\t\t<\/div>\n\t\t\t\t<\/div>\n\t\t\t\t<\/div>\n\t\t","protected":false},"excerpt":{"rendered":"<p>Gebruiksvoorwaarden Bax Innovation Consulting SL en aan haar gelieerde ondernemingen (&#8220;Bax&#8221; of &#8220;wij&#8221;) bieden inhoud aan op hun websites of toepassingen waarop een koppeling naar deze Gebruiksvoorwaarden is geplaatst (de &#8220;Site&#8221;) onder de volgende voorwaarden en bepalingen (de &#8220;Voorwaarden&#8221;). We kunnen deze Voorwaarden periodiek en zonder voorafgaande kennisgeving bijwerken, dus controleer deze van tijd tot [&hellip;]<\/p>\n","protected":false},"author":8,"featured_media":5240,"parent":0,"menu_order":0,"comment_status":"closed","ping_status":"closed","template":"","meta":{"_acf_changed":false,"_monsterinsights_skip_tracking":false,"_monsterinsights_sitenote_active":false,"_monsterinsights_sitenote_note":"","_monsterinsights_sitenote_category":0,"footnotes":""},"class_list":["post-13315","page","type-page","status-publish","has-post-thumbnail","hentry"],"acf":[],"yoast_head":"<!-- This site is optimized with the Yoast SEO plugin v27.5 - https:\/\/yoast.com\/product\/yoast-seo-wordpress\/ -->\n<title>Gebruiksvoorwaarden - Bax<\/title>\n<meta name=\"robots\" content=\"index, follow, max-snippet:-1, max-image-preview:large, max-video-preview:-1\" \/>\n<link rel=\"canonical\" href=\"https:\/\/baxcompany.com\/nl\/cookiebeleid-2\/\" \/>\n<meta property=\"og:locale\" content=\"nl_NL\" \/>\n<meta property=\"og:type\" content=\"article\" \/>\n<meta property=\"og:title\" content=\"Gebruiksvoorwaarden - Bax\" \/>\n<meta property=\"og:description\" content=\"Gebruiksvoorwaarden Bax Innovation Consulting SL en aan haar gelieerde ondernemingen (&#8220;Bax&#8221; of &#8220;wij&#8221;) bieden inhoud aan op hun websites of toepassingen waarop een koppeling naar deze Gebruiksvoorwaarden is geplaatst (de &#8220;Site&#8221;) onder de volgende voorwaarden en bepalingen (de &#8220;Voorwaarden&#8221;). We kunnen deze Voorwaarden periodiek en zonder voorafgaande kennisgeving bijwerken, dus controleer deze van tijd tot [&hellip;]\" \/>\n<meta property=\"og:url\" content=\"https:\/\/baxcompany.com\/nl\/cookiebeleid-2\/\" \/>\n<meta property=\"og:site_name\" content=\"Bax\" \/>\n<meta property=\"article:modified_time\" content=\"2025-02-27T12:42:46+00:00\" \/>\n<meta property=\"og:image\" content=\"https:\/\/baxcompany.com\/wp-content\/uploads\/2024\/05\/bax-banner-article-black.jpg\" \/>\n\t<meta property=\"og:image:width\" content=\"1200\" \/>\n\t<meta property=\"og:image:height\" content=\"825\" \/>\n\t<meta property=\"og:image:type\" content=\"image\/jpeg\" \/>\n<meta name=\"twitter:card\" content=\"summary_large_image\" \/>\n<meta name=\"twitter:label1\" content=\"Geschatte leestijd\" \/>\n\t<meta name=\"twitter:data1\" content=\"3 minuten\" \/>\n<script type=\"application\/ld+json\" class=\"yoast-schema-graph\">{\"@context\":\"https:\\\/\\\/schema.org\",\"@graph\":[{\"@type\":\"WebPage\",\"@id\":\"https:\\\/\\\/baxcompany.com\\\/nl\\\/cookiebeleid-2\\\/\",\"url\":\"https:\\\/\\\/baxcompany.com\\\/nl\\\/cookiebeleid-2\\\/\",\"name\":\"Gebruiksvoorwaarden - Bax\",\"isPartOf\":{\"@id\":\"https:\\\/\\\/baxcompany.com\\\/nl\\\/#website\"},\"primaryImageOfPage\":{\"@id\":\"https:\\\/\\\/baxcompany.com\\\/nl\\\/cookiebeleid-2\\\/#primaryimage\"},\"image\":{\"@id\":\"https:\\\/\\\/baxcompany.com\\\/nl\\\/cookiebeleid-2\\\/#primaryimage\"},\"thumbnailUrl\":\"https:\\\/\\\/baxcompany.com\\\/wp-content\\\/uploads\\\/2024\\\/05\\\/bax-banner-article-black.jpg\",\"datePublished\":\"2024-11-29T16:31:22+00:00\",\"dateModified\":\"2025-02-27T12:42:46+00:00\",\"breadcrumb\":{\"@id\":\"https:\\\/\\\/baxcompany.com\\\/nl\\\/cookiebeleid-2\\\/#breadcrumb\"},\"inLanguage\":\"nl-NL\",\"potentialAction\":[{\"@type\":\"ReadAction\",\"target\":[\"https:\\\/\\\/baxcompany.com\\\/nl\\\/cookiebeleid-2\\\/\"]}]},{\"@type\":\"ImageObject\",\"inLanguage\":\"nl-NL\",\"@id\":\"https:\\\/\\\/baxcompany.com\\\/nl\\\/cookiebeleid-2\\\/#primaryimage\",\"url\":\"https:\\\/\\\/baxcompany.com\\\/wp-content\\\/uploads\\\/2024\\\/05\\\/bax-banner-article-black.jpg\",\"contentUrl\":\"https:\\\/\\\/baxcompany.com\\\/wp-content\\\/uploads\\\/2024\\\/05\\\/bax-banner-article-black.jpg\",\"width\":1200,\"height\":825},{\"@type\":\"BreadcrumbList\",\"@id\":\"https:\\\/\\\/baxcompany.com\\\/nl\\\/cookiebeleid-2\\\/#breadcrumb\",\"itemListElement\":[{\"@type\":\"ListItem\",\"position\":1,\"name\":\"Home\",\"item\":\"https:\\\/\\\/baxcompany.com\\\/nl\\\/home\\\/\"},{\"@type\":\"ListItem\",\"position\":2,\"name\":\"Gebruiksvoorwaarden\"}]},{\"@type\":\"WebSite\",\"@id\":\"https:\\\/\\\/baxcompany.com\\\/nl\\\/#website\",\"url\":\"https:\\\/\\\/baxcompany.com\\\/nl\\\/\",\"name\":\"Bax\",\"description\":\"Innovation consultancy specialising in pilots, funding and collaborations\",\"publisher\":{\"@id\":\"https:\\\/\\\/baxcompany.com\\\/nl\\\/#organization\"},\"potentialAction\":[{\"@type\":\"SearchAction\",\"target\":{\"@type\":\"EntryPoint\",\"urlTemplate\":\"https:\\\/\\\/baxcompany.com\\\/nl\\\/?s={search_term_string}\"},\"query-input\":{\"@type\":\"PropertyValueSpecification\",\"valueRequired\":true,\"valueName\":\"search_term_string\"}}],\"inLanguage\":\"nl-NL\"},{\"@type\":\"Organization\",\"@id\":\"https:\\\/\\\/baxcompany.com\\\/nl\\\/#organization\",\"name\":\"Bax\",\"url\":\"https:\\\/\\\/baxcompany.com\\\/nl\\\/\",\"logo\":{\"@type\":\"ImageObject\",\"inLanguage\":\"nl-NL\",\"@id\":\"https:\\\/\\\/baxcompany.com\\\/nl\\\/#\\\/schema\\\/logo\\\/image\\\/\",\"url\":\"https:\\\/\\\/baxcompany.com\\\/wp-content\\\/uploads\\\/2024\\\/05\\\/cropped-Bax-favicon.png\",\"contentUrl\":\"https:\\\/\\\/baxcompany.com\\\/wp-content\\\/uploads\\\/2024\\\/05\\\/cropped-Bax-favicon.png\",\"width\":512,\"height\":512,\"caption\":\"Bax\"},\"image\":{\"@id\":\"https:\\\/\\\/baxcompany.com\\\/nl\\\/#\\\/schema\\\/logo\\\/image\\\/\"}}]}<\/script>\n<!-- \/ Yoast SEO plugin. -->","yoast_head_json":{"title":"Gebruiksvoorwaarden - Bax","robots":{"index":"index","follow":"follow","max-snippet":"max-snippet:-1","max-image-preview":"max-image-preview:large","max-video-preview":"max-video-preview:-1"},"canonical":"https:\/\/baxcompany.com\/nl\/cookiebeleid-2\/","og_locale":"nl_NL","og_type":"article","og_title":"Gebruiksvoorwaarden - Bax","og_description":"Gebruiksvoorwaarden Bax Innovation Consulting SL en aan haar gelieerde ondernemingen (&#8220;Bax&#8221; of &#8220;wij&#8221;) bieden inhoud aan op hun websites of toepassingen waarop een koppeling naar deze Gebruiksvoorwaarden is geplaatst (de &#8220;Site&#8221;) onder de volgende voorwaarden en bepalingen (de &#8220;Voorwaarden&#8221;). We kunnen deze Voorwaarden periodiek en zonder voorafgaande kennisgeving bijwerken, dus controleer deze van tijd tot [&hellip;]","og_url":"https:\/\/baxcompany.com\/nl\/cookiebeleid-2\/","og_site_name":"Bax","article_modified_time":"2025-02-27T12:42:46+00:00","og_image":[{"width":1200,"height":825,"url":"https:\/\/baxcompany.com\/wp-content\/uploads\/2024\/05\/bax-banner-article-black.jpg","type":"image\/jpeg"}],"twitter_card":"summary_large_image","twitter_misc":{"Geschatte leestijd":"3 minuten"},"schema":{"@context":"https:\/\/schema.org","@graph":[{"@type":"WebPage","@id":"https:\/\/baxcompany.com\/nl\/cookiebeleid-2\/","url":"https:\/\/baxcompany.com\/nl\/cookiebeleid-2\/","name":"Gebruiksvoorwaarden - Bax","isPartOf":{"@id":"https:\/\/baxcompany.com\/nl\/#website"},"primaryImageOfPage":{"@id":"https:\/\/baxcompany.com\/nl\/cookiebeleid-2\/#primaryimage"},"image":{"@id":"https:\/\/baxcompany.com\/nl\/cookiebeleid-2\/#primaryimage"},"thumbnailUrl":"https:\/\/baxcompany.com\/wp-content\/uploads\/2024\/05\/bax-banner-article-black.jpg","datePublished":"2024-11-29T16:31:22+00:00","dateModified":"2025-02-27T12:42:46+00:00","breadcrumb":{"@id":"https:\/\/baxcompany.com\/nl\/cookiebeleid-2\/#breadcrumb"},"inLanguage":"nl-NL","potentialAction":[{"@type":"ReadAction","target":["https:\/\/baxcompany.com\/nl\/cookiebeleid-2\/"]}]},{"@type":"ImageObject","inLanguage":"nl-NL","@id":"https:\/\/baxcompany.com\/nl\/cookiebeleid-2\/#primaryimage","url":"https:\/\/baxcompany.com\/wp-content\/uploads\/2024\/05\/bax-banner-article-black.jpg","contentUrl":"https:\/\/baxcompany.com\/wp-content\/uploads\/2024\/05\/bax-banner-article-black.jpg","width":1200,"height":825},{"@type":"BreadcrumbList","@id":"https:\/\/baxcompany.com\/nl\/cookiebeleid-2\/#breadcrumb","itemListElement":[{"@type":"ListItem","position":1,"name":"Home","item":"https:\/\/baxcompany.com\/nl\/home\/"},{"@type":"ListItem","position":2,"name":"Gebruiksvoorwaarden"}]},{"@type":"WebSite","@id":"https:\/\/baxcompany.com\/nl\/#website","url":"https:\/\/baxcompany.com\/nl\/","name":"Bax","description":"Innovation consultancy specialising in pilots, funding and collaborations","publisher":{"@id":"https:\/\/baxcompany.com\/nl\/#organization"},"potentialAction":[{"@type":"SearchAction","target":{"@type":"EntryPoint","urlTemplate":"https:\/\/baxcompany.com\/nl\/?s={search_term_string}"},"query-input":{"@type":"PropertyValueSpecification","valueRequired":true,"valueName":"search_term_string"}}],"inLanguage":"nl-NL"},{"@type":"Organization","@id":"https:\/\/baxcompany.com\/nl\/#organization","name":"Bax","url":"https:\/\/baxcompany.com\/nl\/","logo":{"@type":"ImageObject","inLanguage":"nl-NL","@id":"https:\/\/baxcompany.com\/nl\/#\/schema\/logo\/image\/","url":"https:\/\/baxcompany.com\/wp-content\/uploads\/2024\/05\/cropped-Bax-favicon.png","contentUrl":"https:\/\/baxcompany.com\/wp-content\/uploads\/2024\/05\/cropped-Bax-favicon.png","width":512,"height":512,"caption":"Bax"},"image":{"@id":"https:\/\/baxcompany.com\/nl\/#\/schema\/logo\/image\/"}}]}},"jetpack_sharing_enabled":true,"_links":{"self":[{"href":"https:\/\/baxcompany.com\/nl\/wp-json\/wp\/v2\/pages\/13315","targetHints":{"allow":["GET"]}}],"collection":[{"href":"https:\/\/baxcompany.com\/nl\/wp-json\/wp\/v2\/pages"}],"about":[{"href":"https:\/\/baxcompany.com\/nl\/wp-json\/wp\/v2\/types\/page"}],"author":[{"embeddable":true,"href":"https:\/\/baxcompany.com\/nl\/wp-json\/wp\/v2\/users\/8"}],"replies":[{"embeddable":true,"href":"https:\/\/baxcompany.com\/nl\/wp-json\/wp\/v2\/comments?post=13315"}],"version-history":[{"count":6,"href":"https:\/\/baxcompany.com\/nl\/wp-json\/wp\/v2\/pages\/13315\/revisions"}],"predecessor-version":[{"id":16467,"href":"https:\/\/baxcompany.com\/nl\/wp-json\/wp\/v2\/pages\/13315\/revisions\/16467"}],"wp:featuredmedia":[{"embeddable":true,"href":"https:\/\/baxcompany.com\/nl\/wp-json\/wp\/v2\/media\/5240"}],"wp:attachment":[{"href":"https:\/\/baxcompany.com\/nl\/wp-json\/wp\/v2\/media?parent=13315"}],"curies":[{"name":"wp","href":"https:\/\/api.w.org\/{rel}","templated":true}]}}